{"id":777,"date":"2020-06-11T21:30:59","date_gmt":"2020-06-11T19:30:59","guid":{"rendered":"https:\/\/nobileaccademiamediterranea.org\/?page_id=777"},"modified":"2020-06-11T21:34:16","modified_gmt":"2020-06-11T19:34:16","slug":"regolamento-premio-mons-bruno-navara","status":"publish","type":"page","link":"https:\/\/nobileaccademiamediterranea.org\/ru\/regolamento-premio-mons-bruno-navara\/","title":{"rendered":"Regolamento"},"content":{"rendered":"\n<p class=\"text-justify\"><strong>Art. 1\u00a0 &#8212; Requisiti\u00a0<\/strong><br>Il Premio Letterario \u00e8 riservato agli alunni dell\u2019ultimo anno della scuola secondaria di Primo Grado del Comune di Segni (Rm).\u00a0<br><strong>Art. 2 \u2013 Quota iscrizione\u00a0<\/strong><br>Non \u00e8 prevista quota, la partecipazione \u00e8 gratuita.\u00a0<br><strong>Art. 3 &#8212; Caratteristiche degli elaborati\u00a0<\/strong><\/p>\n\n\n\n<ul class=\"text-justify\"><li>L\u2019autore pu\u00f2 partecipare con <strong>una sola opera;<\/strong>&nbsp;<\/li><li>gli elaborati devono essere inediti, mai pubblicata o divulgata sia in forma cartacea (giornali, periodici, etc) sia sul web (social network, siti personali o privati), n\u00e9 su altri supporti; non premiati o segnalati ad altri concorsi e tale dovr\u00e0 rimanere fino alla premiazione;&nbsp;<\/li><li>I lavori devono intendersi come individuali e comprensivi di titolo. Il titolo del tema &#8212; edizione 2020 \u00e8: \u201cSegni: come era, come \u00e8, come la vorrei\u201d.&nbsp;<\/li><li>sono ammessi al concorso opere in lingua italiana; o in lingua dialettale segnina.&nbsp;<\/li><\/ul>\n\n\n\n<p><strong>Art. 4 \u2013 Modalit\u00e0&nbsp;<\/strong><\/p>\n\n\n\n<ul class=\"text-justify\"><li>gli elaborati devono essere inviati in forma cartacea in 6 copie completamente anonime (possibilmente in formato A4), dattiloscritte, carattere New Times Roman 12, interlinea 1,5, di lunghezza minima di due fogli, i &nbsp; manoscritti verranno esclusi; solo per la prima edizione del premio, causa tempi brevi, verranno accettati anche i manoscritti.&nbsp;<\/li><li>le opere, corredate del titolo, non devono essere firmate, ma inviate unitamente ad una seconda busta chiusa contenente: nome e cognome dell\u2019autore\/i, classe di appartenenza;&nbsp;<\/li><li>il testo non deve contenere nomi, descrizioni o altro che possano identificare l\u2019autore;&nbsp;<\/li><li>l&#8217;autore sar\u00e0 responsabile nei confronti di persone che si riterranno coinvolte e\/o riconoscibili nella trama del racconto e alle quali l&#8217;autore stesso non ha loro inoltrato richiesta di autorizzazione;&nbsp;<\/li><li>il contenuto delle opere deve essere moralmente responsabile; senza offendere i valori etici, culturali e religiosi e privo di termini di dubbio gusto, pena immediata eliminazione. Opere che presentano volgarit\u00e0, discriminazione o razzismo saranno escluse dal concorso;&nbsp;<\/li><\/ul>\n\n\n\n<p class=\"text-justify\">&nbsp; Nello stesso plico, in busta chiusa, inserire apposita scheda di partecipazione firmata, allegata al presente regolamento in cui risulti:&nbsp;<\/p>\n\n\n\n<ul class=\"text-justify\"><li>la dichiarazione di testo inedito e paternit\u00e0 dell\u2019opera;&nbsp;<\/li><li>l\u2019autorizzazione al trattamento dei dati personali ai sensi della normativa vigente; &nbsp;<\/li><li>l\u2019indicazione precisa dei dati suddetti (nome, cognome, classe di appartenenza); &#8212; il titolo dei testi inviati;&nbsp;<\/li><li>\u00e8 necessaria la firma di autorizzazione dei genitori.&nbsp;<\/li><\/ul>\n\n\n\n<p class=\"text-justify\">Le opere e gli elaborati pervenuti non saranno restituiti, ma saranno donati alla Biblioteca comunale, come futuro patrimonio della Comunit\u00e0 segnina. \u00a0<br><strong>Art. 5 &#8212; Titolarit\u00e0, originalit\u00e0 e divulgazione delle opere\u00a0<\/strong><br>La semplice partecipazione al Concorso costituisce autorizzazione ai promotori del concorso alla pubblicazione senza avere nulla a pretendere come diritto d\u2019autore e all\u2019utilizzo dei dati anagrafici dell\u2019autore e del premio vinto, ed eventuali foto scattate alla cerimonia di premiazione, ai fini di comunicazioni relative al Concorso su qualsiasi pubblicazione, su organi di stampa, sul sito delle associazioni. La presentazione di un\u2019opera al concorso implica necessariamente la completa accettazione delle seguenti condizioni da parte dei partecipanti:\u00a0<\/p>\n\n\n\n<ul class=\"text-justify\"><li>l\u2019autore garantisce il carattere inedito dell\u2019opera presentata e la titolarit\u00e0 esclusiva dei diritti di sfruttamento, senza limitazione o onere alcuno sulla stessa nei confronti di terzi;&nbsp;<\/li><li>l\u2019autore garantisce che l\u2019opera non \u00e8 copia totale o parziale di altra opera propria o altrui e solleva gli organizzatori da qualsiasi responsabilit\u00e0;&nbsp;<\/li><li>l\u2019autore garantisce che l\u2019opera non \u00e8 stata presentata a nessun altro concorso in attesa di risoluzione;&nbsp;<\/li><li>l\u2019autore autorizza l\u2019eventuale pubblicazione o diffusione di estratti dell\u2019opera;&nbsp;<\/li><\/ul>\n\n\n\n<p class=\"text-justify\"><strong>Art. 6\u00a0 &#8212; Scadenza\u00a0<\/strong><br>La scadenza del Concorso \u00e8 fissata per il giorno <strong>15 marzo 2020<\/strong>. Le opere, corredate dall\u2019apposita scheda di partecipazione, devono essere lasciate alla scuola entro tale data. I promotori si incaricheranno del ritiro di tutte le opere, il giorno successivo. Le opere pervenute successivamente, non verranno prese in considerazione.\u00a0<br><strong>Art. 7\u00a0 &#8212;\u00a0 Valutazione Giuria\u00a0<\/strong><br>Tutti i lavori saranno sottoposti al giudizio della giuria nominata dai promotori del concorso, i cui nominativi saranno resi noti il giorno stesso della cerimonia di premiazione. La Giuria compiler\u00e0 una classifica, basandosi sulla forma espositiva, sulla qualit\u00e0 dello scritto e dei valori in esso contenuti, sulle emozioni suscitate e sulla propria sensibilit\u00e0 artistica. Le tre opere pi\u00f9 votate, le motivazioni sui vincitori dei premi, saranno premiate durante la cerimonia conclusiva. A parit\u00e0 di voti, il ballottaggio sar\u00e0 risolto da un\u2019ulteriore votazione della giuria. Il giudizio della Giuria \u00e8 insindacabile e inappellabile. \u00a0<br><strong>Art. 8 &#8212; Premiazione\u00a0<\/strong><br>La proclamazione dei vincitori e la cerimonia di premiazione, aperta al pubblico e ad ingresso libero, si svolger\u00e0 a Segni (Rm) \u2013 Palazzo Conti, in data che sar\u00e0 preventivamente comunicata a cura degli organizzatori, ai docenti di riferimento. <br><strong>Art. 9 &#8212; Premi\u00a0<\/strong><br>I premi, quale segno di apprezzamento e di riconoscimento dell\u2019opera, consistono in: \u00a0<br>1\u00b0 Premio &#8212; attestato e buono del valore di Euro 300,00 per acquisto testi scolastici;\u00a0<br>2\u00b0 Premio &#8212; attestato e buono del valore di Euro 200,00 per acquisto testi scolastici; 3\u00b0 Premio &#8212; attestato e buono del valore di Euro 100,00 per acquisto testi scolastici;\u00a0<br>La Giuria si riserva di assegnare menzioni e\/o premi speciali.\u00a0<br><strong>Art. 10 \u00a0 &#8212; Ritiro dei premi\u00a0<\/strong><br>I premi dovranno essere ritirati personalmente dai vincitori alla Cerimonia di Premiazione. Nei casi di assenza \u00e8 possibile il ritiro da parte di persona appositamente delegata. I premi non ritirati non verranno assegnati. In nessun caso \u00e8 previsto l\u2019invio dei premi per posta. \u00a0<br><strong>Art. 11 \u2013 Pubblicit\u00e0 e diritti d\u2019autore\u00a0<\/strong><br>Compilando la domanda di partecipazione al Concorso letterario, i partecipanti autorizzano il trattamento, con mezzi informatici o meno, dei dati personali ed eventuali foto scattate alla cerimonia di premiazione e la loro utilizzazione da parte degli organizzatori per gli adempimenti inerenti al Concorso ed eventuali comunicati su qualsiasi pubblicazione, su organi di stampa, sul sito delle associazioni. Autorizzano altres\u00ec il diritto di pubblicazione: a stampare, far pubblicare anche in formato audio o proiettare, senza compenso per i diritti d\u2019autore, le opere presentate. I diritti rimangono comunque di propriet\u00e0 dei singoli autori. Ogni autore risponde dell\u2019autenticit\u00e0 del lavoro presentato ed \u00e8 consapevole che false attestazioni configurano un illecito perseguibile a norma di legge. Gli organizzatori non si assumeranno la responsabilit\u00e0 per eventuali, deprecabili plagi.\u00a0<br><strong>Art. 12 \u2013 Accettazione del regolamento\u00a0<\/strong><br>La partecipazione al Concorso implica la completa e incondizionata accettazione del relativo regolamento. La mancata osservanza di una sola delle clausole del bando comporter\u00e0 l\u2019automatica esclusione. \u00a0<br><strong>Art. 13 &#8212; Tutela\u00a0<\/strong><br>Ai sensi della normativa vigente sulla tutela dei dati personali, il trattamento degli stessi, cui si garantisce la massima riservatezza, \u00e8 effettuato esclusivamente ai fini inerenti il Concorso cui si partecipa; tali dati non verranno comunicati o diffusi a terzi a qualsiasi titolo. \u00a0<br><strong>Art. 15 \u2013 Altre norme\u00a0<\/strong><br>Per quanto qui non espressamente previsto, il presente concorso deve ritenersi disciplinato dalle norme del Codice Civile. Il concorso letterario, in particolare, non \u00e8 soggetto alla disciplina del DPR 430\/2001 relativo al regolamento concernente la disciplina dei concorsi e delle operazioni a premio, avendo ad oggetto un&#8217;iniziativa letteraria e artistica per la quale il conferimento del Premio rappresenta un riconoscimento di merito personale e, di conseguenza, opera la fattispecie di esclusione di cui all&#8217;art. 6 comma 1 lettera a) del DPR 430\/2001.\u00a0<br><strong>A seguito dell&#8217;emergenza sanitaria di Covid -19\u00a0<\/strong><br><strong>il presente Regolamento viene modificato nei seguenti articoli:\u00a0<\/strong><br><strong>Art. 4 \u2013 Modalit\u00e0\u00a0<\/strong><br>\u00b7 gli elaborati devono essere inviati in forma cartacea in 6 copie completamente anonime (possibilmente in formato A4), dattiloscritte, carattere New Times Roman 12, interlinea 1,5, di lunghezza minima di due fogli, i \u00a0 manoscritti verranno esclusi; solo per la prima edizione del premio, causa tempi brevi, verranno accettati anche i manoscritti.\u00a0<br><strong>viene sostituito con\u00a0<\/strong><\/p>\n\n\n\n<ul class=\"text-justify\"><li>gli elaborati devono essere trasmessi, in formato che non pu\u00f2 essere manomesso o alterato a mezzo posta elettronica all&#8217;indirizzo: <strong>piazzarisorgimentosegni@gmail.com; <\/strong>\u00b7 gli elaborati inviati, possono consistere in:&nbsp;<ol><li>1.- componimento espositivo;&nbsp;<\/li><li>2.- componimento poetico;&nbsp;<\/li><li>3.- rappresentazione grafica. &nbsp;<\/li><\/ol><\/li><\/ul>\n\n\n\n<ul class=\"text-justify\"><li>il candidato che volesse, pu\u00f2 associare insieme due delle proposte sopra esposte.&nbsp;<\/li><\/ul>\n\n\n\n<p class=\"text-justify\"><strong>Art. 6\u00a0 &#8212; Scadenza\u00a0<\/strong><br>La scadenza del Concorso \u00e8 fissata nel mese di giugno, prima del termine delle lezioni scolastiche.\u00a0<br><strong>Art. 8 &#8212; Premiazione\u00a0<\/strong><br>La Cerimonia di premiazione seguir\u00e0 le direttive di legge che saranno in seguito comunicate.\u00a0<\/p>\n","protected":false},"excerpt":{"rendered":"<p>Art. 1\u00a0 &#8212; Requisiti\u00a0Il Premio Letterario \u00e8 riservato agli alunni dell\u2019ultimo anno della scuola secondaria di Primo Grado del Comune di Segni (Rm).\u00a0Art. 2 \u2013 Quota iscrizione\u00a0Non \u00e8 prevista quota, la partecipazione \u00e8 gratuita.\u00a0Art. 3 &#8212; Caratteristiche degli elaborati\u00a0 L\u2019autore pu\u00f2 partecipare con una sola opera;&nbsp; gli elaborati devono essere inediti, mai pubblicata o divulgata [&hellip;]<\/p>\n","protected":false},"author":1,"featured_media":0,"parent":0,"menu_order":0,"comment_status":"closed","ping_status":"closed","template":"","meta":[],"yoast_head":"<!-- This site is optimized with the Yoast SEO plugin v16.4 - https:\/\/yoast.com\/wordpress\/plugins\/seo\/ -->\n<title>Regolamento - nobileaccademiamediterranea<\/title>\n<meta name=\"robots\" content=\"index, follow, max-snippet:-1, max-image-preview:large, max-video-preview:-1\" \/>\n<link rel=\"canonical\" href=\"https:\/\/nobileaccademiamediterranea.org\/regolamento-premio-mons-bruno-navara\/\" \/>\n<meta property=\"og:locale\" content=\"ru_RU\" \/>\n<meta property=\"og:type\" content=\"article\" \/>\n<meta property=\"og:title\" content=\"Regolamento\" \/>\n<meta property=\"og:description\" content=\"Art. 1\u00a0 &#8212; Requisiti\u00a0Il Premio Letterario \u00e8 riservato agli alunni dell\u2019ultimo anno della scuola secondaria di Primo Grado del Comune di Segni (Rm).\u00a0Art. 2 \u2013 Quota iscrizione\u00a0Non \u00e8 prevista quota, la partecipazione \u00e8 gratuita.\u00a0Art. 3 &#8212; Caratteristiche degli elaborati\u00a0 L\u2019autore pu\u00f2 partecipare con una sola opera;&nbsp; gli elaborati devono essere inediti, mai pubblicata o divulgata [&hellip;]\" \/>\n<meta property=\"og:url\" content=\"https:\/\/nobileaccademiamediterranea.org\/regolamento-premio-mons-bruno-navara\/\" \/>\n<meta property=\"og:site_name\" content=\"nobileaccademiamediterranea\" \/>\n<meta property=\"article:modified_time\" content=\"2020-06-11T19:34:16+00:00\" \/>\n<meta name=\"twitter:card\" content=\"summary_large_image\" \/>\n<meta name=\"twitter:label1\" content=\"\u041f\u0440\u0438\u043c\u0435\u0440\u043d\u043e\u0435 \u0432\u0440\u0435\u043c\u044f \u0434\u043b\u044f \u0447\u0442\u0435\u043d\u0438\u044f\" \/>\n\t<meta name=\"twitter:data1\" content=\"6 \u043c\u0438\u043d\u0443\u0442\" \/>\n<script type=\"application\/ld+json\" class=\"yoast-schema-graph\">{\"@context\":\"https:\/\/schema.org\",\"@graph\":[{\"@type\":\"WebSite\",\"@id\":\"https:\/\/nobileaccademiamediterranea.org\/#website\",\"url\":\"https:\/\/nobileaccademiamediterranea.org\/\",\"name\":\"nobileaccademiamediterranea\",\"description\":\"\",\"potentialAction\":[{\"@type\":\"SearchAction\",\"target\":\"https:\/\/nobileaccademiamediterranea.org\/?s={search_term_string}\",\"query-input\":\"required name=search_term_string\"}],\"inLanguage\":\"ru-RU\"},{\"@type\":\"WebPage\",\"@id\":\"https:\/\/nobileaccademiamediterranea.org\/regolamento-premio-mons-bruno-navara\/#webpage\",\"url\":\"https:\/\/nobileaccademiamediterranea.org\/regolamento-premio-mons-bruno-navara\/\",\"name\":\"[:it]Regolamento[:] - nobileaccademiamediterranea\",\"isPartOf\":{\"@id\":\"https:\/\/nobileaccademiamediterranea.org\/#website\"},\"datePublished\":\"2020-06-11T19:30:59+00:00\",\"dateModified\":\"2020-06-11T19:34:16+00:00\",\"breadcrumb\":{\"@id\":\"https:\/\/nobileaccademiamediterranea.org\/regolamento-premio-mons-bruno-navara\/#breadcrumb\"},\"inLanguage\":\"ru-RU\",\"potentialAction\":[{\"@type\":\"ReadAction\",\"target\":[\"https:\/\/nobileaccademiamediterranea.org\/regolamento-premio-mons-bruno-navara\/\"]}]},{\"@type\":\"BreadcrumbList\",\"@id\":\"https:\/\/nobileaccademiamediterranea.org\/regolamento-premio-mons-bruno-navara\/#breadcrumb\",\"itemListElement\":[{\"@type\":\"ListItem\",\"position\":1,\"item\":{\"@type\":\"WebPage\",\"@id\":\"https:\/\/nobileaccademiamediterranea.org\/ru\/\",\"url\":\"https:\/\/nobileaccademiamediterranea.org\/ru\/\",\"name\":\"Home\"}},{\"@type\":\"ListItem\",\"position\":2,\"item\":{\"@id\":\"https:\/\/nobileaccademiamediterranea.org\/regolamento-premio-mons-bruno-navara\/#webpage\"}}]}]}<\/script>\n<!-- \/ Yoast SEO plugin. -->","_links":{"self":[{"href":"https:\/\/nobileaccademiamediterranea.org\/ru\/wp-json\/wp\/v2\/pages\/777"}],"collection":[{"href":"https:\/\/nobileaccademiamediterranea.org\/ru\/wp-json\/wp\/v2\/pages"}],"about":[{"href":"https:\/\/nobileaccademiamediterranea.org\/ru\/wp-json\/wp\/v2\/types\/page"}],"author":[{"embeddable":true,"href":"https:\/\/nobileaccademiamediterranea.org\/ru\/wp-json\/wp\/v2\/users\/1"}],"replies":[{"embeddable":true,"href":"https:\/\/nobileaccademiamediterranea.org\/ru\/wp-json\/wp\/v2\/comments?post=777"}],"version-history":[{"count":3,"href":"https:\/\/nobileaccademiamediterranea.org\/ru\/wp-json\/wp\/v2\/pages\/777\/revisions"}],"predecessor-version":[{"id":781,"href":"https:\/\/nobileaccademiamediterranea.org\/ru\/wp-json\/wp\/v2\/pages\/777\/revisions\/781"}],"wp:attachment":[{"href":"https:\/\/nobileaccademiamediterranea.org\/ru\/wp-json\/wp\/v2\/media?parent=777"}],"curies":[{"name":"wp","href":"https:\/\/api.w.org\/{rel}","templated":true}]}}