{"id":586,"date":"2020-06-05T01:10:05","date_gmt":"2020-06-04T23:10:05","guid":{"rendered":"https:\/\/nobileaccademiamediterranea.org\/?page_id=586"},"modified":"2020-06-08T00:48:10","modified_gmt":"2020-06-07T22:48:10","slug":"2017-2","status":"publish","type":"page","link":"https:\/\/nobileaccademiamediterranea.org\/ru\/2017-2\/","title":{"rendered":"Archivio Eventi 2017"},"content":{"rendered":"\n<div class=\"wp-container-4 wp-block-group grid-page\"><div class=\"wp-block-group__inner-container\">\n<p class=\"first-letter\">Ricordiamo le iniziative svolte nel 2017:&nbsp;<\/p>\n\n\n\n<div class=\"wp-container-1 wp-block-group\"><div class=\"wp-block-group__inner-container\">\n<div class=\"wp-block-image no-abstract\"><figure class=\"alignleft size-medium is-resized\"><a href=\"https:\/\/nobileaccademiamediterranea.org\/wp-content\/uploads\/2020\/06\/2017-Locandina-Concerto-con-BCC-20-gennaio-2017-Bambino-Gesu\u0300-scaled-e1591433692104.jpg\"><img src=\"https:\/\/nobileaccademiamediterranea.org\/wp-content\/uploads\/2020\/06\/2017-Locandina-Concerto-con-BCC-20-gennaio-2017-Bambino-Gesu\u0300-212x300.jpg\" alt=\"\" class=\"wp-image-645\" width=\"150\"\/><\/a><\/figure><\/div>\n\n\n\n<p class=\"text-justify\">1. Organizzazione concerto di musica Barocca dal titolo &#171;<strong>Armonie Barocche<\/strong>&#171;, alla Sala Casella dell&#8217;Accademia Filarmonica Romana con il M\u00b0 Gabriele Cassone tromba naturale barocca, il M\u00b0 Antonio Frig\u00e8 clavicembalo e il M\u00b0 Beatrice Mercuri mezzosoprano a favore dell&#8217;ospedale pediatrico \u201cBambino Ges\u00f9\u201d di Roma; l&#8217;incasso \u00e8 stato interamente devoluto all&#8217;ospedale pediatrico. Tutti i biglietti e relativo bonifico sono stati gestiti dall&#8217;Accademia Filarmonica Romana.<\/p>\n<\/div><\/div>\n\n\n\n<div class=\"wp-container-2 wp-block-group\"><div class=\"wp-block-group__inner-container\">\n<div class=\"wp-block-image no-abstract\"><figure class=\"alignleft size-medium is-resized\"><a href=\"https:\/\/nobileaccademiamediterranea.org\/wp-content\/uploads\/2020\/06\/2017-Locandina-stand-trail-Monti-Lepini.jpg\"><img src=\"https:\/\/nobileaccademiamediterranea.org\/wp-content\/uploads\/2020\/06\/2017-Locandina-stand-trail-Monti-Lepini-220x300.jpg\" alt=\"\" class=\"wp-image-667\" width=\"150\" srcset=\"https:\/\/nobileaccademiamediterranea.org\/wp-content\/uploads\/2020\/06\/2017-Locandina-stand-trail-Monti-Lepini-220x300.jpg 220w, https:\/\/nobileaccademiamediterranea.org\/wp-content\/uploads\/2020\/06\/2017-Locandina-stand-trail-Monti-Lepini.jpg 600w\" sizes=\"(max-width: 220px) 100vw, 220px\" \/><\/a><\/figure><\/div>\n\n\n\n<p class=\"text-justify\">2. Su richiesta dell&#8217;Amministrazione Comunale, abbiamo collaborato con l&#8217;associazione di atletica, la Fidal e altre associazioni del territorio, alla seconda edizione del &#171;<strong>Trail dei Monti Lepini<\/strong>&#187; con la 5 prova del Campionato Italiano, Campionato Regionale e Provinciale di corsa in montagna. Presente l&#8217;alpinista Daniele Nardi.<\/p>\n<\/div><\/div>\n\n\n\n<div class=\"wp-container-3 wp-block-group\"><div class=\"wp-block-group__inner-container\">\n<div class=\"wp-block-image no-abstract\"><figure class=\"alignleft size-medium is-resized\"><a href=\"https:\/\/nobileaccademiamediterranea.org\/wp-content\/uploads\/2020\/06\/2017-Locandina-Un-Presepe-per-2.jpg\"><img src=\"https:\/\/nobileaccademiamediterranea.org\/wp-content\/uploads\/2020\/06\/2017-Locandina-Un-Presepe-per-2-218x300.jpg\" alt=\"\" class=\"wp-image-671\" width=\"150\" title=\"\" srcset=\"https:\/\/nobileaccademiamediterranea.org\/wp-content\/uploads\/2020\/06\/2017-Locandina-Un-Presepe-per-2-218x300.jpg 218w, https:\/\/nobileaccademiamediterranea.org\/wp-content\/uploads\/2020\/06\/2017-Locandina-Un-Presepe-per-2.jpg 600w\" sizes=\"(max-width: 218px) 100vw, 218px\" \/><\/a><\/figure><\/div>\n\n\n\n<p class=\"text-justify\">3. L&#8217; iniziativa &#171;<strong>Un presepe per&#8230;<\/strong>&#187; organizzata per la prima volta, che ha visto la rappresentazione della Nativit\u00e0 realizzata all&#8217;aperto, in strada. All&#8217;aperto, in strada. Passeggiando sar\u00e0 possibile ammirare a cielo aperto di giorno e di notte, diverse rappresentazioni della Nativit\u00e0, reinterpretate e realizzate in un modo pi\u00f9 o meno classico. Su un terrazzo, un muretto, una scalinata, dietro i vetri di una finestra, nelle rientranze dei marciapiedi, sotto una scala o un balcone. Inizieremo con Piazza Risorgimento, nella speranza che tutto il paese, magari opportunamente stimolato, realizzi il proprio Presepe di ogni forma e dimensione. Si crea cos\u00ec un evento di grande fascino che stimola e d\u00e0 spazio alla creativit\u00e0 dei residenti, una occasione di creare dei Presepi grandi, piccoli, classici, moderni, originali, di design i quali, con i giochi di luce, diventano ancora pi\u00f9 belli e suggestivi. Arte e tradizione, estro ed innovazione per un Presepe poi da dedicare, appunto &#171;Un Presepe per&#8230;&#187; Presepi che saranno poi benedetti dal ParrocoUn Presepe, realizzato interamente a spese del Comitato, \u00e8 stato\u00a0 dedicato a Claudio Appetito e realizzato nel piazzale antistante la sua residenza. Claudio, lo ricordiamo, giovane membro uscente del Direttivo del Comitato \u00e8 scomparso prematuramente meno di un anno fa.<\/p>\n<\/div><\/div>\n\n\n\n<p><\/p>\n<\/div><\/div>\n","protected":false},"excerpt":{"rendered":"<p>Ricordiamo le iniziative svolte nel 2017:&nbsp; 1. Organizzazione concerto di musica Barocca dal titolo &#171;Armonie Barocche&#171;, alla Sala Casella dell&#8217;Accademia Filarmonica Romana con il M\u00b0 Gabriele Cassone tromba naturale barocca, il M\u00b0 Antonio Frig\u00e8 clavicembalo e il M\u00b0 Beatrice Mercuri mezzosoprano a favore dell&#8217;ospedale pediatrico \u201cBambino Ges\u00f9\u201d di Roma; l&#8217;incasso \u00e8 stato interamente devoluto all&#8217;ospedale [&hellip;]<\/p>\n","protected":false},"author":1,"featured_media":0,"parent":0,"menu_order":0,"comment_status":"closed","ping_status":"closed","template":"","meta":[],"yoast_head":"<!-- This site is optimized with the Yoast SEO plugin v16.4 - https:\/\/yoast.com\/wordpress\/plugins\/seo\/ -->\n<title>Archivio Eventi 2017 - nobileaccademiamediterranea<\/title>\n<meta name=\"robots\" content=\"index, follow, max-snippet:-1, max-image-preview:large, max-video-preview:-1\" \/>\n<link rel=\"canonical\" href=\"https:\/\/nobileaccademiamediterranea.org\/2017-2\/\" \/>\n<meta property=\"og:locale\" content=\"ru_RU\" \/>\n<meta property=\"og:type\" content=\"article\" \/>\n<meta property=\"og:title\" content=\"Archivio Eventi 2017\" \/>\n<meta property=\"og:description\" content=\"Ricordiamo le iniziative svolte nel 2017:&nbsp; 1. Organizzazione concerto di musica Barocca dal titolo &#171;Armonie Barocche&#171;, alla Sala Casella dell&#8217;Accademia Filarmonica Romana con il M\u00b0 Gabriele Cassone tromba naturale barocca, il M\u00b0 Antonio Frig\u00e8 clavicembalo e il M\u00b0 Beatrice Mercuri mezzosoprano a favore dell&#8217;ospedale pediatrico \u201cBambino Ges\u00f9\u201d di Roma; l&#8217;incasso \u00e8 stato interamente devoluto all&#8217;ospedale [&hellip;]\" \/>\n<meta property=\"og:url\" content=\"https:\/\/nobileaccademiamediterranea.org\/2017-2\/\" \/>\n<meta property=\"og:site_name\" content=\"nobileaccademiamediterranea\" \/>\n<meta property=\"article:modified_time\" content=\"2020-06-07T22:48:10+00:00\" \/>\n<meta property=\"og:image\" content=\"https:\/\/nobileaccademiamediterranea.org\/wp-content\/uploads\/2020\/06\/2017-Locandina-Concerto-con-BCC-20-gennaio-2017-Bambino-Gesu\u0300-212x300.jpg\" \/>\n<meta name=\"twitter:card\" content=\"summary_large_image\" \/>\n<meta name=\"twitter:label1\" content=\"\u041f\u0440\u0438\u043c\u0435\u0440\u043d\u043e\u0435 \u0432\u0440\u0435\u043c\u044f \u0434\u043b\u044f \u0447\u0442\u0435\u043d\u0438\u044f\" \/>\n\t<meta name=\"twitter:data1\" content=\"2 \u043c\u0438\u043d\u0443\u0442\u044b\" \/>\n<script type=\"application\/ld+json\" class=\"yoast-schema-graph\">{\"@context\":\"https:\/\/schema.org\",\"@graph\":[{\"@type\":\"WebSite\",\"@id\":\"https:\/\/nobileaccademiamediterranea.org\/#website\",\"url\":\"https:\/\/nobileaccademiamediterranea.org\/\",\"name\":\"nobileaccademiamediterranea\",\"description\":\"\",\"potentialAction\":[{\"@type\":\"SearchAction\",\"target\":\"https:\/\/nobileaccademiamediterranea.org\/?s={search_term_string}\",\"query-input\":\"required name=search_term_string\"}],\"inLanguage\":\"ru-RU\"},{\"@type\":\"ImageObject\",\"@id\":\"https:\/\/nobileaccademiamediterranea.org\/2017-2\/#primaryimage\",\"inLanguage\":\"ru-RU\",\"url\":\"https:\/\/nobileaccademiamediterranea.org\/wp-content\/uploads\/2020\/06\/2017-Locandina-Concerto-con-BCC-20-gennaio-2017-Bambino-Gesu\\u0300-212x300.jpg\",\"contentUrl\":\"https:\/\/nobileaccademiamediterranea.org\/wp-content\/uploads\/2020\/06\/2017-Locandina-Concerto-con-BCC-20-gennaio-2017-Bambino-Gesu\\u0300-212x300.jpg\"},{\"@type\":\"WebPage\",\"@id\":\"https:\/\/nobileaccademiamediterranea.org\/2017-2\/#webpage\",\"url\":\"https:\/\/nobileaccademiamediterranea.org\/2017-2\/\",\"name\":\"[:it]Archivio Eventi 2017[:] - nobileaccademiamediterranea\",\"isPartOf\":{\"@id\":\"https:\/\/nobileaccademiamediterranea.org\/#website\"},\"primaryImageOfPage\":{\"@id\":\"https:\/\/nobileaccademiamediterranea.org\/2017-2\/#primaryimage\"},\"datePublished\":\"2020-06-04T23:10:05+00:00\",\"dateModified\":\"2020-06-07T22:48:10+00:00\",\"breadcrumb\":{\"@id\":\"https:\/\/nobileaccademiamediterranea.org\/2017-2\/#breadcrumb\"},\"inLanguage\":\"ru-RU\",\"potentialAction\":[{\"@type\":\"ReadAction\",\"target\":[\"https:\/\/nobileaccademiamediterranea.org\/2017-2\/\"]}]},{\"@type\":\"BreadcrumbList\",\"@id\":\"https:\/\/nobileaccademiamediterranea.org\/2017-2\/#breadcrumb\",\"itemListElement\":[{\"@type\":\"ListItem\",\"position\":1,\"item\":{\"@type\":\"WebPage\",\"@id\":\"https:\/\/nobileaccademiamediterranea.org\/ru\/\",\"url\":\"https:\/\/nobileaccademiamediterranea.org\/ru\/\",\"name\":\"Home\"}},{\"@type\":\"ListItem\",\"position\":2,\"item\":{\"@id\":\"https:\/\/nobileaccademiamediterranea.org\/2017-2\/#webpage\"}}]}]}<\/script>\n<!-- \/ Yoast SEO plugin. -->","_links":{"self":[{"href":"https:\/\/nobileaccademiamediterranea.org\/ru\/wp-json\/wp\/v2\/pages\/586"}],"collection":[{"href":"https:\/\/nobileaccademiamediterranea.org\/ru\/wp-json\/wp\/v2\/pages"}],"about":[{"href":"https:\/\/nobileaccademiamediterranea.org\/ru\/wp-json\/wp\/v2\/types\/page"}],"author":[{"embeddable":true,"href":"https:\/\/nobileaccademiamediterranea.org\/ru\/wp-json\/wp\/v2\/users\/1"}],"replies":[{"embeddable":true,"href":"https:\/\/nobileaccademiamediterranea.org\/ru\/wp-json\/wp\/v2\/comments?post=586"}],"version-history":[{"count":29,"href":"https:\/\/nobileaccademiamediterranea.org\/ru\/wp-json\/wp\/v2\/pages\/586\/revisions"}],"predecessor-version":[{"id":741,"href":"https:\/\/nobileaccademiamediterranea.org\/ru\/wp-json\/wp\/v2\/pages\/586\/revisions\/741"}],"wp:attachment":[{"href":"https:\/\/nobileaccademiamediterranea.org\/ru\/wp-json\/wp\/v2\/media?parent=586"}],"curies":[{"name":"wp","href":"https:\/\/api.w.org\/{rel}","templated":true}]}}