{"id":870,"date":"2020-06-17T20:15:06","date_gmt":"2020-06-17T18:15:06","guid":{"rendered":"https:\/\/nobileaccademiamediterranea.org\/?page_id=870"},"modified":"2020-10-20T23:42:22","modified_gmt":"2020-10-20T21:42:22","slug":"maris-urbes","status":"publish","type":"page","link":"https:\/\/nobileaccademiamediterranea.org\/es\/maris-urbes\/","title":{"rendered":"Maris Urbes"},"content":{"rendered":"\n<style>p{margin-bottom:0}<\/style>\n\n\n\n<figure class=\"wp-block-image size-large my-0\"><a href=\"https:\/\/nobileaccademiamediterranea.org\/wp-content\/uploads\/2020\/06\/maris-urbes-e1592780023101.jpg\"><img loading=\"lazy\" width=\"640\" height=\"332\" src=\"https:\/\/nobileaccademiamediterranea.org\/wp-content\/uploads\/2020\/06\/maris-urbes-e1592780023101.jpg\" alt=\"\" class=\"wp-image-879\" srcset=\"https:\/\/nobileaccademiamediterranea.org\/wp-content\/uploads\/2020\/06\/maris-urbes-e1592780023101.jpg 640w, https:\/\/nobileaccademiamediterranea.org\/wp-content\/uploads\/2020\/06\/maris-urbes-e1592780023101-300x156.jpg 300w\" sizes=\"(max-width: 640px) 100vw, 640px\" \/><\/a><\/figure>\n\n\n\n<p class=\"text-justify first-letter\">El proyecto incluye el dialogo cultural entre naciones ribere\u00f1as, a trav\u00e9s la historia milenaria de las antiguas civilidades del mar. Su existencia y acci\u00f3n han permitido la difusi\u00f3n de la civilidad, del arte, de los negocios, de las religiones y de los conocimientos cient\u00edficos. El mar ha permitido la vida, ha permitido el encuentro entre populaciones y la posibilidad que se conocieran y se intercambiaran experiencias. El mar desde siempre representa la vida y la sobrevivencia. El proyecto quiere recorrer las antiguas rutas por abrir y cultivar las relaciones que los intereses nacionales, las realidades religiosas, las pol\u00edticas de expansi\u00f3n han hecho dif\u00edcil. El dialogo es la misi\u00f3n del proyecto, a trav\u00e9s elementos arcaicos, siempre actuales y sin discriminaci\u00f3n: la Palabra, el Pan el Uva, el Sonido. \u00a0 \u00a0<br>El proyecto cuenta con tres secciones:<br><strong><em>La Plabra<\/em><\/strong><br>El lenguaje, los idiomas, la poes\u00eda, la escritura han siempre diferenciado las populaciones y su cultura, han sido veh\u00edculo de comunicaci\u00f3n y de acrecimiento sociocultural entre las populaciones.<br><strong><em><strong>El pan y la Uva<\/strong><\/em><\/strong><br>La cultivaci\u00f3n de los varios cereales de la vi\u00f1a se recuerdan en las pruebas documentales mas antiguas y constituyen los alimentos b\u00e1sicos de cada populaci\u00f3n del Mediterr\u00e1neo. Partir el pan y beber el vino siempre han representado elementos de paz y de concordia.<br><strong><em><strong>El sonido<\/strong><\/em><\/strong><br>Cada populaci\u00f3n, desde la prehistoria, siempre ha demandado al sonido, a la m\u00fasica su propia ambici\u00f3n y evoluci\u00f3n hac\u00eda la b\u00fasqueda de dimensiones metaf\u00edsicas. Una manera de comunicar sensorial y emocional, que va mas all\u00e1 de las origines y de las ideolog\u00edas.<\/p>\n\n\n\n<p>El proyecto establece:\u00a0<\/p>\n\n\n\n<ul class=\"text-justify\"><li>la individuaci\u00f3n de las antiguas ciudades ribere\u00f1as, teniendo cuenta de:<br>&#8211; profesionales de historia, universidades (gracias a becas);<br>&#8211; institutos de cultura, bibliotecas hist\u00f3ricas, academias de historias;<br>&#8211; asociaciones de cultura y del mar, como Mare Vivo, etc.;<br>&#8211; instrumentos de comunicaci\u00f3n, como Rai Storia, BBC y otras;<br>&#8211; peri\u00f3dicos especializados;<br>&#8211; apartados culturales de embajadas; \u00a0<\/li><li>proyectos y rutas culturales, profesionales, ocasiones de trabajo en los tres apartados de;<\/li><li>los proyectos, involucrando las realidades profesionales y el sector por una recalificaci\u00f3n del estado social especialmente de las clases m\u00e1s desfavorecidas;<\/li><\/ul>\n\n\n\n<p class=\"text-justify\">El mar, fuente de vida y de relaciones, necesita retomar su papel de fuente de uni\u00f3n y de armon\u00eda<\/p>\n\n\n\n<p>&#8212;&#8212;&#8212;&#8212;&#8212;&#8212;&#8212;&#8212;&#8212;-<\/p>\n\n\n\n<p class=\"text-justify\">Tan solo la m\u00fasica est\u00e1 a la altura del mar; Albert Camus<br>La eternidad es una mezcla de mar y sol; Arthur Rimbaud<br>Que mundo exista mas all\u00e1 de este mar no lo se, pero cada mar tiene su riba y all\u00ed legar\u00e9; Cesare Pavese.<br>La voz del mar habla con las almas, el toque del mar es sensual, enrolla el cuerpo en su abrazo suave; Kate Chopin.<br>Tan solo tres cosas son infinitas: el cielo en sus estrellas, el mar en sus gotas de agua y el coraz\u00f3n en su lagrimas; Gustave < Flaubert.\u00a0<\/p>\n","protected":false},"excerpt":{"rendered":"<p>El proyecto incluye el dialogo cultural entre naciones ribere\u00f1as, a trav\u00e9s la historia milenaria de las antiguas civilidades del mar. Su existencia y acci\u00f3n han permitido la difusi\u00f3n de la civilidad, del arte, de los negocios, de las religiones y de los conocimientos cient\u00edficos. El mar ha permitido la vida, ha permitido el encuentro entre [&hellip;]<\/p>\n","protected":false},"author":1,"featured_media":0,"parent":0,"menu_order":0,"comment_status":"closed","ping_status":"closed","template":"","meta":[],"yoast_head":"<!-- This site is optimized with the Yoast SEO plugin v16.4 - https:\/\/yoast.com\/wordpress\/plugins\/seo\/ -->\n<title>Maris Urbes - nobileaccademiamediterranea<\/title>\n<meta name=\"robots\" content=\"index, follow, max-snippet:-1, max-image-preview:large, max-video-preview:-1\" \/>\n<link rel=\"canonical\" href=\"https:\/\/nobileaccademiamediterranea.org\/ru\/maris-urbes\/\" \/>\n<meta property=\"og:locale\" content=\"es_ES\" \/>\n<meta property=\"og:type\" content=\"article\" \/>\n<meta property=\"og:title\" content=\"Maris Urbes\" \/>\n<meta property=\"og:description\" content=\"El proyecto incluye el dialogo cultural entre naciones ribere\u00f1as, a trav\u00e9s la historia milenaria de las antiguas civilidades del mar. Su existencia y acci\u00f3n han permitido la difusi\u00f3n de la civilidad, del arte, de los negocios, de las religiones y de los conocimientos cient\u00edficos. El mar ha permitido la vida, ha permitido el encuentro entre [&hellip;]\" \/>\n<meta property=\"og:url\" content=\"https:\/\/nobileaccademiamediterranea.org\/ru\/maris-urbes\/\" \/>\n<meta property=\"og:site_name\" content=\"nobileaccademiamediterranea\" \/>\n<meta property=\"article:modified_time\" content=\"2020-10-20T21:42:22+00:00\" \/>\n<meta property=\"og:image\" content=\"https:\/\/nobileaccademiamediterranea.org\/wp-content\/uploads\/2020\/06\/maris-urbes-e1592780023101.jpg\" \/>\n<meta name=\"twitter:card\" content=\"summary_large_image\" \/>\n<meta name=\"twitter:label1\" content=\"Tiempo de lectura\" \/>\n\t<meta name=\"twitter:data1\" content=\"7 minutos\" \/>\n<script type=\"application\/ld+json\" class=\"yoast-schema-graph\">{\"@context\":\"https:\/\/schema.org\",\"@graph\":[{\"@type\":\"WebSite\",\"@id\":\"https:\/\/nobileaccademiamediterranea.org\/#website\",\"url\":\"https:\/\/nobileaccademiamediterranea.org\/\",\"name\":\"nobileaccademiamediterranea\",\"description\":\"\",\"potentialAction\":[{\"@type\":\"SearchAction\",\"target\":\"https:\/\/nobileaccademiamediterranea.org\/?s={search_term_string}\",\"query-input\":\"required name=search_term_string\"}],\"inLanguage\":\"es-ES\"},{\"@type\":\"ImageObject\",\"@id\":\"https:\/\/nobileaccademiamediterranea.org\/ru\/maris-urbes\/#primaryimage\",\"inLanguage\":\"es-ES\",\"url\":\"https:\/\/nobileaccademiamediterranea.org\/wp-content\/uploads\/2020\/06\/maris-urbes-e1592780023101.jpg\",\"contentUrl\":\"https:\/\/nobileaccademiamediterranea.org\/wp-content\/uploads\/2020\/06\/maris-urbes-e1592780023101.jpg\",\"width\":640,\"height\":332,\"caption\":\"[:it]CREATOR: gd-jpeg v1.0 (using IJG JPEG v62), quality = 82[:]\"},{\"@type\":\"WebPage\",\"@id\":\"https:\/\/nobileaccademiamediterranea.org\/ru\/maris-urbes\/#webpage\",\"url\":\"https:\/\/nobileaccademiamediterranea.org\/ru\/maris-urbes\/\",\"name\":\"[:it]Maris Urbes[:] - nobileaccademiamediterranea\",\"isPartOf\":{\"@id\":\"https:\/\/nobileaccademiamediterranea.org\/#website\"},\"primaryImageOfPage\":{\"@id\":\"https:\/\/nobileaccademiamediterranea.org\/ru\/maris-urbes\/#primaryimage\"},\"datePublished\":\"2020-06-17T18:15:06+00:00\",\"dateModified\":\"2020-10-20T21:42:22+00:00\",\"breadcrumb\":{\"@id\":\"https:\/\/nobileaccademiamediterranea.org\/ru\/maris-urbes\/#breadcrumb\"},\"inLanguage\":\"es-ES\",\"potentialAction\":[{\"@type\":\"ReadAction\",\"target\":[\"https:\/\/nobileaccademiamediterranea.org\/ru\/maris-urbes\/\"]}]},{\"@type\":\"BreadcrumbList\",\"@id\":\"https:\/\/nobileaccademiamediterranea.org\/ru\/maris-urbes\/#breadcrumb\",\"itemListElement\":[{\"@type\":\"ListItem\",\"position\":1,\"item\":{\"@type\":\"WebPage\",\"@id\":\"https:\/\/nobileaccademiamediterranea.org\/ru\/\",\"url\":\"https:\/\/nobileaccademiamediterranea.org\/ru\/\",\"name\":\"Home\"}},{\"@type\":\"ListItem\",\"position\":2,\"item\":{\"@id\":\"https:\/\/nobileaccademiamediterranea.org\/ru\/maris-urbes\/#webpage\"}}]}]}<\/script>\n<!-- \/ Yoast SEO plugin. -->","_links":{"self":[{"href":"https:\/\/nobileaccademiamediterranea.org\/es\/wp-json\/wp\/v2\/pages\/870"}],"collection":[{"href":"https:\/\/nobileaccademiamediterranea.org\/es\/wp-json\/wp\/v2\/pages"}],"about":[{"href":"https:\/\/nobileaccademiamediterranea.org\/es\/wp-json\/wp\/v2\/types\/page"}],"author":[{"embeddable":true,"href":"https:\/\/nobileaccademiamediterranea.org\/es\/wp-json\/wp\/v2\/users\/1"}],"replies":[{"embeddable":true,"href":"https:\/\/nobileaccademiamediterranea.org\/es\/wp-json\/wp\/v2\/comments?post=870"}],"version-history":[{"count":16,"href":"https:\/\/nobileaccademiamediterranea.org\/es\/wp-json\/wp\/v2\/pages\/870\/revisions"}],"predecessor-version":[{"id":1088,"href":"https:\/\/nobileaccademiamediterranea.org\/es\/wp-json\/wp\/v2\/pages\/870\/revisions\/1088"}],"wp:attachment":[{"href":"https:\/\/nobileaccademiamediterranea.org\/es\/wp-json\/wp\/v2\/media?parent=870"}],"curies":[{"name":"wp","href":"https:\/\/api.w.org\/{rel}","templated":true}]}}