{"id":823,"date":"2020-06-15T23:17:43","date_gmt":"2020-06-15T21:17:43","guid":{"rendered":"https:\/\/nobileaccademiamediterranea.org\/?page_id=823"},"modified":"2020-10-21T01:05:58","modified_gmt":"2020-10-20T23:05:58","slug":"13-%d1%80%d0%b5%d0%b1%d0%b5%d1%80","status":"publish","type":"page","link":"https:\/\/nobileaccademiamediterranea.org\/es\/13-%d1%80%d0%b5%d0%b1%d0%b5%d1%80\/","title":{"rendered":"Le 13 Costole"},"content":{"rendered":"\n<div class=\"wp-container-1 wp-block-group my-0\"><div class=\"wp-block-group__inner-container\">\n<div class=\"wp-block-image no-abstract\"><figure class=\"alignleft size-medium is-resized\"><a href=\"https:\/\/nobileaccademiamediterranea.org\/wp-content\/uploads\/2020\/06\/costole.jpg\"><img loading=\"lazy\" src=\"https:\/\/nobileaccademiamediterranea.org\/wp-content\/uploads\/2020\/06\/costole-300x300.jpg\" alt=\"\" class=\"wp-image-824\" width=\"150\" height=\"150\" srcset=\"https:\/\/nobileaccademiamediterranea.org\/wp-content\/uploads\/2020\/06\/costole-300x300.jpg 300w, https:\/\/nobileaccademiamediterranea.org\/wp-content\/uploads\/2020\/06\/costole-150x150.jpg 150w, https:\/\/nobileaccademiamediterranea.org\/wp-content\/uploads\/2020\/06\/costole.jpg 500w\" sizes=\"(max-width: 150px) 100vw, 150px\" \/><\/a><\/figure><\/div>\n\n\n\n<p class=\"text-justify first-letter\">Eva Mar\u00eda recuerda el crecimiento f\u00edsico y espiritual en una narraci\u00f3n que abraza el resumen de una vida o de vidas diferentes. Las protagonistas verdaderas y imaginarias viven la dualidad de su realidad. Se equilibran en un sue\u00f1o y en una \u00f3smosis con la realidad y la metaf\u00edsica mientras observan los ojos del alma. Las 13 costillas es la narraci\u00f3n de la aceptaci\u00f3n y de la toma de conciencia en un contexto afectado de forma negativa por las barreras entre las cuales no se vive y no se logra superarlas. Estamos hablando de los lugares del sagrado y del profano, del sufrimiento y de la serenidad resignada entre los cuales estamos vinculados por el dogma de la autoridad de la familia. Una peque\u00f1a narraci\u00f3n vivida dentro y afuera del cuerpo en un tiempo dilatado por horizontes m\u00faltiplos, mientras las sombras y las luces concretizan realidad que se presentan como improvisadas en el Ed\u00e9n de la EvaMaria.<\/p>\n<\/div><\/div>\n","protected":false},"excerpt":{"rendered":"<p>Eva Mar\u00eda recuerda el crecimiento f\u00edsico y espiritual en una narraci\u00f3n que abraza el resumen de una vida o de vidas diferentes. Las protagonistas verdaderas y imaginarias viven la dualidad de su realidad. Se equilibran en un sue\u00f1o y en una \u00f3smosis con la realidad y la metaf\u00edsica mientras observan los ojos del alma. Las [&hellip;]<\/p>\n","protected":false},"author":1,"featured_media":0,"parent":0,"menu_order":0,"comment_status":"closed","ping_status":"closed","template":"","meta":[],"yoast_head":"<!-- This site is optimized with the Yoast SEO plugin v16.4 - https:\/\/yoast.com\/wordpress\/plugins\/seo\/ -->\n<title>Le 13 Costole - nobileaccademiamediterranea<\/title>\n<meta name=\"robots\" content=\"index, follow, max-snippet:-1, max-image-preview:large, max-video-preview:-1\" \/>\n<link rel=\"canonical\" href=\"https:\/\/nobileaccademiamediterranea.org\/ru\/13-\u0440\u0435\u0431\u0435\u0440\/\" \/>\n<meta property=\"og:locale\" content=\"es_ES\" \/>\n<meta property=\"og:type\" content=\"article\" \/>\n<meta property=\"og:title\" content=\"Le 13 Costole\" \/>\n<meta property=\"og:description\" content=\"Eva Mar\u00eda recuerda el crecimiento f\u00edsico y espiritual en una narraci\u00f3n que abraza el resumen de una vida o de vidas diferentes. Las protagonistas verdaderas y imaginarias viven la dualidad de su realidad. Se equilibran en un sue\u00f1o y en una \u00f3smosis con la realidad y la metaf\u00edsica mientras observan los ojos del alma. Las [&hellip;]\" \/>\n<meta property=\"og:url\" content=\"https:\/\/nobileaccademiamediterranea.org\/ru\/13-\u0440\u0435\u0431\u0435\u0440\/\" \/>\n<meta property=\"og:site_name\" content=\"nobileaccademiamediterranea\" \/>\n<meta property=\"article:modified_time\" content=\"2020-10-20T23:05:58+00:00\" \/>\n<meta property=\"og:image\" content=\"https:\/\/nobileaccademiamediterranea.org\/wp-content\/uploads\/2020\/06\/costole-300x300.jpg\" \/>\n<meta name=\"twitter:card\" content=\"summary_large_image\" \/>\n<meta name=\"twitter:label1\" content=\"Tiempo de lectura\" \/>\n\t<meta name=\"twitter:data1\" content=\"2 minutos\" \/>\n<script type=\"application\/ld+json\" class=\"yoast-schema-graph\">{\"@context\":\"https:\/\/schema.org\",\"@graph\":[{\"@type\":\"WebSite\",\"@id\":\"https:\/\/nobileaccademiamediterranea.org\/#website\",\"url\":\"https:\/\/nobileaccademiamediterranea.org\/\",\"name\":\"nobileaccademiamediterranea\",\"description\":\"\",\"potentialAction\":[{\"@type\":\"SearchAction\",\"target\":\"https:\/\/nobileaccademiamediterranea.org\/?s={search_term_string}\",\"query-input\":\"required name=search_term_string\"}],\"inLanguage\":\"es-ES\"},{\"@type\":\"ImageObject\",\"@id\":\"https:\/\/nobileaccademiamediterranea.org\/ru\/13-%d1%80%d0%b5%d0%b1%d0%b5%d1%80\/#primaryimage\",\"inLanguage\":\"es-ES\",\"url\":\"https:\/\/nobileaccademiamediterranea.org\/wp-content\/uploads\/2020\/06\/costole.jpg\",\"contentUrl\":\"https:\/\/nobileaccademiamediterranea.org\/wp-content\/uploads\/2020\/06\/costole.jpg\",\"width\":500,\"height\":500},{\"@type\":\"WebPage\",\"@id\":\"https:\/\/nobileaccademiamediterranea.org\/ru\/13-%d1%80%d0%b5%d0%b1%d0%b5%d1%80\/#webpage\",\"url\":\"https:\/\/nobileaccademiamediterranea.org\/ru\/13-%d1%80%d0%b5%d0%b1%d0%b5%d1%80\/\",\"name\":\"[:it]Le 13 Costole[:en]The 13 Ribs[:ru]13 \\u0440\\u0435\\u0431\\u0435\\u0440[:] - nobileaccademiamediterranea\",\"isPartOf\":{\"@id\":\"https:\/\/nobileaccademiamediterranea.org\/#website\"},\"primaryImageOfPage\":{\"@id\":\"https:\/\/nobileaccademiamediterranea.org\/ru\/13-%d1%80%d0%b5%d0%b1%d0%b5%d1%80\/#primaryimage\"},\"datePublished\":\"2020-06-15T21:17:43+00:00\",\"dateModified\":\"2020-10-20T23:05:58+00:00\",\"breadcrumb\":{\"@id\":\"https:\/\/nobileaccademiamediterranea.org\/ru\/13-%d1%80%d0%b5%d0%b1%d0%b5%d1%80\/#breadcrumb\"},\"inLanguage\":\"es-ES\",\"potentialAction\":[{\"@type\":\"ReadAction\",\"target\":[\"https:\/\/nobileaccademiamediterranea.org\/ru\/13-%d1%80%d0%b5%d0%b1%d0%b5%d1%80\/\"]}]},{\"@type\":\"BreadcrumbList\",\"@id\":\"https:\/\/nobileaccademiamediterranea.org\/ru\/13-%d1%80%d0%b5%d0%b1%d0%b5%d1%80\/#breadcrumb\",\"itemListElement\":[{\"@type\":\"ListItem\",\"position\":1,\"item\":{\"@type\":\"WebPage\",\"@id\":\"https:\/\/nobileaccademiamediterranea.org\/ru\/\",\"url\":\"https:\/\/nobileaccademiamediterranea.org\/ru\/\",\"name\":\"Home\"}},{\"@type\":\"ListItem\",\"position\":2,\"item\":{\"@id\":\"https:\/\/nobileaccademiamediterranea.org\/ru\/13-%d1%80%d0%b5%d0%b1%d0%b5%d1%80\/#webpage\"}}]}]}<\/script>\n<!-- \/ Yoast SEO plugin. -->","_links":{"self":[{"href":"https:\/\/nobileaccademiamediterranea.org\/es\/wp-json\/wp\/v2\/pages\/823"}],"collection":[{"href":"https:\/\/nobileaccademiamediterranea.org\/es\/wp-json\/wp\/v2\/pages"}],"about":[{"href":"https:\/\/nobileaccademiamediterranea.org\/es\/wp-json\/wp\/v2\/types\/page"}],"author":[{"embeddable":true,"href":"https:\/\/nobileaccademiamediterranea.org\/es\/wp-json\/wp\/v2\/users\/1"}],"replies":[{"embeddable":true,"href":"https:\/\/nobileaccademiamediterranea.org\/es\/wp-json\/wp\/v2\/comments?post=823"}],"version-history":[{"count":5,"href":"https:\/\/nobileaccademiamediterranea.org\/es\/wp-json\/wp\/v2\/pages\/823\/revisions"}],"predecessor-version":[{"id":1109,"href":"https:\/\/nobileaccademiamediterranea.org\/es\/wp-json\/wp\/v2\/pages\/823\/revisions\/1109"}],"wp:attachment":[{"href":"https:\/\/nobileaccademiamediterranea.org\/es\/wp-json\/wp\/v2\/media?parent=823"}],"curies":[{"name":"wp","href":"https:\/\/api.w.org\/{rel}","templated":true}]}}