{"id":814,"date":"2020-06-15T23:07:25","date_gmt":"2020-06-15T21:07:25","guid":{"rendered":"https:\/\/nobileaccademiamediterranea.org\/?page_id=814"},"modified":"2020-10-21T01:03:06","modified_gmt":"2020-10-20T23:03:06","slug":"%d0%b6%d0%b8%d0%bb-%d0%b1%d1%8b%d0%bb","status":"publish","type":"page","link":"https:\/\/nobileaccademiamediterranea.org\/es\/%d0%b6%d0%b8%d0%bb-%d0%b1%d1%8b%d0%bb\/","title":{"rendered":"C\u2019era una volta\u2026.."},"content":{"rendered":"\n<div class=\"wp-container-1 wp-block-group my-0\"><div class=\"wp-block-group__inner-container\">\n<div class=\"wp-block-image no-abstract\"><figure class=\"alignleft size-medium is-resized\"><a href=\"https:\/\/nobileaccademiamediterranea.org\/wp-content\/uploads\/2020\/06\/unavolta.jpg\"><img loading=\"lazy\" src=\"https:\/\/nobileaccademiamediterranea.org\/wp-content\/uploads\/2020\/06\/unavolta-300x300.jpg\" alt=\"\" class=\"wp-image-818\" width=\"150\" height=\"150\" srcset=\"https:\/\/nobileaccademiamediterranea.org\/wp-content\/uploads\/2020\/06\/unavolta-300x300.jpg 300w, https:\/\/nobileaccademiamediterranea.org\/wp-content\/uploads\/2020\/06\/unavolta-150x150.jpg 150w, https:\/\/nobileaccademiamediterranea.org\/wp-content\/uploads\/2020\/06\/unavolta.jpg 500w\" sizes=\"(max-width: 150px) 100vw, 150px\" \/><\/a><\/figure><\/div>\n\n\n\n<p class=\"text-justify first-letter\">Un sue\u00f1o, repetido en la misma sucesi\u00f3n durante dos noches, ha generado el deseo de escribir este libro. Autobiogr\u00e1fico, con algunos rastros del mundo on\u00edrico, que afecta cada momento de la narraci\u00f3n: el recuerdo y la sublimaci\u00f3n del recuerdo mismo hacen que la imaginaci\u00f3n se parezca cuanto m\u00e0s a la realidad. El simbolismo y el alternarse de las situaciones repiten constantemente emociones y sentimientos, puntos fijos de la narraci\u00f3n. \u00bfEs real la realidad o es tan solo un recuerdo muy real? El libro no se encarga de solucionar este asunto, pero hay un empuje emocional que sigue haciendo que el recuerdo sea lo bueno y lo positivo de la existencia permitiendo observar la realidad, en cuanto continua b\u00fasqueda del amor y de la felicidad del hombre y de la naturaleza. El mensaje representa el punto de vista personal del autor de promocionar a si mismo y a los hombres la existencia de un equilibrio positivo entre la mente el cuerpo, el humano y el divino, a trav\u00e9s la aplicaci\u00f3n del amor.<\/p>\n<\/div><\/div>\n","protected":false},"excerpt":{"rendered":"<p>Un sue\u00f1o, repetido en la misma sucesi\u00f3n durante dos noches, ha generado el deseo de escribir este libro. Autobiogr\u00e1fico, con algunos rastros del mundo on\u00edrico, que afecta cada momento de la narraci\u00f3n: el recuerdo y la sublimaci\u00f3n del recuerdo mismo hacen que la imaginaci\u00f3n se parezca cuanto m\u00e0s a la realidad. El simbolismo y el [&hellip;]<\/p>\n","protected":false},"author":1,"featured_media":0,"parent":0,"menu_order":0,"comment_status":"closed","ping_status":"closed","template":"","meta":[],"yoast_head":"<!-- This site is optimized with the Yoast SEO plugin v16.4 - https:\/\/yoast.com\/wordpress\/plugins\/seo\/ -->\n<title>C\u2019era una volta\u2026.. - nobileaccademiamediterranea<\/title>\n<meta name=\"robots\" content=\"index, follow, max-snippet:-1, max-image-preview:large, max-video-preview:-1\" \/>\n<link rel=\"canonical\" href=\"https:\/\/nobileaccademiamediterranea.org\/ru\/\u0436\u0438\u043b-\u0431\u044b\u043b\/\" \/>\n<meta property=\"og:locale\" content=\"es_ES\" \/>\n<meta property=\"og:type\" content=\"article\" \/>\n<meta property=\"og:title\" content=\"C\u2019era una volta\u2026..\" \/>\n<meta property=\"og:description\" content=\"Un sue\u00f1o, repetido en la misma sucesi\u00f3n durante dos noches, ha generado el deseo de escribir este libro. Autobiogr\u00e1fico, con algunos rastros del mundo on\u00edrico, que afecta cada momento de la narraci\u00f3n: el recuerdo y la sublimaci\u00f3n del recuerdo mismo hacen que la imaginaci\u00f3n se parezca cuanto m\u00e0s a la realidad. El simbolismo y el [&hellip;]\" \/>\n<meta property=\"og:url\" content=\"https:\/\/nobileaccademiamediterranea.org\/ru\/\u0436\u0438\u043b-\u0431\u044b\u043b\/\" \/>\n<meta property=\"og:site_name\" content=\"nobileaccademiamediterranea\" \/>\n<meta property=\"article:modified_time\" content=\"2020-10-20T23:03:06+00:00\" \/>\n<meta property=\"og:image\" content=\"https:\/\/nobileaccademiamediterranea.org\/wp-content\/uploads\/2020\/06\/unavolta-300x300.jpg\" \/>\n<meta name=\"twitter:card\" content=\"summary_large_image\" \/>\n<meta name=\"twitter:label1\" content=\"Tiempo de lectura\" \/>\n\t<meta name=\"twitter:data1\" content=\"3 minutos\" \/>\n<script type=\"application\/ld+json\" class=\"yoast-schema-graph\">{\"@context\":\"https:\/\/schema.org\",\"@graph\":[{\"@type\":\"WebSite\",\"@id\":\"https:\/\/nobileaccademiamediterranea.org\/#website\",\"url\":\"https:\/\/nobileaccademiamediterranea.org\/\",\"name\":\"nobileaccademiamediterranea\",\"description\":\"\",\"potentialAction\":[{\"@type\":\"SearchAction\",\"target\":\"https:\/\/nobileaccademiamediterranea.org\/?s={search_term_string}\",\"query-input\":\"required name=search_term_string\"}],\"inLanguage\":\"es-ES\"},{\"@type\":\"ImageObject\",\"@id\":\"https:\/\/nobileaccademiamediterranea.org\/ru\/%d0%b6%d0%b8%d0%bb-%d0%b1%d1%8b%d0%bb\/#primaryimage\",\"inLanguage\":\"es-ES\",\"url\":\"https:\/\/nobileaccademiamediterranea.org\/wp-content\/uploads\/2020\/06\/unavolta.jpg\",\"contentUrl\":\"https:\/\/nobileaccademiamediterranea.org\/wp-content\/uploads\/2020\/06\/unavolta.jpg\",\"width\":500,\"height\":500},{\"@type\":\"WebPage\",\"@id\":\"https:\/\/nobileaccademiamediterranea.org\/ru\/%d0%b6%d0%b8%d0%bb-%d0%b1%d1%8b%d0%bb\/#webpage\",\"url\":\"https:\/\/nobileaccademiamediterranea.org\/ru\/%d0%b6%d0%b8%d0%bb-%d0%b1%d1%8b%d0%bb\/\",\"name\":\"[:it]C\\u2019era una volta\\u2026..[:en]Once Upone a Time...[:ru]\\u0416\\u0438\\u043b \\u0411\\u044b\\u043b\\u2026..[:] - nobileaccademiamediterranea\",\"isPartOf\":{\"@id\":\"https:\/\/nobileaccademiamediterranea.org\/#website\"},\"primaryImageOfPage\":{\"@id\":\"https:\/\/nobileaccademiamediterranea.org\/ru\/%d0%b6%d0%b8%d0%bb-%d0%b1%d1%8b%d0%bb\/#primaryimage\"},\"datePublished\":\"2020-06-15T21:07:25+00:00\",\"dateModified\":\"2020-10-20T23:03:06+00:00\",\"breadcrumb\":{\"@id\":\"https:\/\/nobileaccademiamediterranea.org\/ru\/%d0%b6%d0%b8%d0%bb-%d0%b1%d1%8b%d0%bb\/#breadcrumb\"},\"inLanguage\":\"es-ES\",\"potentialAction\":[{\"@type\":\"ReadAction\",\"target\":[\"https:\/\/nobileaccademiamediterranea.org\/ru\/%d0%b6%d0%b8%d0%bb-%d0%b1%d1%8b%d0%bb\/\"]}]},{\"@type\":\"BreadcrumbList\",\"@id\":\"https:\/\/nobileaccademiamediterranea.org\/ru\/%d0%b6%d0%b8%d0%bb-%d0%b1%d1%8b%d0%bb\/#breadcrumb\",\"itemListElement\":[{\"@type\":\"ListItem\",\"position\":1,\"item\":{\"@type\":\"WebPage\",\"@id\":\"https:\/\/nobileaccademiamediterranea.org\/ru\/\",\"url\":\"https:\/\/nobileaccademiamediterranea.org\/ru\/\",\"name\":\"Home\"}},{\"@type\":\"ListItem\",\"position\":2,\"item\":{\"@id\":\"https:\/\/nobileaccademiamediterranea.org\/ru\/%d0%b6%d0%b8%d0%bb-%d0%b1%d1%8b%d0%bb\/#webpage\"}}]}]}<\/script>\n<!-- \/ Yoast SEO plugin. -->","_links":{"self":[{"href":"https:\/\/nobileaccademiamediterranea.org\/es\/wp-json\/wp\/v2\/pages\/814"}],"collection":[{"href":"https:\/\/nobileaccademiamediterranea.org\/es\/wp-json\/wp\/v2\/pages"}],"about":[{"href":"https:\/\/nobileaccademiamediterranea.org\/es\/wp-json\/wp\/v2\/types\/page"}],"author":[{"embeddable":true,"href":"https:\/\/nobileaccademiamediterranea.org\/es\/wp-json\/wp\/v2\/users\/1"}],"replies":[{"embeddable":true,"href":"https:\/\/nobileaccademiamediterranea.org\/es\/wp-json\/wp\/v2\/comments?post=814"}],"version-history":[{"count":12,"href":"https:\/\/nobileaccademiamediterranea.org\/es\/wp-json\/wp\/v2\/pages\/814\/revisions"}],"predecessor-version":[{"id":1106,"href":"https:\/\/nobileaccademiamediterranea.org\/es\/wp-json\/wp\/v2\/pages\/814\/revisions\/1106"}],"wp:attachment":[{"href":"https:\/\/nobileaccademiamediterranea.org\/es\/wp-json\/wp\/v2\/media?parent=814"}],"curies":[{"name":"wp","href":"https:\/\/api.w.org\/{rel}","templated":true}]}}