{"id":808,"date":"2020-06-15T22:58:49","date_gmt":"2020-06-15T20:58:49","guid":{"rendered":"https:\/\/nobileaccademiamediterranea.org\/?page_id=808"},"modified":"2020-10-21T00:56:17","modified_gmt":"2020-10-20T22:56:17","slug":"c%d0%b5%d1%80%d0%b8%d1%8f-c%d0%bf%d0%be%d1%80%d1%82%d0%b8%d0%b2%d0%bd%d1%8b%d0%b5-k%d0%bb%d1%83%d0%b1%d1%8b","status":"publish","type":"page","link":"https:\/\/nobileaccademiamediterranea.org\/es\/c%d0%b5%d1%80%d0%b8%d1%8f-c%d0%bf%d0%be%d1%80%d1%82%d0%b8%d0%b2%d0%bd%d1%8b%d0%b5-k%d0%bb%d1%83%d0%b1%d1%8b\/","title":{"rendered":"Collana I Circoli Sportivi"},"content":{"rendered":"\n<div class=\"wp-container-1 wp-block-group my-0\"><div class=\"wp-block-group__inner-container\">\n<div class=\"wp-block-image no-abstract\"><figure class=\"alignleft size-large is-resized\"><img loading=\"lazy\" src=\"https:\/\/nobileaccademiamediterranea.org\/wp-content\/uploads\/2020\/06\/iniziative_circoliditalia.png\" alt=\"\" class=\"wp-image-828\" width=\"150\" height=\"150\" srcset=\"https:\/\/nobileaccademiamediterranea.org\/wp-content\/uploads\/2020\/06\/iniziative_circoliditalia.png 348w, https:\/\/nobileaccademiamediterranea.org\/wp-content\/uploads\/2020\/06\/iniziative_circoliditalia-300x300.png 300w, https:\/\/nobileaccademiamediterranea.org\/wp-content\/uploads\/2020\/06\/iniziative_circoliditalia-150x150.png 150w\" sizes=\"(max-width: 150px) 100vw, 150px\" \/><\/figure><\/div>\n\n\n\n<p class=\"first-letter text-justify\">Hace la antig\u00fcedad, los hombres tienden a reunirse por varias finalidades, d\u00e1ndose reglas y creando una sinergia com\u00fan que los une de forma metaf\u00edsica y espiritual. Los autores asumen ese dato como una ocasi\u00f3n para describir las varias formas de agregaci\u00f3n y para destacar las motivaciones y las caracter\u00edsticas personales. Hay muchas motivaciones relativamente a que los hombres se unen; la obra, en su complejo intentar\u00e1 descubrir el como y el porque. Deporte, cultura, religi\u00f3n o tan solo orgullo de pertenecer a una clase social, son las motivaciones que se manifiestan con mas frecuencia en la voluntad de reunirse y encontrar sinergias en com\u00fan. En el primer volumen, se tomar\u00e1n en consideraciones los c\u00edrculos de los deportes hist\u00f3ricos y los que tienen una connotaci\u00f3n universal: golf, gimnasio, canotaje equitaci\u00f3n y polo, tenis, vela. Se espera una prefaci\u00f3n del presidente del C.O.N.I Giovanni Malag\u00f2, con una introducci\u00f3n por cada deporte hecha por un campe\u00f3n o por el presidente del deporte mismo. El plano establece, por cada deporte, una breve historia con indicaci\u00f3n de los campeones, de los palmares, y de los c\u00edrculos de mayor prestigio y relevancia hist\u00f3rica. Se a\u00f1adir\u00e1 un registro de los c\u00edrculos agregados antes del C.O.N.I. El segundo volumen se ocupar\u00e1 de aquellas asociaciones que contribuyen con su actividad a la difusi\u00f3n de la cultura en general. Normalmente se re\u00fanen bajo la etiqueta de \u201camigos de\u201d; amigos de la m\u00fasica, amigos de los museos, de las cenas culturales, de las asociaciones que se dedican a la tutela del patrimonio art\u00edstico italiano. Se espera una prefaci\u00f3n del ministro de los bienes culturales, mientras por los apartados se preguntar\u00e1 por una introducci\u00f3n de un personaje con relevancia en el sector. El tercer volumen representa una iniciativa de innovaci\u00f3n, porque se enfrenta con la agregaci\u00f3n en su forma mas antigua y de elite, cuando el fen\u00f3meno de la agregaci\u00f3n cultural era algo exclusivo de las clases dominantes de la sociedad. Un homenaje a las realidades que siguen transmitiendo valores que muchas veces se consideran antiguos, donde la forma sigue siendo substancia. Se espera una prefaci\u00f3n que represente la tradici\u00f3n de los d\u00edas en que vivimos. El cuarto volumen se fija en la historicidad de los c\u00edrculos, mas all\u00e1 de su importancia y evoluci\u00f3n. Quiere ser un homenaje a la voluntad de algunos hombres que en los siglos han cre\u00eddo en la comparaci\u00f3n de las ideas y en la voluntad de juntar las fuerzas. La prefaci\u00f3n ser\u00e1 de un hist\u00f3rico, que pueda promocionar y unificar la historicidad a trav\u00e9s de la transmisi\u00f3n de valores y principios, se imagina que este trabajo pueda ser realizado por el Prof. Alessandro Barbero de la universidad de Torino. El quinto volumen se ocupar\u00e1 de la historia y de las actividades de las asociaciones religiosas y caballeras, a trav\u00e9s de un punto de mirada direccionado hacia la presencia social y la actividad de agregaci\u00f3n, sin preclusiones en relaci\u00f3n con sus or\u00edgenes. La prefaci\u00f3n se realizar\u00e1 por un hist\u00f3rico y estudioso especializado en este sector. El sexto volumen representa un homenaje a todos los que, con sus actividad deportiva, agon\u00edstica y organizativa, han contribuido a se\u00f1alar los valores del deporte y de la lealtad agon\u00edstica de los italianos. Los resultados se pueden lograr con dedici\u00f3n, voluntad y talento, pero sobretodo con la organizaci\u00f3n de estructuras deportivas. Este volumen puede considerarse como una continuaci\u00f3n del primer volumen y su exaltaci\u00f3n de virtudes y valores deportivos. La prefaci\u00f3n ser\u00e1 redactada por un campe\u00f3n o un director deportivo de grande operatividad internacional con la intenci\u00f3n de valorizar todav\u00eda m\u00e1s los temas del tratado. La iniciativa est\u00e1 avalada por la presencia concreta y afirmada en el mundo del web, con dominios y sitios dedicados, que se coordinar\u00e1n por medio de la MCT Communication y otras agencias de prensa y de revistas. La presentaci\u00f3n oficial de la obra se har\u00e1 en dos fases para una mayor penetraci\u00f3n en la textura cultural y \u00e9tica de la sociedad italiana. La primera imagina la presentaci\u00f3n dedicada a la prensa y a los medios de comunicaci\u00f3n por un intercambio profesional con los que trabajan en eso, en un lugar t\u00edpico del mundo de la comunicaci\u00f3n. La segunda se dedicar\u00e1 al mundo de la cultura, de la pol\u00edtica, del deporte, de las instituciones y de la econom\u00eda y financia por una mayor sensibilizaci\u00f3n del fen\u00f3meno de asociaci\u00f3n, n\u00facleo de la democracia y de la libertad de expresi\u00f3n y de dialogo. La sede escogida por el comit\u00e9 incluye muchas estructuras institucionales entre las cuales el Parlamento, lugar con un inter\u00e9s hist\u00f3rico.<br><br>Ambas las iniciativas se grabar\u00e1n y se transmitir\u00e1n en streaming en internet a trav\u00e9s de los sitios de la MCT Communication. El proyecto editorial se grab\u00f3 en el a\u00f1o 2019.<\/p>\n<\/div><\/div>\n\n\n\n<p class=\"text-justify\">ORGANIGRAMMA<\/p>\n\n\n\n<div class=\"wp-container-4 wp-block-columns my-0\">\n<div class=\"wp-container-2 wp-block-column\">\n<p>Editor y director editorial<br>Coeditor y codirector editorial<br>Director encargado<\/p>\n<\/div>\n\n\n\n<div class=\"wp-container-3 wp-block-column\">\n<p>Massimo Criscuoli Tortora<br>Giuseppina Levato<br>Giovanna Speranza<\/p>\n<\/div>\n<\/div>\n\n\n\n<p>Plan de la Obra<\/p>\n\n\n\n<div class=\"wp-container-7 wp-block-columns my-0 mb-1\">\n<div class=\"wp-container-5 wp-block-column\" style=\"flex-basis:33.3%\">\n<p>1\u00b0 volumen<\/p>\n<\/div>\n\n\n\n<div class=\"wp-container-6 wp-block-column\" style=\"flex-basis:66.6%\">\n<p>LOS CIRCULOS DEPORTIVOS<br>Prefaci\u00f3n<br>Introducci\u00f3n<br>1\u00b0 capitulo \u2013 la Vela ed il Mare<br>2\u00b0 capitulo \u2013 el canotaje<br>3\u00b0 capitulo \u2013 el Golf<br>4\u00b0 capitulo \u2013 el Tenis<br>5\u00b0 capitulo \u2013 la Gimnasia<br>6\u00b0 capitulo \u2013 la Esgrima<br>7\u00b0 capitulo \u2013 La equitaci\u00f3n y el Polo<br>Ap\u00e9ndice<\/p>\n<\/div>\n<\/div>\n\n\n\n<div class=\"wp-container-10 wp-block-columns my-0 mb-1\">\n<div class=\"wp-container-8 wp-block-column\" style=\"flex-basis:33.33%\">\n<p>2\u00b0 volumen<\/p>\n<\/div>\n\n\n\n<div class=\"wp-container-9 wp-block-column\" style=\"flex-basis:66.66%\">\n<p>CENACULOS CULTURALES Y MUSICALES<br>Prefaci\u00f3n<br>Introducci\u00f3n las sietes artes<br>1\u00b0 capitulo \u2013 Amigos de la M\u00fasica<br>2\u00b0 capitulo \u2013 Amigos de los Museos<br>3\u00b0 capitulo \u2013 Amigos del Teatro<br>4\u00b0 capitulo \u2013 la Poes\u00eda<br>5\u00b0 capitulo \u2013 la Filosofia<br>6\u00b0 capitulo &#8211; F.A.I.<br>Ap\u00e9ndice<\/p>\n<\/div>\n<\/div>\n\n\n\n<div class=\"wp-container-13 wp-block-columns my-0 mb-1\">\n<div class=\"wp-container-11 wp-block-column\" style=\"flex-basis:33.33%\">\n<p>3\u00b0 volumen<\/p>\n<\/div>\n\n\n\n<div class=\"wp-container-12 wp-block-column\" style=\"flex-basis:66.66%\">\n<p>GENTLEMEN<br>Prefaci\u00f3n<br>Introducci\u00f3n<br>1\u00b0 capitulo \u2013 Antig\u00fcedad y edad media<br>2\u00b0 capitulo \u2013 Los c\u00edrculos nobiliarios<br>3\u00b0 capitulo \u2013 Los C\u00edrculos c\u00edvicos<br>4\u00b0 capitulo \u2013 La caza a la zorro<br>5\u00b0 capitulo \u2013 Los c\u00edrculos militares<br>Ap\u00e9ndice<\/p>\n<\/div>\n<\/div>\n\n\n\n<div class=\"wp-container-16 wp-block-columns my-0 mb-1\">\n<div class=\"wp-container-14 wp-block-column\" style=\"flex-basis:33.33%\">\n<p>4\u00b0 volumen<\/p>\n<\/div>\n\n\n\n<div class=\"wp-container-15 wp-block-column\" style=\"flex-basis:66.66%\">\n<p>CIEN ANOS Y M\u00c1S<br>Prefaci\u00f3n<br>Introducci\u00f3n<br>1\u00b0 capitulo \u2013 La tradici\u00f3n y el orgullo<br>2\u00b0 capitulo \u2013 Los C\u00edrculos en la historia<br>3\u00b0 capitulo \u2013 Antes de 200<br>4\u00b0 capitulo \u2013 Antes de\u00a0150<br>5\u00b0 capitulo \u2013 Antes de\u00a0100<br>Ap\u00e9ndice<\/p>\n<\/div>\n<\/div>\n\n\n\n<div class=\"wp-container-19 wp-block-columns my-0 mb-1\">\n<div class=\"wp-container-17 wp-block-column\" style=\"flex-basis:33.33%\">\n<p>5\u00b0 volumen<\/p>\n<\/div>\n\n\n\n<div class=\"wp-container-18 wp-block-column\" style=\"flex-basis:66.66%\">\n<p>CONGRAGACIONES RELIGIOSAS Y CABALLEROSAS<br>Prefaci\u00f3n<br>Introducci\u00f3n<br>1\u00b0 capitulo \u2013 Sacralidad y profanidad<br>2\u00b0 capitulo \u2013 En el tiempo y en la historia<br>3\u00b0 capitulo \u2013 Las confraternizas<br>4\u00b0 capitulo \u2013 Los ordenes religiosos<br>5\u00b0 capitulo \u2013 Los ordenes Caballerosos<br>Ap\u00e9ndice<\/p>\n<\/div>\n<\/div>\n\n\n\n<div class=\"wp-container-22 wp-block-columns my-0\">\n<div class=\"wp-container-20 wp-block-column\" style=\"flex-basis:33.33%\">\n<p>6\u00b0 volumen<\/p>\n<\/div>\n\n\n\n<div class=\"wp-container-21 wp-block-column\" style=\"flex-basis:66.66%\">\n<p>BENEMERENCIAS DEPORTIVAS<br>Prefaci\u00f3n<br>Introducci\u00f3n<br>1\u00b0 capitulo \u2013 Collar de oro por los m\u00e9ritos deportivos<br>2\u00b0 capitulo \u2013 Estrella al merito deportivo<br>3\u00b0 capitulo \u2013 Medalla al valor deportivo<br>4\u00b0 capitulo \u2013 Palma al merito t\u00e9cnico<br>5\u00b0 capitulo \u2013 Menciones de las federaciones<br>6\u00b0 capitulo \u2013 Azul de Italia<br>7\u00b0 capitulo \u2013 Medallas Ol\u00edmpicas<br>8\u00b0 capitulo \u2013 Medallas Mundiales<br>9\u00b0 capitulo \u2013 Medallas Europeas<br>10\u00b0 capitulo \u2013 Medallas de competiciones internacionales<br>Ap\u00e9ndice<\/p>\n<\/div>\n<\/div>\n\n\n\n<p><\/p>\n","protected":false},"excerpt":{"rendered":"<p>Hace la antig\u00fcedad, los hombres tienden a reunirse por varias finalidades, d\u00e1ndose reglas y creando una sinergia com\u00fan que los une de forma metaf\u00edsica y espiritual. Los autores asumen ese dato como una ocasi\u00f3n para describir las varias formas de agregaci\u00f3n y para destacar las motivaciones y las caracter\u00edsticas personales. Hay muchas motivaciones relativamente a [&hellip;]<\/p>\n","protected":false},"author":1,"featured_media":0,"parent":0,"menu_order":0,"comment_status":"closed","ping_status":"closed","template":"","meta":[],"yoast_head":"<!-- This site is optimized with the Yoast SEO plugin v16.4 - https:\/\/yoast.com\/wordpress\/plugins\/seo\/ -->\n<title>Collana I Circoli Sportivi - nobileaccademiamediterranea<\/title>\n<meta name=\"robots\" content=\"index, follow, max-snippet:-1, max-image-preview:large, max-video-preview:-1\" \/>\n<link rel=\"canonical\" href=\"https:\/\/nobileaccademiamediterranea.org\/ru\/c\u0435\u0440\u0438\u044f-c\u043f\u043e\u0440\u0442\u0438\u0432\u043d\u044b\u0435-k\u043b\u0443\u0431\u044b\/\" \/>\n<meta property=\"og:locale\" content=\"es_ES\" \/>\n<meta property=\"og:type\" content=\"article\" \/>\n<meta property=\"og:title\" content=\"Collana I Circoli Sportivi\" \/>\n<meta property=\"og:description\" content=\"Hace la antig\u00fcedad, los hombres tienden a reunirse por varias finalidades, d\u00e1ndose reglas y creando una sinergia com\u00fan que los une de forma metaf\u00edsica y espiritual. Los autores asumen ese dato como una ocasi\u00f3n para describir las varias formas de agregaci\u00f3n y para destacar las motivaciones y las caracter\u00edsticas personales. Hay muchas motivaciones relativamente a [&hellip;]\" \/>\n<meta property=\"og:url\" content=\"https:\/\/nobileaccademiamediterranea.org\/ru\/c\u0435\u0440\u0438\u044f-c\u043f\u043e\u0440\u0442\u0438\u0432\u043d\u044b\u0435-k\u043b\u0443\u0431\u044b\/\" \/>\n<meta property=\"og:site_name\" content=\"nobileaccademiamediterranea\" \/>\n<meta property=\"article:modified_time\" content=\"2020-10-20T22:56:17+00:00\" \/>\n<meta property=\"og:image\" content=\"https:\/\/nobileaccademiamediterranea.org\/wp-content\/uploads\/2020\/06\/iniziative_circoliditalia.png\" \/>\n<meta name=\"twitter:card\" content=\"summary_large_image\" \/>\n<meta name=\"twitter:label1\" content=\"Tiempo de lectura\" \/>\n\t<meta name=\"twitter:data1\" content=\"15 minutos\" \/>\n<script type=\"application\/ld+json\" class=\"yoast-schema-graph\">{\"@context\":\"https:\/\/schema.org\",\"@graph\":[{\"@type\":\"WebSite\",\"@id\":\"https:\/\/nobileaccademiamediterranea.org\/#website\",\"url\":\"https:\/\/nobileaccademiamediterranea.org\/\",\"name\":\"nobileaccademiamediterranea\",\"description\":\"\",\"potentialAction\":[{\"@type\":\"SearchAction\",\"target\":\"https:\/\/nobileaccademiamediterranea.org\/?s={search_term_string}\",\"query-input\":\"required name=search_term_string\"}],\"inLanguage\":\"es-ES\"},{\"@type\":\"ImageObject\",\"@id\":\"https:\/\/nobileaccademiamediterranea.org\/ru\/c%d0%b5%d1%80%d0%b8%d1%8f-c%d0%bf%d0%be%d1%80%d1%82%d0%b8%d0%b2%d0%bd%d1%8b%d0%b5-k%d0%bb%d1%83%d0%b1%d1%8b\/#primaryimage\",\"inLanguage\":\"es-ES\",\"url\":\"https:\/\/nobileaccademiamediterranea.org\/wp-content\/uploads\/2020\/06\/iniziative_circoliditalia.png\",\"contentUrl\":\"https:\/\/nobileaccademiamediterranea.org\/wp-content\/uploads\/2020\/06\/iniziative_circoliditalia.png\",\"width\":348,\"height\":348},{\"@type\":\"WebPage\",\"@id\":\"https:\/\/nobileaccademiamediterranea.org\/ru\/c%d0%b5%d1%80%d0%b8%d1%8f-c%d0%bf%d0%be%d1%80%d1%82%d0%b8%d0%b2%d0%bd%d1%8b%d0%b5-k%d0%bb%d1%83%d0%b1%d1%8b\/#webpage\",\"url\":\"https:\/\/nobileaccademiamediterranea.org\/ru\/c%d0%b5%d1%80%d0%b8%d1%8f-c%d0%bf%d0%be%d1%80%d1%82%d0%b8%d0%b2%d0%bd%d1%8b%d0%b5-k%d0%bb%d1%83%d0%b1%d1%8b\/\",\"name\":\"[:it]Collana I Circoli Sportivi[:en]Sports Circles Series[:ru]\\u0421\\u0435\\u0440\\u0438\\u044f \\u201c\\u0421\\u043f\\u043e\\u0440\\u0442\\u0438\\u0432\\u043d\\u044b\\u0435 \\u041a\\u043b\\u0443\\u0431\\u044b\\u201d[:] - nobileaccademiamediterranea\",\"isPartOf\":{\"@id\":\"https:\/\/nobileaccademiamediterranea.org\/#website\"},\"primaryImageOfPage\":{\"@id\":\"https:\/\/nobileaccademiamediterranea.org\/ru\/c%d0%b5%d1%80%d0%b8%d1%8f-c%d0%bf%d0%be%d1%80%d1%82%d0%b8%d0%b2%d0%bd%d1%8b%d0%b5-k%d0%bb%d1%83%d0%b1%d1%8b\/#primaryimage\"},\"datePublished\":\"2020-06-15T20:58:49+00:00\",\"dateModified\":\"2020-10-20T22:56:17+00:00\",\"breadcrumb\":{\"@id\":\"https:\/\/nobileaccademiamediterranea.org\/ru\/c%d0%b5%d1%80%d0%b8%d1%8f-c%d0%bf%d0%be%d1%80%d1%82%d0%b8%d0%b2%d0%bd%d1%8b%d0%b5-k%d0%bb%d1%83%d0%b1%d1%8b\/#breadcrumb\"},\"inLanguage\":\"es-ES\",\"potentialAction\":[{\"@type\":\"ReadAction\",\"target\":[\"https:\/\/nobileaccademiamediterranea.org\/ru\/c%d0%b5%d1%80%d0%b8%d1%8f-c%d0%bf%d0%be%d1%80%d1%82%d0%b8%d0%b2%d0%bd%d1%8b%d0%b5-k%d0%bb%d1%83%d0%b1%d1%8b\/\"]}]},{\"@type\":\"BreadcrumbList\",\"@id\":\"https:\/\/nobileaccademiamediterranea.org\/ru\/c%d0%b5%d1%80%d0%b8%d1%8f-c%d0%bf%d0%be%d1%80%d1%82%d0%b8%d0%b2%d0%bd%d1%8b%d0%b5-k%d0%bb%d1%83%d0%b1%d1%8b\/#breadcrumb\",\"itemListElement\":[{\"@type\":\"ListItem\",\"position\":1,\"item\":{\"@type\":\"WebPage\",\"@id\":\"https:\/\/nobileaccademiamediterranea.org\/ru\/\",\"url\":\"https:\/\/nobileaccademiamediterranea.org\/ru\/\",\"name\":\"Home\"}},{\"@type\":\"ListItem\",\"position\":2,\"item\":{\"@id\":\"https:\/\/nobileaccademiamediterranea.org\/ru\/c%d0%b5%d1%80%d0%b8%d1%8f-c%d0%bf%d0%be%d1%80%d1%82%d0%b8%d0%b2%d0%bd%d1%8b%d0%b5-k%d0%bb%d1%83%d0%b1%d1%8b\/#webpage\"}}]}]}<\/script>\n<!-- \/ Yoast SEO plugin. -->","_links":{"self":[{"href":"https:\/\/nobileaccademiamediterranea.org\/es\/wp-json\/wp\/v2\/pages\/808"}],"collection":[{"href":"https:\/\/nobileaccademiamediterranea.org\/es\/wp-json\/wp\/v2\/pages"}],"about":[{"href":"https:\/\/nobileaccademiamediterranea.org\/es\/wp-json\/wp\/v2\/types\/page"}],"author":[{"embeddable":true,"href":"https:\/\/nobileaccademiamediterranea.org\/es\/wp-json\/wp\/v2\/users\/1"}],"replies":[{"embeddable":true,"href":"https:\/\/nobileaccademiamediterranea.org\/es\/wp-json\/wp\/v2\/comments?post=808"}],"version-history":[{"count":13,"href":"https:\/\/nobileaccademiamediterranea.org\/es\/wp-json\/wp\/v2\/pages\/808\/revisions"}],"predecessor-version":[{"id":1100,"href":"https:\/\/nobileaccademiamediterranea.org\/es\/wp-json\/wp\/v2\/pages\/808\/revisions\/1100"}],"wp:attachment":[{"href":"https:\/\/nobileaccademiamediterranea.org\/es\/wp-json\/wp\/v2\/media?parent=808"}],"curies":[{"name":"wp","href":"https:\/\/api.w.org\/{rel}","templated":true}]}}