{"id":799,"date":"2020-06-15T22:04:40","date_gmt":"2020-06-15T20:04:40","guid":{"rendered":"https:\/\/nobileaccademiamediterranea.org\/?page_id=799"},"modified":"2021-02-21T09:44:03","modified_gmt":"2021-02-21T08:44:03","slug":"blue-committee","status":"publish","type":"page","link":"https:\/\/nobileaccademiamediterranea.org\/es\/blue-committee\/","title":{"rendered":"Blue Committee"},"content":{"rendered":"\n<div class=\"wp-container-1 wp-block-group my-0\"><div class=\"wp-block-group__inner-container\">\n<div class=\"wp-block-image no-abstract my-0\"><figure class=\"alignleft size-large is-resized\"><img loading=\"lazy\" src=\"https:\/\/nobileaccademiamediterranea.org\/wp-content\/uploads\/2020\/06\/committe.png\" alt=\"\" class=\"wp-image-934\" width=\"150\" height=\"150\"\/><\/figure><\/div>\n\n\n\n<p class=\"text-justify first-letter\">Es un comit\u00e9 de simpatizantes, aficionados y estudiosos del mundo mediterr\u00e1neo. Acoge miembros de cada parte del mundo. Los miembros no son socios de la ONLUS y por lo tanto no llevan encima ni derechos ni deberes respecto a la gesti\u00f3n patrimonial de asociaci\u00f3n. La adhesi\u00f3n voluntaria es anual y se renueva de forma autom\u00e1tica cada a\u00f1o en ausencia de una manifestaci\u00f3n de voluntad opuesta. El comit\u00e9 se compone de un equipo de tres\/siete miembros, de los cuales la mitad m\u00e1s uno ser\u00e1 nombrado por el consejo de direcci\u00f3n de la ONLUS y los dem\u00e1s se elegir\u00e1n entre sus miembros. El Consejo de direcci\u00f3n tambi\u00e9n designa el coordinador del Blue Comit\u00e9. Sus miembros pueden ser llamados a tomar parte de comisiones instituidas por el Consejo directivo. Cada miembro efect\u00faa una donaci\u00f3n libera destinada a los proyectos de la ONLUS. El papel del Blue Comit\u00e9 es lo de acompa\u00f1ar la acci\u00f3n de voluntariado y cultural de la ONLUS, estudiando, profundizando y organizando acciones de asistencia a la misi\u00f3n.<\/p>\n<\/div><\/div>\n","protected":false},"excerpt":{"rendered":"<p>Es un comit\u00e9 de simpatizantes, aficionados y estudiosos del mundo mediterr\u00e1neo. Acoge miembros de cada parte del mundo. Los miembros no son socios de la ONLUS y por lo tanto no llevan encima ni derechos ni deberes respecto a la gesti\u00f3n patrimonial de asociaci\u00f3n. La adhesi\u00f3n voluntaria es anual y se renueva de forma autom\u00e1tica [&hellip;]<\/p>\n","protected":false},"author":1,"featured_media":0,"parent":0,"menu_order":0,"comment_status":"closed","ping_status":"closed","template":"","meta":[],"yoast_head":"<!-- This site is optimized with the Yoast SEO plugin v16.4 - https:\/\/yoast.com\/wordpress\/plugins\/seo\/ -->\n<title>Blue Committee - nobileaccademiamediterranea<\/title>\n<meta name=\"robots\" content=\"index, follow, max-snippet:-1, max-image-preview:large, max-video-preview:-1\" \/>\n<link rel=\"canonical\" href=\"https:\/\/nobileaccademiamediterranea.org\/blue-committee\/\" \/>\n<meta property=\"og:locale\" content=\"es_ES\" \/>\n<meta property=\"og:type\" content=\"article\" \/>\n<meta property=\"og:title\" content=\"Blue Committee\" \/>\n<meta property=\"og:description\" content=\"Es un comit\u00e9 de simpatizantes, aficionados y estudiosos del mundo mediterr\u00e1neo. Acoge miembros de cada parte del mundo. Los miembros no son socios de la ONLUS y por lo tanto no llevan encima ni derechos ni deberes respecto a la gesti\u00f3n patrimonial de asociaci\u00f3n. La adhesi\u00f3n voluntaria es anual y se renueva de forma autom\u00e1tica [&hellip;]\" \/>\n<meta property=\"og:url\" content=\"https:\/\/nobileaccademiamediterranea.org\/blue-committee\/\" \/>\n<meta property=\"og:site_name\" content=\"nobileaccademiamediterranea\" \/>\n<meta property=\"article:modified_time\" content=\"2021-02-21T08:44:03+00:00\" \/>\n<meta property=\"og:image\" content=\"https:\/\/nobileaccademiamediterranea.org\/wp-content\/uploads\/2020\/06\/committe.png\" \/>\n<meta name=\"twitter:card\" content=\"summary_large_image\" \/>\n<meta name=\"twitter:label1\" content=\"Tiempo de lectura\" \/>\n\t<meta name=\"twitter:data1\" content=\"2 minutos\" \/>\n<script type=\"application\/ld+json\" class=\"yoast-schema-graph\">{\"@context\":\"https:\/\/schema.org\",\"@graph\":[{\"@type\":\"WebSite\",\"@id\":\"https:\/\/nobileaccademiamediterranea.org\/#website\",\"url\":\"https:\/\/nobileaccademiamediterranea.org\/\",\"name\":\"nobileaccademiamediterranea\",\"description\":\"\",\"potentialAction\":[{\"@type\":\"SearchAction\",\"target\":\"https:\/\/nobileaccademiamediterranea.org\/?s={search_term_string}\",\"query-input\":\"required name=search_term_string\"}],\"inLanguage\":\"es-ES\"},{\"@type\":\"ImageObject\",\"@id\":\"https:\/\/nobileaccademiamediterranea.org\/blue-committee\/#primaryimage\",\"inLanguage\":\"es-ES\",\"url\":\"https:\/\/nobileaccademiamediterranea.org\/wp-content\/uploads\/2020\/06\/committe.png\",\"contentUrl\":\"https:\/\/nobileaccademiamediterranea.org\/wp-content\/uploads\/2020\/06\/committe.png\",\"width\":600,\"height\":434},{\"@type\":\"WebPage\",\"@id\":\"https:\/\/nobileaccademiamediterranea.org\/blue-committee\/#webpage\",\"url\":\"https:\/\/nobileaccademiamediterranea.org\/blue-committee\/\",\"name\":\"[:it]Blue Committee[:ru]\\u0421\\u0438\\u043d\\u0438\\u0439 \\u043a\\u043e\\u043c\\u0438\\u0442\\u0435\\u0442[:] - nobileaccademiamediterranea\",\"isPartOf\":{\"@id\":\"https:\/\/nobileaccademiamediterranea.org\/#website\"},\"primaryImageOfPage\":{\"@id\":\"https:\/\/nobileaccademiamediterranea.org\/blue-committee\/#primaryimage\"},\"datePublished\":\"2020-06-15T20:04:40+00:00\",\"dateModified\":\"2021-02-21T08:44:03+00:00\",\"breadcrumb\":{\"@id\":\"https:\/\/nobileaccademiamediterranea.org\/blue-committee\/#breadcrumb\"},\"inLanguage\":\"es-ES\",\"potentialAction\":[{\"@type\":\"ReadAction\",\"target\":[\"https:\/\/nobileaccademiamediterranea.org\/blue-committee\/\"]}]},{\"@type\":\"BreadcrumbList\",\"@id\":\"https:\/\/nobileaccademiamediterranea.org\/blue-committee\/#breadcrumb\",\"itemListElement\":[{\"@type\":\"ListItem\",\"position\":1,\"item\":{\"@type\":\"WebPage\",\"@id\":\"https:\/\/nobileaccademiamediterranea.org\/ru\/\",\"url\":\"https:\/\/nobileaccademiamediterranea.org\/ru\/\",\"name\":\"Home\"}},{\"@type\":\"ListItem\",\"position\":2,\"item\":{\"@id\":\"https:\/\/nobileaccademiamediterranea.org\/blue-committee\/#webpage\"}}]}]}<\/script>\n<!-- \/ Yoast SEO plugin. -->","_links":{"self":[{"href":"https:\/\/nobileaccademiamediterranea.org\/es\/wp-json\/wp\/v2\/pages\/799"}],"collection":[{"href":"https:\/\/nobileaccademiamediterranea.org\/es\/wp-json\/wp\/v2\/pages"}],"about":[{"href":"https:\/\/nobileaccademiamediterranea.org\/es\/wp-json\/wp\/v2\/types\/page"}],"author":[{"embeddable":true,"href":"https:\/\/nobileaccademiamediterranea.org\/es\/wp-json\/wp\/v2\/users\/1"}],"replies":[{"embeddable":true,"href":"https:\/\/nobileaccademiamediterranea.org\/es\/wp-json\/wp\/v2\/comments?post=799"}],"version-history":[{"count":7,"href":"https:\/\/nobileaccademiamediterranea.org\/es\/wp-json\/wp\/v2\/pages\/799\/revisions"}],"predecessor-version":[{"id":1122,"href":"https:\/\/nobileaccademiamediterranea.org\/es\/wp-json\/wp\/v2\/pages\/799\/revisions\/1122"}],"wp:attachment":[{"href":"https:\/\/nobileaccademiamediterranea.org\/es\/wp-json\/wp\/v2\/media?parent=799"}],"curies":[{"name":"wp","href":"https:\/\/api.w.org\/{rel}","templated":true}]}}