{"id":785,"date":"2020-06-11T21:43:38","date_gmt":"2020-06-11T19:43:38","guid":{"rendered":"https:\/\/nobileaccademiamediterranea.org\/?page_id=785"},"modified":"2020-10-20T23:14:50","modified_gmt":"2020-10-20T21:14:50","slug":"biografia-premio-mons-bruno-navara","status":"publish","type":"page","link":"https:\/\/nobileaccademiamediterranea.org\/es\/biografia-premio-mons-bruno-navara\/","title":{"rendered":"Biografia"},"content":{"rendered":"\n<div class=\"wp-container-1 wp-block-group my-0\"><div class=\"wp-block-group__inner-container\">\n<div class=\"wp-block-image no-abstract\"><figure class=\"alignleft size-large is-resized\"><img src=\"https:\/\/nobileaccademiamediterranea.org\/wp-content\/uploads\/2020\/06\/Foto-Navarra.jpg\" alt=\"\" class=\"wp-image-771\" width=\"150\"\/><\/figure><\/div>\n\n\n\n<p class=\"text-justify first-letter\">Bruno Navarra naci\u00f3 en Segni (Roma) el 03\/04\/1925 \u2013 29\/07\/2006; ordenado sacerdote el 14\/08\/1948. Graduado en literatura cl\u00e1sica, tras algunos a\u00f1os de ministerio pastoral en Roma, ha trabajado durante muchos a\u00f1os como profesor del seminario de Segni, en el cual ha desempe\u00f1ado el papel de Rector del Seminario Minor, y al mismo tiempo profesor de la escuela segundaria D. Cesare en la misma ciudad. Fundador y director del peri\u00f3dico mensual \u201cel coraz\u00f3n de la di\u00f3cesis\u201d desde el 1958, colabora a varios peri\u00f3dicos, revistas culturales del complejo sacerdotal, y al \u201clunario Romano\u201d del Grupo cultural de Roma. Miembro de la asociaci\u00f3n Artisti Lepini. En el 1986 ordenado cura de la catedral de Segni. Cultor preciso y con la pasi\u00f3n por la historia de su ciudad y de sus tradiciones, ha promocionado acontecimientos y personajes en una enorme producci\u00f3n literaria: folletos, monograf\u00edas, libros que se imponen por el rigor de la investigaci\u00f3n y el utilizo de un lenguaje sencillo y linear. Por la historia local recordamos: \u2018Laetare Signina Civitas\u2019, \u2018L\u2019anno di Maria\u2019 y \u2018Alma Mater sacerdotum\u2019, tres folletos escritos en ocasiones de manifestaciones ciudadanas. Desde el a\u00f1o 1975 Mons. Bruno Navarra ha publicado cada a\u00f1o monograf\u00edas de historia local, de costumbres locales y de tradiciones. \u2018La Cassa Rurale ed Artigiana de Segni\u2019; \u2018Segni, la concattedrale e i Vescovi\u2019; \u2018La Segninit\u00e0, un gradevole excursus sul dialetto segnino\u2019; \u2018Segni e il suo tempio etrusco.italiano(Chiesa di S.Pietro)\u2019; \u2018Segni, la citt\u00e0 che scompare\u2019; \u2018Vita di S. Bruno (da an\u00f3nimo)\u2019; \u2018Il sacco di Segni: Segni e le sue contrade\u2019; \u2018La storia di SegniI; un secolo di storia\u2019; \u2018la Vergine Addolorata\u2019; \u2018Angelo Maria Fagiolo. Es autor de libros: San Bitaliano\u2019; \u2018Filippo Michele Ellis\u2019; \u2018San Bruno Astense\u2019; \u2018La basilica concattedrale di Segni\u2019; \u2018La guida tur\u00edstica di Segni e la storia di Segni dalle origini ad oggi\u2019. Por su actividad el Mons. Navarra ha recibido numerosos reconocimientos y premios como el Premio de la cultura otorgado por la presidencia del consejo de los ministros y el premio ex aequo en la prima edici\u00f3n del Premio Bienal Literario dei Lepini.<\/p>\n<\/div><\/div>\n","protected":false},"excerpt":{"rendered":"<p>Bruno Navarra naci\u00f3 en Segni (Roma) el 03\/04\/1925 \u2013 29\/07\/2006; ordenado sacerdote el 14\/08\/1948. Graduado en literatura cl\u00e1sica, tras algunos a\u00f1os de ministerio pastoral en Roma, ha trabajado durante muchos a\u00f1os como profesor del seminario de Segni, en el cual ha desempe\u00f1ado el papel de Rector del Seminario Minor, y al mismo tiempo profesor de [&hellip;]<\/p>\n","protected":false},"author":1,"featured_media":0,"parent":0,"menu_order":0,"comment_status":"closed","ping_status":"closed","template":"","meta":[],"yoast_head":"<!-- This site is optimized with the Yoast SEO plugin v16.4 - https:\/\/yoast.com\/wordpress\/plugins\/seo\/ -->\n<title>Biografia - nobileaccademiamediterranea<\/title>\n<meta name=\"robots\" content=\"index, follow, max-snippet:-1, max-image-preview:large, max-video-preview:-1\" \/>\n<link rel=\"canonical\" href=\"https:\/\/nobileaccademiamediterranea.org\/ru\/biografia-premio-mons-bruno-navara\/\" \/>\n<meta property=\"og:locale\" content=\"es_ES\" \/>\n<meta property=\"og:type\" content=\"article\" \/>\n<meta property=\"og:title\" content=\"Biografia\" \/>\n<meta property=\"og:description\" content=\"Bruno Navarra naci\u00f3 en Segni (Roma) el 03\/04\/1925 \u2013 29\/07\/2006; ordenado sacerdote el 14\/08\/1948. Graduado en literatura cl\u00e1sica, tras algunos a\u00f1os de ministerio pastoral en Roma, ha trabajado durante muchos a\u00f1os como profesor del seminario de Segni, en el cual ha desempe\u00f1ado el papel de Rector del Seminario Minor, y al mismo tiempo profesor de [&hellip;]\" \/>\n<meta property=\"og:url\" content=\"https:\/\/nobileaccademiamediterranea.org\/ru\/biografia-premio-mons-bruno-navara\/\" \/>\n<meta property=\"og:site_name\" content=\"nobileaccademiamediterranea\" \/>\n<meta property=\"article:modified_time\" content=\"2020-10-20T21:14:50+00:00\" \/>\n<meta property=\"og:image\" content=\"https:\/\/nobileaccademiamediterranea.org\/wp-content\/uploads\/2020\/06\/Foto-Navarra.jpg\" \/>\n<meta name=\"twitter:card\" content=\"summary_large_image\" \/>\n<meta name=\"twitter:label1\" content=\"Tiempo de lectura\" \/>\n\t<meta name=\"twitter:data1\" content=\"5 minutos\" \/>\n<script type=\"application\/ld+json\" class=\"yoast-schema-graph\">{\"@context\":\"https:\/\/schema.org\",\"@graph\":[{\"@type\":\"WebSite\",\"@id\":\"https:\/\/nobileaccademiamediterranea.org\/#website\",\"url\":\"https:\/\/nobileaccademiamediterranea.org\/\",\"name\":\"nobileaccademiamediterranea\",\"description\":\"\",\"potentialAction\":[{\"@type\":\"SearchAction\",\"target\":\"https:\/\/nobileaccademiamediterranea.org\/?s={search_term_string}\",\"query-input\":\"required name=search_term_string\"}],\"inLanguage\":\"es-ES\"},{\"@type\":\"ImageObject\",\"@id\":\"https:\/\/nobileaccademiamediterranea.org\/ru\/biografia-premio-mons-bruno-navara\/#primaryimage\",\"inLanguage\":\"es-ES\",\"url\":\"https:\/\/nobileaccademiamediterranea.org\/wp-content\/uploads\/2020\/06\/Foto-Navarra.jpg\",\"contentUrl\":\"https:\/\/nobileaccademiamediterranea.org\/wp-content\/uploads\/2020\/06\/Foto-Navarra.jpg\",\"width\":197,\"height\":255},{\"@type\":\"WebPage\",\"@id\":\"https:\/\/nobileaccademiamediterranea.org\/ru\/biografia-premio-mons-bruno-navara\/#webpage\",\"url\":\"https:\/\/nobileaccademiamediterranea.org\/ru\/biografia-premio-mons-bruno-navara\/\",\"name\":\"[:it]Biografia[:en]Biography[:ru]\\u0411\\u0438\\u043e\\u0433\\u0440\\u0430\\u0444\\u0438\\u044f[:] - nobileaccademiamediterranea\",\"isPartOf\":{\"@id\":\"https:\/\/nobileaccademiamediterranea.org\/#website\"},\"primaryImageOfPage\":{\"@id\":\"https:\/\/nobileaccademiamediterranea.org\/ru\/biografia-premio-mons-bruno-navara\/#primaryimage\"},\"datePublished\":\"2020-06-11T19:43:38+00:00\",\"dateModified\":\"2020-10-20T21:14:50+00:00\",\"breadcrumb\":{\"@id\":\"https:\/\/nobileaccademiamediterranea.org\/ru\/biografia-premio-mons-bruno-navara\/#breadcrumb\"},\"inLanguage\":\"es-ES\",\"potentialAction\":[{\"@type\":\"ReadAction\",\"target\":[\"https:\/\/nobileaccademiamediterranea.org\/ru\/biografia-premio-mons-bruno-navara\/\"]}]},{\"@type\":\"BreadcrumbList\",\"@id\":\"https:\/\/nobileaccademiamediterranea.org\/ru\/biografia-premio-mons-bruno-navara\/#breadcrumb\",\"itemListElement\":[{\"@type\":\"ListItem\",\"position\":1,\"item\":{\"@type\":\"WebPage\",\"@id\":\"https:\/\/nobileaccademiamediterranea.org\/ru\/\",\"url\":\"https:\/\/nobileaccademiamediterranea.org\/ru\/\",\"name\":\"Home\"}},{\"@type\":\"ListItem\",\"position\":2,\"item\":{\"@id\":\"https:\/\/nobileaccademiamediterranea.org\/ru\/biografia-premio-mons-bruno-navara\/#webpage\"}}]}]}<\/script>\n<!-- \/ Yoast SEO plugin. -->","_links":{"self":[{"href":"https:\/\/nobileaccademiamediterranea.org\/es\/wp-json\/wp\/v2\/pages\/785"}],"collection":[{"href":"https:\/\/nobileaccademiamediterranea.org\/es\/wp-json\/wp\/v2\/pages"}],"about":[{"href":"https:\/\/nobileaccademiamediterranea.org\/es\/wp-json\/wp\/v2\/types\/page"}],"author":[{"embeddable":true,"href":"https:\/\/nobileaccademiamediterranea.org\/es\/wp-json\/wp\/v2\/users\/1"}],"replies":[{"embeddable":true,"href":"https:\/\/nobileaccademiamediterranea.org\/es\/wp-json\/wp\/v2\/comments?post=785"}],"version-history":[{"count":6,"href":"https:\/\/nobileaccademiamediterranea.org\/es\/wp-json\/wp\/v2\/pages\/785\/revisions"}],"predecessor-version":[{"id":1081,"href":"https:\/\/nobileaccademiamediterranea.org\/es\/wp-json\/wp\/v2\/pages\/785\/revisions\/1081"}],"wp:attachment":[{"href":"https:\/\/nobileaccademiamediterranea.org\/es\/wp-json\/wp\/v2\/media?parent=785"}],"curies":[{"name":"wp","href":"https:\/\/api.w.org\/{rel}","templated":true}]}}