{"id":7,"date":"2020-02-25T18:01:17","date_gmt":"2020-02-25T17:01:17","guid":{"rendered":"https:\/\/nobileaccademiamediterranea.org\/?page_id=7"},"modified":"2020-09-30T22:57:34","modified_gmt":"2020-09-30T20:57:34","slug":"chi-siamo","status":"publish","type":"page","link":"https:\/\/nobileaccademiamediterranea.org\/es\/chi-siamo\/","title":{"rendered":"Quienes somos"},"content":{"rendered":"\n<style>\n.wp-block-columns{margin-top: 0!important}\n.wp-block-image, figure{margin-top: 1rem!important; margin-bottom: 1rem!important;}\n.wp-block-image img{max-width: 140px;}\nfigcaption{ width: 200px;margin-top: 16px!important;}\n.wp-block-image.gold-border figure::before{left: 20px!important}\n.img-donadio img{margin: 0 auto;}\n.chi-siamo-block{display:none}\n<\/style>\n\n\n\n<div class=\"wp-container-5 wp-block-group chi-siamo-block first-letter\"><div class=\"wp-block-group__inner-container\">\n<p class=\"text-justify\">C&#8217;\u00e8 ancora spazio per un prodotto simile quasi al terzo decennio del nuovo millennio dove il digitale, in un mondo accelerato e volubile, d\u00e0 risposte in tempo reale e spesso concentrate in pochi caratteri e infarcite di emoticon? Certamente si. Iniziando con il restituire alla musica il suo vero ruolo e avviandone la sua fruizione&nbsp;con i 5 sensi.&nbsp;La musica \u00e8 bellezza e canto dell&#8217;anima. E&#8217; un linguaggio di comunicazione universale compreso da tutti e che da sempre unisce tutti. Ha radici lontane, nate con l&#8217;uomo. Gli artisti sono lo strumento della musica, sono l&#8217;espressione della sua bellezza. Con essa e attraverso essa noi percepiamo i sentimenti e gli stati d&#8217;animo. Per citarne alcuni: gioia, amore,&nbsp;rabbia, dolore, tristezza, la sua partitura ci&nbsp;pu\u00f2 far piangere e poi sorridere, rilassare o inquietare, rendere felici o meditare immedesimandoci nello stato d&#8217;animo o nella situazione e l&#8217;esecuzione&nbsp;somministra al pubblico presente una esperienza musicale degna di essere ricordata. Quindi ascoltiamo attentamente, riconosciamone i tratti significativi di una esecuzione o di una composizione, guardiamo gli esecutori, i musicisti, gli interpreti o i personaggi che prendono vita dalla musica; tocchiamo gli oggetti che ci circondano; annusiamo&nbsp;gli odori del sito in cui ha luogo l&#8217;esecuzione musicale perch\u00e9 ogni spazio \u00e8 diverso e sprigiona sensazioni ed emozioni differenti.&nbsp; Questa sovrapposizione di percezioni sovraccarica le connessioni del cervello attivando le aree sensoriali, l&#8217;orecchio ha capacit\u00e0 di comunicare con le papille gustative, ed ecco che l&#8217;interferenza intuitiva mi fa cogliere e collegare mentalmente un suono ad un sapore. Accanto alla musica, nel magazine, troveranno spazio il Canto e la Danza oltre a news e rubriche, eventi, libri, dischi, festival, concerti, corsi e concorsi, strumenti e generi musicali anche lontani tra loro. Ecco qui la nascita del nostro sito \u00abMusicalmente\u00bb, che vive con i 5 sensi: si stacca dalla dimensione umana per addentrarsi in quella delle arti. E questa \u00e8 la prima sfida.&nbsp; L&#8217;altra sfida, anche questa non facile, \u00e8 quella di scrivere la propria opinione su soggetti, contenuti, o sulle capacit\u00e0 artistiche, che intaccano inevitabilmente anche il lavoro e i sacrifici che ci sono dietro alla preparazione dell&#8217;esecuzione o dell&#8217;evento. L&#8217;onest\u00e0 intellettuale e la professionalit\u00e0 per\u00f2 ci vengono in aiuto nella compilazione degli articoli scritti. E di questo ringraziamo il nostro direttore editoriale Giuseppina Levato che con grande passione ha dato vita al progetto e a Carlo Donadio, condirettore editoriale, e tutta la redazione che hanno sposato il progetto e ci sosterranno in questa impresa.<\/p>\n\n\n\n<p>Buona lettura<\/p>\n\n\n\n<div class=\"wp-container-3 wp-block-columns\">\n<div class=\"wp-container-1 wp-block-column\">\n<div class=\"wp-block-image gold-border\"><figure class=\"aligncenter size-large\"><img loading=\"lazy\" width=\"170\" height=\"170\" src=\"https:\/\/nobileaccademiamediterranea.org\/wp-content\/uploads\/2020\/05\/levato.jpg\" alt=\"\" class=\"wp-image-395\" srcset=\"https:\/\/nobileaccademiamediterranea.org\/wp-content\/uploads\/2020\/05\/levato.jpg 170w, https:\/\/nobileaccademiamediterranea.org\/wp-content\/uploads\/2020\/05\/levato-150x150.jpg 150w\" sizes=\"(max-width: 170px) 100vw, 170px\" \/><figcaption><strong>M\u00b0 Giuseppina Levato&nbsp;<br>Editore e Direttore Editoriale<\/strong><\/figcaption><\/figure><\/div>\n\n\n\n<p class=\"text-justify\">Cari lettori,&nbsp;da oggi \u00e8 online il nuovo magazine Musicalmente! Esso fa parte di un pi\u00f9 grande progetto editoriale sul quale un team di professionisti, giornalisti e cultori sta lavorando con grande impegno ed entusiasmo. L&#8217;avvincente sfida che ci proponiamo \u00e9 quella di essere sempre uno strumento capace di suscitare ed appagare interessi e curiosit\u00e0. Infatti, Musicalmente, non vuole essere solo un sito, ma altres\u00ec un centro di informazione culturale specialistico. La Musica, il Canto e la Danza sono i tre nuclei attorno ai quali si tesseranno articoli informativi, ma anche divagazioni, news e rubriche&nbsp;su strumenti e generi musicali anche lontani tra loro e su eventi, libri, dischi, festival, concerti, corsi e concorsi. Saremo sempre attenti ad interpretare le esigenze di tutti, garantendo continui e progressivi miglioramenti, anche grazie ai contributi dei nostri lettori. Il mio personale ringraziamento va a Giovanna Speranza, nostro direttore responsabile, e Carlo Donadio, condirettore editoriale, e tutta la redazione che ha accolto con interesse e positivit\u00e0 questo progetto. Sono certa che attraverso le loro professionalit\u00e0, esperienza e parole ci faranno sentire presenti agli eventi, di cui ci parleranno. L\u2019augurio sincero \u00e8 che insieme si possa costruire qualcosa di \u00abspettacolare\u00bb e sempre interessante.<\/p>\n\n\n\n<p>Buon ascolto e buona lettura a tutti&#8230;.<\/p>\n<\/div>\n\n\n\n<div class=\"wp-container-2 wp-block-column\">\n<div class=\"wp-block-image gold-border\"><figure class=\"aligncenter size-large\"><img loading=\"lazy\" width=\"170\" height=\"170\" src=\"https:\/\/nobileaccademiamediterranea.org\/wp-content\/uploads\/2020\/05\/speranza.png\" alt=\"\" class=\"wp-image-335\" srcset=\"https:\/\/nobileaccademiamediterranea.org\/wp-content\/uploads\/2020\/05\/speranza.png 170w, https:\/\/nobileaccademiamediterranea.org\/wp-content\/uploads\/2020\/05\/speranza-150x150.png 150w\" sizes=\"(max-width: 170px) 100vw, 170px\" \/><figcaption><strong>Cav. Giovanna Speranza Direttore Responsabile<\/strong><\/figcaption><\/figure><\/div>\n\n\n\n<p class=\"text-justify\">Musicalmente, un sito online sulla musica e non solo. C&#8217;\u00e8 ancora spazio per un prodotto simile quasi al terzo decennio del nuovo millennio dove il digitale, in un mondo accelerato e volubile, d\u00e0 risposte in tempo reale e spesso concentrate in pochi caratteri e infarcite di emoticon? Certamente si. Restituendo alla musica il suo ruolo effettivo e orientando la sua fruizione in modo diverso: facendo uso i tutti i sensi umani. Di conseguenza ascoltiamo attentamente, riconosciamo i tratti significativi di una esecuzione o di una composizione, con essa e attraverso essa noi percepiamo i sentimenti e gli stati d&#8217;animo, quali gioia, amore, rabbia, dolore, tristezza, la sua partitura ci&nbsp;pu\u00f2 far piangere e poi sorridere, rilassare o inquietare, rendere felici o meditare immedesimandoci nello stato d&#8217;animo o nella situazione che l&#8217;esecuzione somministra al pubblico presente; e ancora guardiamo con gli occhi gli esecutori, i musicisti, gli interpreti o i personaggi che prendono vita dalla musica; tocchiamo gli oggetti che ci circondano; annusiamo gli odori del sito in cui ha luogo l&#8217;esecuzione musicale perch\u00e9 ogni luogo \u00e8 diverso e sprigiona sensazioni ed emozioni partecipative differenti; ed infine gustiamo: questa sovrapposizione di percezioni sovraccarica le connessioni del cervello attivando le aree sensoriali, l&#8217;orecchio ha capacit\u00e0 di comunicare con le papille gustative, ed ecco che l&#8217;interferenza intuitiva mi fa cogliere e collegare mentalmente un suono ad un sapore. Questo sar\u00e0 l&#8217;incipit. Accanto alla musica, nel magazine, troveranno spazio il Canto e la Danza oltre a news e rubriche, eventi, libri, dischi, festival, concerti, corsi e concorsi, strumenti e generi musicali anche lontani tra loro. Ecco qui la nascita del nostro sito \u00abMusicalmente\u00bb, che vive per separarsi dalla dimensione umana per inoltrarsi in quella delle arti. Qui \u00abentrano in scena\u00bb i professionisti del settore per la redazione degli articoli, e di questo ringraziamo il nostro direttore editoriale Giuseppina Levato, che con grande passione ha dato vita al progetto, e a Carlo Donadio, condirettore editoriale, e tutta la redazione che hanno sposato il progetto e ci sosterranno in questa impresa. <\/p>\n\n\n\n<p>Buona lettura<\/p>\n<\/div>\n<\/div>\n\n\n\n<div class=\"wp-container-4 wp-block-group\"><div class=\"wp-block-group__inner-container\">\n<div class=\"wp-block-image gold-border img-donadio\"><figure class=\"alignleft size-large\"><img loading=\"lazy\" width=\"170\" height=\"170\" src=\"https:\/\/nobileaccademiamediterranea.org\/wp-content\/uploads\/2020\/05\/donadio-1.jpeg\" alt=\"\" class=\"wp-image-402\" srcset=\"https:\/\/nobileaccademiamediterranea.org\/wp-content\/uploads\/2020\/05\/donadio-1.jpeg 170w, https:\/\/nobileaccademiamediterranea.org\/wp-content\/uploads\/2020\/05\/donadio-1-150x150.jpeg 150w\" sizes=\"(max-width: 170px) 100vw, 170px\" \/><figcaption><strong>M\u00b0 Carlo Donadio<\/strong><br><strong>condirettore editoriale<\/strong><\/figcaption><\/figure><\/div>\n<\/div><\/div>\n\n\n\n<p class=\"text-justify\">L&#8217; invito del M\u00b0 Levato e del Direttore Speranza a condividere quest&#8217;esperienza e, soprattutto, il loro entusiasmo, hanno fatto s\u00ec che le mie remore&nbsp; per un ruolo per me inedito risultassero poco pi\u00f9 che un alibi per chi, come me, \u00e8 convinto che l&#8217;amore incondizionato per la bellezza e per la musica in particolare renda libero e migliore chiunque. Sono convinto, infatti, che tutti possano percepire la potenza evocativa ed egualitaria della musica: sta a noi operare per farne fruire la bellezza e la positivit\u00e0 a tutti. E reputo che il progetto \u00abMusicalmente\u00bb sia una finestra innovativa nella comunicazione del mondo del suono e delle note. La mia professionalit\u00e0 ed il mio ancor giovanile entusiasmo sono e saranno un tassello di chiaroscuro per dare alla musica e alle sue varie componenti una evidenza nella vita di ognuno di noi. Continuiamo a vivere con lo spartito e tra le sue note!<\/p>\n<\/div><\/div>\n","protected":false},"excerpt":{"rendered":"<p>C&#8217;\u00e8 ancora spazio per un prodotto simile quasi al terzo decennio del nuovo millennio dove il digitale, in un mondo accelerato e volubile, d\u00e0 risposte in tempo reale e spesso concentrate in pochi caratteri e infarcite di emoticon? Certamente si. Iniziando con il restituire alla musica il suo vero ruolo e avviandone la sua fruizione&nbsp;con [&hellip;]<\/p>\n","protected":false},"author":1,"featured_media":0,"parent":0,"menu_order":0,"comment_status":"closed","ping_status":"closed","template":"","meta":[],"yoast_head":"<!-- This site is optimized with the Yoast SEO plugin v16.4 - https:\/\/yoast.com\/wordpress\/plugins\/seo\/ -->\n<title>Quienes somos - nobileaccademiamediterranea<\/title>\n<meta name=\"robots\" content=\"index, follow, max-snippet:-1, max-image-preview:large, max-video-preview:-1\" \/>\n<link rel=\"canonical\" href=\"https:\/\/nobileaccademiamediterranea.org\/ru\/chi-siamo\/\" \/>\n<meta property=\"og:locale\" content=\"es_ES\" \/>\n<meta property=\"og:type\" content=\"article\" \/>\n<meta property=\"og:title\" content=\"Quienes somos\" \/>\n<meta property=\"og:description\" content=\"C&#8217;\u00e8 ancora spazio per un prodotto simile quasi al terzo decennio del nuovo millennio dove il digitale, in un mondo accelerato e volubile, d\u00e0 risposte in tempo reale e spesso concentrate in pochi caratteri e infarcite di emoticon? Certamente si. Iniziando con il restituire alla musica il suo vero ruolo e avviandone la sua fruizione&nbsp;con [&hellip;]\" \/>\n<meta property=\"og:url\" content=\"https:\/\/nobileaccademiamediterranea.org\/ru\/chi-siamo\/\" \/>\n<meta property=\"og:site_name\" content=\"nobileaccademiamediterranea\" \/>\n<meta property=\"article:modified_time\" content=\"2020-09-30T20:57:34+00:00\" \/>\n<meta property=\"og:image\" content=\"https:\/\/nobileaccademiamediterranea.org\/wp-content\/uploads\/2020\/05\/levato.jpg\" \/>\n<meta name=\"twitter:card\" content=\"summary_large_image\" \/>\n<meta name=\"twitter:label1\" content=\"Tiempo de lectura\" \/>\n\t<meta name=\"twitter:data1\" content=\"17 minutos\" \/>\n<script type=\"application\/ld+json\" class=\"yoast-schema-graph\">{\"@context\":\"https:\/\/schema.org\",\"@graph\":[{\"@type\":\"WebSite\",\"@id\":\"https:\/\/nobileaccademiamediterranea.org\/#website\",\"url\":\"https:\/\/nobileaccademiamediterranea.org\/\",\"name\":\"nobileaccademiamediterranea\",\"description\":\"\",\"potentialAction\":[{\"@type\":\"SearchAction\",\"target\":\"https:\/\/nobileaccademiamediterranea.org\/?s={search_term_string}\",\"query-input\":\"required name=search_term_string\"}],\"inLanguage\":\"es-ES\"},{\"@type\":\"ImageObject\",\"@id\":\"https:\/\/nobileaccademiamediterranea.org\/ru\/chi-siamo\/#primaryimage\",\"inLanguage\":\"es-ES\",\"url\":\"https:\/\/nobileaccademiamediterranea.org\/wp-content\/uploads\/2020\/05\/levato.jpg\",\"contentUrl\":\"https:\/\/nobileaccademiamediterranea.org\/wp-content\/uploads\/2020\/05\/levato.jpg\",\"width\":170,\"height\":170},{\"@type\":\"WebPage\",\"@id\":\"https:\/\/nobileaccademiamediterranea.org\/ru\/chi-siamo\/#webpage\",\"url\":\"https:\/\/nobileaccademiamediterranea.org\/ru\/chi-siamo\/\",\"name\":\"[:it]Chi siamo[:en]About Us[:es]Quienes somos[:ru]\\u041a\\u0442\\u043e \\u043c\\u044b \\u0435\\u0441\\u0442\\u044c[:] - nobileaccademiamediterranea\",\"isPartOf\":{\"@id\":\"https:\/\/nobileaccademiamediterranea.org\/#website\"},\"primaryImageOfPage\":{\"@id\":\"https:\/\/nobileaccademiamediterranea.org\/ru\/chi-siamo\/#primaryimage\"},\"datePublished\":\"2020-02-25T17:01:17+00:00\",\"dateModified\":\"2020-09-30T20:57:34+00:00\",\"breadcrumb\":{\"@id\":\"https:\/\/nobileaccademiamediterranea.org\/ru\/chi-siamo\/#breadcrumb\"},\"inLanguage\":\"es-ES\",\"potentialAction\":[{\"@type\":\"ReadAction\",\"target\":[\"https:\/\/nobileaccademiamediterranea.org\/ru\/chi-siamo\/\"]}]},{\"@type\":\"BreadcrumbList\",\"@id\":\"https:\/\/nobileaccademiamediterranea.org\/ru\/chi-siamo\/#breadcrumb\",\"itemListElement\":[{\"@type\":\"ListItem\",\"position\":1,\"item\":{\"@type\":\"WebPage\",\"@id\":\"https:\/\/nobileaccademiamediterranea.org\/ru\/\",\"url\":\"https:\/\/nobileaccademiamediterranea.org\/ru\/\",\"name\":\"Home\"}},{\"@type\":\"ListItem\",\"position\":2,\"item\":{\"@id\":\"https:\/\/nobileaccademiamediterranea.org\/ru\/chi-siamo\/#webpage\"}}]}]}<\/script>\n<!-- \/ Yoast SEO plugin. -->","_links":{"self":[{"href":"https:\/\/nobileaccademiamediterranea.org\/es\/wp-json\/wp\/v2\/pages\/7"}],"collection":[{"href":"https:\/\/nobileaccademiamediterranea.org\/es\/wp-json\/wp\/v2\/pages"}],"about":[{"href":"https:\/\/nobileaccademiamediterranea.org\/es\/wp-json\/wp\/v2\/types\/page"}],"author":[{"embeddable":true,"href":"https:\/\/nobileaccademiamediterranea.org\/es\/wp-json\/wp\/v2\/users\/1"}],"replies":[{"embeddable":true,"href":"https:\/\/nobileaccademiamediterranea.org\/es\/wp-json\/wp\/v2\/comments?post=7"}],"version-history":[{"count":17,"href":"https:\/\/nobileaccademiamediterranea.org\/es\/wp-json\/wp\/v2\/pages\/7\/revisions"}],"predecessor-version":[{"id":1066,"href":"https:\/\/nobileaccademiamediterranea.org\/es\/wp-json\/wp\/v2\/pages\/7\/revisions\/1066"}],"wp:attachment":[{"href":"https:\/\/nobileaccademiamediterranea.org\/es\/wp-json\/wp\/v2\/media?parent=7"}],"curies":[{"name":"wp","href":"https:\/\/api.w.org\/{rel}","templated":true}]}}