{"id":6,"date":"2020-02-25T18:01:17","date_gmt":"2020-02-25T17:01:17","guid":{"rendered":"https:\/\/nobileaccademiamediterranea.org\/?page_id=6"},"modified":"2020-09-30T22:18:24","modified_gmt":"2020-09-30T20:18:24","slug":"home","status":"publish","type":"page","link":"https:\/\/nobileaccademiamediterranea.org\/es\/","title":{"rendered":"Home"},"content":{"rendered":"\n<div class=\"wp-container-1 wp-block-group\"><div class=\"wp-block-group__inner-container\">\n<style>\n.singular .entry-header{display:none}\n.wp-block-image .alignleft{margin: 0 2rem 0 0;margin-bottom: 0;}\n<\/style>\n\n\n\n<div class=\"wp-block-image\"><figure class=\"alignleft size-large is-resized\"><img src=\"https:\/\/nobileaccademiamediterranea.org\/wp-content\/uploads\/2020\/03\/Max.jpg\" alt=\"\" class=\"wp-image-88\" width=\"150\"\/><figcaption>dr. Massimo Criscuoli Tortora <br>il Presidente<\/figcaption><\/figure><\/div>\n<\/div><\/div>\n\n\n\n<p class=\"has-text-align-justify first-letter\">La Noble Academia Mediterr\u00e1nea surge en Segni el 16 de noviembre del a\u00f1o 2013 bajo el nombre de \u201cComit\u00e9 Plaza Resurrecci\u00f3n\u201d por estricta voluntad del primer presidente, Se\u00f1ora Giovanna Speranza, periodista animada por una grande afici\u00f3n por el voluntariado y por el respecto del individuo. El a\u00f1o siguiente, las autoridades le reconocen el papel de Organizaci\u00f3n sin provecho y con finalidad social apunt\u00e1ndose en el registro de las asociaciones ONLUS debidamente reconocidas seg\u00fan las leyes del estado. Cultura y difusi\u00f3n son el veh\u00edculo por medio del cual la asociaci\u00f3n produce efectos en la realidad social, destac\u00e1ndose por su atenci\u00f3n hacia la tutela del patrimonio hist\u00f3rico, art\u00edstico, cultural y la tutela de la salud como herramientas para superar la exclusi\u00f3n social. Mejorar la calidad de la vida y promocionar los derechos de la persona pueden, gracias a la cultura y a una toma de conciencia social, llevar a una mejor\u00eda del fen\u00f3meno del malestar social. Esta misi\u00f3n, que cumple unos cuantos a\u00f1os ya, sigue ampliando su campo de acci\u00f3n. A lo largo de los anos de actividad la asociaci\u00f3n ha trabajado en una dimensi\u00f3n social, en la cultura organizando muchas manifestaciones intentando involucrar todas las categor\u00edas de edad conocidas en el territorio interactuando con instituciones, asociaciones publicas y privadas, hospitales pedi\u00e1tricos. Durante el bienio 2020\/21, la ONLUS se ha fijado el objetivo de promocionar, tutelar y valorizar la cultura de las populaciones del Mediterr\u00e1neo y el patrimonio art\u00edstico, cultural y hist\u00f3rico de las naciones alrededor de este mar. El Mediterr\u00e1neo y las naciones ribere\u00f1as llevan una eternidad representando la fuente de todas las civilidades modernas y el progreso contempor\u00e1neo; en este contexto, la ONLUS influir\u00e1 sobre el malestar social de las populaciones intentando empujar su cultura elevando su instrucci\u00f3n y impulsando la colaboraci\u00f3n y el dialogo entre ellos con la finalidad de establecer una convivencia de paz. En el programa de la ONLUS incluye muchos proyectos que intentar\u00e1n involucrar instituciones, universidades y todos los actores que quisieran promocionar la cooperaci\u00f3n entre naciones realidades y culturas. La palabra, la m\u00fasica, los productos t\u00edpicos del mediterr\u00e1neo se manifestar\u00e1n como veh\u00edculo cultural capaz de favorecer la comunicaci\u00f3n entre las populaciones de \u2018Mare Nostrum\u2019. El nuevo comit\u00e9 de direcci\u00f3n seguir\u00e1 en la misma direcci\u00f3n del pasado intentando producir efectos hasta mejores, con el \u00fanico objetivo de mejorar la calidad de la vida y la tutela de los derechos humanos gracias al utilizo de las nuevas redes de comunicaciones tambi\u00e9n. M\u00e1s all\u00e1 de las divisiones pol\u00edticas y sociales las populaciones del Mediterr\u00e1neo representan una mezcla de muchos aspectos de una \u00fanica antigua populaci\u00f3n, que difundi\u00f3 sus filosof\u00edas, sus religiones, pensamientos y nociones cient\u00edficas, favoreciendo el progreso de la Humanidad. La noble Academia Mediterr\u00e1nea tiene la obligaci\u00f3n \u00e9tica y institucional de dedicarse a las populaciones sin distinciones de religiones o razas, destacando la funci\u00f3n de la familia y de la educaci\u00f3n infantil. Todos estos temas constituyen los objetivos primarios de la asociaci\u00f3n para aliviar los problemas del hombre en cuanto tal o del hombre en un contexto de colectividad en una \u00e9poca muy delicada y dif\u00edcil. Acci\u00f3n social como arma en defensa del hombre. Aprovechamos para agradecer todos los que nos ayuden en esta preciosa obra social.<\/p>\n","protected":false},"excerpt":{"rendered":"<p>La Noble Academia Mediterr\u00e1nea surge en Segni el 16 de noviembre del a\u00f1o 2013 bajo el nombre de \u201cComit\u00e9 Plaza Resurrecci\u00f3n\u201d por estricta voluntad del primer presidente, Se\u00f1ora Giovanna Speranza, periodista animada por una grande afici\u00f3n por el voluntariado y por el respecto del individuo. El a\u00f1o siguiente, las autoridades le reconocen el papel de [&hellip;]<\/p>\n","protected":false},"author":1,"featured_media":0,"parent":0,"menu_order":0,"comment_status":"closed","ping_status":"closed","template":"","meta":[],"yoast_head":"<!-- This site is optimized with the Yoast SEO plugin v16.4 - https:\/\/yoast.com\/wordpress\/plugins\/seo\/ -->\n<title>Home - nobileaccademiamediterranea<\/title>\n<meta name=\"robots\" content=\"index, follow, max-snippet:-1, max-image-preview:large, max-video-preview:-1\" \/>\n<link rel=\"canonical\" href=\"https:\/\/nobileaccademiamediterranea.org\/ru\/\" \/>\n<meta property=\"og:locale\" content=\"es_ES\" \/>\n<meta property=\"og:type\" content=\"article\" \/>\n<meta property=\"og:title\" content=\"Home\" \/>\n<meta property=\"og:description\" content=\"La Noble Academia Mediterr\u00e1nea surge en Segni el 16 de noviembre del a\u00f1o 2013 bajo el nombre de \u201cComit\u00e9 Plaza Resurrecci\u00f3n\u201d por estricta voluntad del primer presidente, Se\u00f1ora Giovanna Speranza, periodista animada por una grande afici\u00f3n por el voluntariado y por el respecto del individuo. El a\u00f1o siguiente, las autoridades le reconocen el papel de [&hellip;]\" \/>\n<meta property=\"og:url\" content=\"https:\/\/nobileaccademiamediterranea.org\/ru\/\" \/>\n<meta property=\"og:site_name\" content=\"nobileaccademiamediterranea\" \/>\n<meta property=\"article:modified_time\" content=\"2020-09-30T20:18:24+00:00\" \/>\n<meta property=\"og:image\" content=\"https:\/\/nobileaccademiamediterranea.org\/wp-content\/uploads\/2020\/03\/Max.jpg\" \/>\n<meta name=\"twitter:card\" content=\"summary_large_image\" \/>\n<meta name=\"twitter:label1\" content=\"Tiempo de lectura\" \/>\n\t<meta name=\"twitter:data1\" content=\"8 minutos\" \/>\n<script type=\"application\/ld+json\" class=\"yoast-schema-graph\">{\"@context\":\"https:\/\/schema.org\",\"@graph\":[{\"@type\":\"WebSite\",\"@id\":\"https:\/\/nobileaccademiamediterranea.org\/#website\",\"url\":\"https:\/\/nobileaccademiamediterranea.org\/\",\"name\":\"nobileaccademiamediterranea\",\"description\":\"\",\"potentialAction\":[{\"@type\":\"SearchAction\",\"target\":\"https:\/\/nobileaccademiamediterranea.org\/?s={search_term_string}\",\"query-input\":\"required name=search_term_string\"}],\"inLanguage\":\"es-ES\"},{\"@type\":\"ImageObject\",\"@id\":\"https:\/\/nobileaccademiamediterranea.org\/ru\/#primaryimage\",\"inLanguage\":\"es-ES\",\"url\":\"https:\/\/nobileaccademiamediterranea.org\/wp-content\/uploads\/2020\/03\/Max.jpg\",\"contentUrl\":\"https:\/\/nobileaccademiamediterranea.org\/wp-content\/uploads\/2020\/03\/Max.jpg\",\"width\":202,\"height\":249},{\"@type\":\"WebPage\",\"@id\":\"https:\/\/nobileaccademiamediterranea.org\/ru\/#webpage\",\"url\":\"https:\/\/nobileaccademiamediterranea.org\/ru\/\",\"name\":\"[:it]Home[:] - nobileaccademiamediterranea\",\"isPartOf\":{\"@id\":\"https:\/\/nobileaccademiamediterranea.org\/#website\"},\"primaryImageOfPage\":{\"@id\":\"https:\/\/nobileaccademiamediterranea.org\/ru\/#primaryimage\"},\"datePublished\":\"2020-02-25T17:01:17+00:00\",\"dateModified\":\"2020-09-30T20:18:24+00:00\",\"breadcrumb\":{\"@id\":\"https:\/\/nobileaccademiamediterranea.org\/ru\/#breadcrumb\"},\"inLanguage\":\"es-ES\",\"potentialAction\":[{\"@type\":\"ReadAction\",\"target\":[\"https:\/\/nobileaccademiamediterranea.org\/ru\/\"]}]},{\"@type\":\"BreadcrumbList\",\"@id\":\"https:\/\/nobileaccademiamediterranea.org\/ru\/#breadcrumb\",\"itemListElement\":[{\"@type\":\"ListItem\",\"position\":1,\"item\":{\"@type\":\"WebPage\",\"@id\":\"https:\/\/nobileaccademiamediterranea.org\/ru\/\",\"url\":\"https:\/\/nobileaccademiamediterranea.org\/ru\/\",\"name\":\"Home\"}},{\"@type\":\"ListItem\",\"position\":2,\"item\":{\"@id\":\"https:\/\/nobileaccademiamediterranea.org\/ru\/#webpage\"}}]}]}<\/script>\n<!-- \/ Yoast SEO plugin. -->","_links":{"self":[{"href":"https:\/\/nobileaccademiamediterranea.org\/es\/wp-json\/wp\/v2\/pages\/6"}],"collection":[{"href":"https:\/\/nobileaccademiamediterranea.org\/es\/wp-json\/wp\/v2\/pages"}],"about":[{"href":"https:\/\/nobileaccademiamediterranea.org\/es\/wp-json\/wp\/v2\/types\/page"}],"author":[{"embeddable":true,"href":"https:\/\/nobileaccademiamediterranea.org\/es\/wp-json\/wp\/v2\/users\/1"}],"replies":[{"embeddable":true,"href":"https:\/\/nobileaccademiamediterranea.org\/es\/wp-json\/wp\/v2\/comments?post=6"}],"version-history":[{"count":47,"href":"https:\/\/nobileaccademiamediterranea.org\/es\/wp-json\/wp\/v2\/pages\/6\/revisions"}],"predecessor-version":[{"id":1056,"href":"https:\/\/nobileaccademiamediterranea.org\/es\/wp-json\/wp\/v2\/pages\/6\/revisions\/1056"}],"wp:attachment":[{"href":"https:\/\/nobileaccademiamediterranea.org\/es\/wp-json\/wp\/v2\/media?parent=6"}],"curies":[{"name":"wp","href":"https:\/\/api.w.org\/{rel}","templated":true}]}}