{"id":525,"date":"2020-06-02T00:00:09","date_gmt":"2020-06-01T22:00:09","guid":{"rendered":"https:\/\/nobileaccademiamediterranea.org\/?page_id=525"},"modified":"2021-02-21T09:44:29","modified_gmt":"2021-02-21T08:44:29","slug":"festival-internazionale-del-cinema-esoterico","status":"publish","type":"page","link":"https:\/\/nobileaccademiamediterranea.org\/es\/festival-internazionale-del-cinema-esoterico\/","title":{"rendered":"Festival Internacional <br>de Cine Esot\u00e9rico<br> <small>1\u00b0 edici\u00f3n 2021<\/small>"},"content":{"rendered":"\n<div class=\"wp-block-image my-0\"><figure class=\"aligncenter size-large\"><img loading=\"lazy\" width=\"719\" height=\"368\" src=\"https:\/\/nobileaccademiamediterranea.org\/wp-content\/uploads\/2020\/06\/foto-festival.jpg\" alt=\"\" class=\"wp-image-730\" srcset=\"https:\/\/nobileaccademiamediterranea.org\/wp-content\/uploads\/2020\/06\/foto-festival.jpg 719w, https:\/\/nobileaccademiamediterranea.org\/wp-content\/uploads\/2020\/06\/foto-festival-300x154.jpg 300w\" sizes=\"(max-width: 719px) 100vw, 719px\" \/><\/figure><\/div>\n\n\n\n<p class=\"text-justify first-letter\">La iniciativa llamada \u201c<strong>Festival internacional del cinema esot\u00e9rico\u201d<\/strong>, con la posibilidad que el nombre cubra tambi\u00e9n el utilizo de <strong>\u201cRevista\u201d<\/strong> y de <strong>\u201cNacional\u201d<\/strong> por ambas soluciones. Se plantea organizar una manifestaci\u00f3n con cadencia anual y adem\u00e1s festival\/revistas locales, en Italia y en el extranjero, pel\u00edculas, documentarios, format y cortometrajes, profesionales y no profesionales, realizados por el mundo del cinema, de la televisi\u00f3n, internet y todas las formas de comunicaci\u00f3n y difusi\u00f3n, suporte y transmisi\u00f3n, mercantil y no, en varias formas y con varias t\u00e9cnicas. Los contenidos y los temas establecidos son: esoterismo, religi\u00f3n, teolog\u00eda, masoner\u00eda, c\u00e1bala, misterio, alquimia, gnosis, templarios m\u00edstica, hermetismo, filosof\u00eda, antropolog\u00eda, historia, geopol\u00edtica, arte y cada sector de cultura conectado. La iniciativa es una forma de comunicaci\u00f3n art\u00edstica y cultural hist\u00f3rico- filos\u00f3fico-cient\u00edfica, que quiere que las personas reflexionen sobre temas sociales y de la mente humana, en sus formas caracter\u00edsticas y caracterizadas en el tiempo y en el espacio. Tiene que ser un estimulo a la reflexi\u00f3n y no tan solo a la participaci\u00f3n a las manifestaciones sino un trabajo de reflexi\u00f3n que se saque adelante en el tiempo, que empuje a pensar y a encontrar en el pasado las ra\u00edces por el desarrollo, el progreso y el mejoramiento futuro del hombre y de las populaciones hac\u00eda una armon\u00eda global. La iniciativa se puede a\u00f1adir en un proyecto mas grande de festival on-line con la agregaci\u00f3n de los participantes finalizada a la investigaci\u00f3n, selecci\u00f3n, transmisi\u00f3n y premiaci\u00f3n de obras. El programa incluye mesas redondas, conferencias y otras actividades que puedan suportar la iniciativa. Tambi\u00e9n se establece un apartado de cursos e-learning para los j\u00f3venes de varios pa\u00edses que deseen interprender varias profesiones en el mundo del cinema. El evento, en programa por el verano 2021, es coordenado da la comisi\u00f3n Arte y Cultura y aprovechar\u00e1 de la profesionalidad del Dr. Ing. Catello Masullo, critico cinematogr\u00e1fico y presidente del Cine Forum Romano, por la selecci\u00f3n de las obras y del dr. Jacopo Mosca por la organizaci\u00f3n del evento.<\/p>\n","protected":false},"excerpt":{"rendered":"<p>La iniciativa llamada \u201cFestival internacional del cinema esot\u00e9rico\u201d, con la posibilidad que el nombre cubra tambi\u00e9n el utilizo de \u201cRevista\u201d y de \u201cNacional\u201d por ambas soluciones. Se plantea organizar una manifestaci\u00f3n con cadencia anual y adem\u00e1s festival\/revistas locales, en Italia y en el extranjero, pel\u00edculas, documentarios, format y cortometrajes, profesionales y no profesionales, realizados por [&hellip;]<\/p>\n","protected":false},"author":1,"featured_media":0,"parent":0,"menu_order":0,"comment_status":"closed","ping_status":"closed","template":"","meta":[],"yoast_head":"<!-- This site is optimized with the Yoast SEO plugin v16.4 - https:\/\/yoast.com\/wordpress\/plugins\/seo\/ -->\n<title>Festival Internacional de Cine Esot\u00e9rico 1\u00b0 edici\u00f3n 2021 - nobileaccademiamediterranea<\/title>\n<meta name=\"robots\" content=\"index, follow, max-snippet:-1, max-image-preview:large, max-video-preview:-1\" \/>\n<link rel=\"canonical\" href=\"https:\/\/nobileaccademiamediterranea.org\/festival-internazionale-del-cinema-esoterico\/\" \/>\n<meta property=\"og:locale\" content=\"es_ES\" \/>\n<meta property=\"og:type\" content=\"article\" \/>\n<meta property=\"og:title\" content=\"Festival Internacional de Cine Esot\u00e9rico 1\u00b0 edici\u00f3n 2021\" \/>\n<meta property=\"og:description\" content=\"La iniciativa llamada \u201cFestival internacional del cinema esot\u00e9rico\u201d, con la posibilidad que el nombre cubra tambi\u00e9n el utilizo de \u201cRevista\u201d y de \u201cNacional\u201d por ambas soluciones. Se plantea organizar una manifestaci\u00f3n con cadencia anual y adem\u00e1s festival\/revistas locales, en Italia y en el extranjero, pel\u00edculas, documentarios, format y cortometrajes, profesionales y no profesionales, realizados por [&hellip;]\" \/>\n<meta property=\"og:url\" content=\"https:\/\/nobileaccademiamediterranea.org\/festival-internazionale-del-cinema-esoterico\/\" \/>\n<meta property=\"og:site_name\" content=\"nobileaccademiamediterranea\" \/>\n<meta property=\"article:modified_time\" content=\"2021-02-21T08:44:29+00:00\" \/>\n<meta property=\"og:image\" content=\"https:\/\/nobileaccademiamediterranea.org\/wp-content\/uploads\/2020\/06\/foto-festival.jpg\" \/>\n<meta name=\"twitter:card\" content=\"summary_large_image\" \/>\n<meta name=\"twitter:label1\" content=\"Tiempo de lectura\" \/>\n\t<meta name=\"twitter:data1\" content=\"5 minutos\" \/>\n<script type=\"application\/ld+json\" class=\"yoast-schema-graph\">{\"@context\":\"https:\/\/schema.org\",\"@graph\":[{\"@type\":\"WebSite\",\"@id\":\"https:\/\/nobileaccademiamediterranea.org\/#website\",\"url\":\"https:\/\/nobileaccademiamediterranea.org\/\",\"name\":\"nobileaccademiamediterranea\",\"description\":\"\",\"potentialAction\":[{\"@type\":\"SearchAction\",\"target\":\"https:\/\/nobileaccademiamediterranea.org\/?s={search_term_string}\",\"query-input\":\"required name=search_term_string\"}],\"inLanguage\":\"es-ES\"},{\"@type\":\"ImageObject\",\"@id\":\"https:\/\/nobileaccademiamediterranea.org\/festival-internazionale-del-cinema-esoterico\/#primaryimage\",\"inLanguage\":\"es-ES\",\"url\":\"https:\/\/nobileaccademiamediterranea.org\/wp-content\/uploads\/2020\/06\/foto-festival.jpg\",\"contentUrl\":\"https:\/\/nobileaccademiamediterranea.org\/wp-content\/uploads\/2020\/06\/foto-festival.jpg\",\"width\":719,\"height\":368},{\"@type\":\"WebPage\",\"@id\":\"https:\/\/nobileaccademiamediterranea.org\/festival-internazionale-del-cinema-esoterico\/#webpage\",\"url\":\"https:\/\/nobileaccademiamediterranea.org\/festival-internazionale-del-cinema-esoterico\/\",\"name\":\"[:it]Festival Internazionale del Cinema Esoterico 1\\u00b0 edizione 2021[:en]International Esoteric Film Festival 1st edition 2021[:es]Festival Internacional de Cine Esot\\u00e9rico 1\\u00b0 edici\\u00f3n 2021[:ru]\\u041c\\u0435\\u0436\\u0434\\u0443\\u043d\\u0430\\u0440\\u043e\\u0434\\u043d\\u044b\\u0439 \\u0424\\u0435\\u0441\\u0442\\u0438\\u0432\\u0430\\u043b\\u044c \\u044d\\u0437\\u043e\\u0442\\u0435\\u0440\\u0438\\u0447\\u0435\\u0441\\u043a\\u043e\\u0433\\u043e \\u043a\\u0438\\u043d\\u043e 1-\\u0435 \\u0438\\u0437\\u0434\\u0430\\u043d\\u0438\\u0435 2021 [:] - nobileaccademiamediterranea\",\"isPartOf\":{\"@id\":\"https:\/\/nobileaccademiamediterranea.org\/#website\"},\"primaryImageOfPage\":{\"@id\":\"https:\/\/nobileaccademiamediterranea.org\/festival-internazionale-del-cinema-esoterico\/#primaryimage\"},\"datePublished\":\"2020-06-01T22:00:09+00:00\",\"dateModified\":\"2021-02-21T08:44:29+00:00\",\"breadcrumb\":{\"@id\":\"https:\/\/nobileaccademiamediterranea.org\/festival-internazionale-del-cinema-esoterico\/#breadcrumb\"},\"inLanguage\":\"es-ES\",\"potentialAction\":[{\"@type\":\"ReadAction\",\"target\":[\"https:\/\/nobileaccademiamediterranea.org\/festival-internazionale-del-cinema-esoterico\/\"]}]},{\"@type\":\"BreadcrumbList\",\"@id\":\"https:\/\/nobileaccademiamediterranea.org\/festival-internazionale-del-cinema-esoterico\/#breadcrumb\",\"itemListElement\":[{\"@type\":\"ListItem\",\"position\":1,\"item\":{\"@type\":\"WebPage\",\"@id\":\"https:\/\/nobileaccademiamediterranea.org\/ru\/\",\"url\":\"https:\/\/nobileaccademiamediterranea.org\/ru\/\",\"name\":\"Home\"}},{\"@type\":\"ListItem\",\"position\":2,\"item\":{\"@id\":\"https:\/\/nobileaccademiamediterranea.org\/festival-internazionale-del-cinema-esoterico\/#webpage\"}}]}]}<\/script>\n<!-- \/ Yoast SEO plugin. -->","_links":{"self":[{"href":"https:\/\/nobileaccademiamediterranea.org\/es\/wp-json\/wp\/v2\/pages\/525"}],"collection":[{"href":"https:\/\/nobileaccademiamediterranea.org\/es\/wp-json\/wp\/v2\/pages"}],"about":[{"href":"https:\/\/nobileaccademiamediterranea.org\/es\/wp-json\/wp\/v2\/types\/page"}],"author":[{"embeddable":true,"href":"https:\/\/nobileaccademiamediterranea.org\/es\/wp-json\/wp\/v2\/users\/1"}],"replies":[{"embeddable":true,"href":"https:\/\/nobileaccademiamediterranea.org\/es\/wp-json\/wp\/v2\/comments?post=525"}],"version-history":[{"count":17,"href":"https:\/\/nobileaccademiamediterranea.org\/es\/wp-json\/wp\/v2\/pages\/525\/revisions"}],"predecessor-version":[{"id":1124,"href":"https:\/\/nobileaccademiamediterranea.org\/es\/wp-json\/wp\/v2\/pages\/525\/revisions\/1124"}],"wp:attachment":[{"href":"https:\/\/nobileaccademiamediterranea.org\/es\/wp-json\/wp\/v2\/media?parent=525"}],"curies":[{"name":"wp","href":"https:\/\/api.w.org\/{rel}","templated":true}]}}