{"id":253,"date":"2020-04-02T20:54:29","date_gmt":"2020-04-02T18:54:29","guid":{"rendered":"https:\/\/nobileaccademiamediterranea.org\/?page_id=253"},"modified":"2021-02-21T09:46:31","modified_gmt":"2021-02-21T08:46:31","slug":"attivita-benefiche","status":"publish","type":"page","link":"https:\/\/nobileaccademiamediterranea.org\/es\/attivita-benefiche\/","title":{"rendered":"Actividades Beneficas"},"content":{"rendered":"\n<div class=\"wp-container-1 wp-block-group my-0\"><div class=\"wp-block-group__inner-container\">\n<div class=\"wp-block-image no-abstract\"><figure class=\"alignleft size-medium is-resized\"><img src=\"https:\/\/nobileaccademiamediterranea.org\/wp-content\/uploads\/2020\/06\/beneficenza-rotated-e1591902978853-256x300.jpg\" alt=\"\" class=\"wp-image-748\" width=\"150\" srcset=\"https:\/\/nobileaccademiamediterranea.org\/wp-content\/uploads\/2020\/06\/beneficenza-rotated-e1591902978853-256x300.jpg 256w, https:\/\/nobileaccademiamediterranea.org\/wp-content\/uploads\/2020\/06\/beneficenza-rotated-e1591902978853.jpg 289w\" sizes=\"(max-width: 256px) 100vw, 256px\" \/><\/figure><\/div>\n\n\n\n<p class=\"text-justify first-letter\">La nuestra asociaci\u00f3n, cuida mucho la valorizaci\u00f3n del territorio, de la textura social, en los campos de la educaci\u00f3n cultural, ambiental, art\u00edstica y c\u00edvica con la programaci\u00f3n y la organizaci\u00f3n de iniciativas culturales, educativas, ambientales y l\u00fadicas abiertas a la contribuci\u00f3n y a la participaci\u00f3n de los residentes, mucha atenci\u00f3n hacia las finalidades de solidaridad social destinadas a los m\u00e1s d\u00e9biles. A tal fin numerosas en los a\u00f1os son las iniciativas ben\u00e9ficas desarrolladas, recordamos el concert\u00f3 de beneficencia que ha permitido la donaci\u00f3n de 800 euros al hospital de Roma \u201cBambino Ges\u00f9\u201d gracias al concierto \u201cArmonie Barocche\u201d en la Sala Casella con la participaci\u00f3n de la trompeta de Gabriele Casone y al clavic\u00e9mbalo de Antonio Frig\u00e8 m\u00fasicos expertos especializados en el repertorio antiguo y a la voz del joven soprano Beatrice Mercuri, en colaboraci\u00f3n con la Academia Filarm\u00f3nica Romana y al \u201cdia de la salud\u201d, el dinero ha permitido a compra y la donaci\u00f3n de una maquina de desfibrilaci\u00f3n pedi\u00e1trica a la escuela \u201cDon Cesare Lonta\u201d de Segni.<\/p>\n<\/div><\/div>\n","protected":false},"excerpt":{"rendered":"<p>La nuestra asociaci\u00f3n, cuida mucho la valorizaci\u00f3n del territorio, de la textura social, en los campos de la educaci\u00f3n cultural, ambiental, art\u00edstica y c\u00edvica con la programaci\u00f3n y la organizaci\u00f3n de iniciativas culturales, educativas, ambientales y l\u00fadicas abiertas a la contribuci\u00f3n y a la participaci\u00f3n de los residentes, mucha atenci\u00f3n hacia las finalidades de solidaridad [&hellip;]<\/p>\n","protected":false},"author":1,"featured_media":0,"parent":0,"menu_order":0,"comment_status":"closed","ping_status":"closed","template":"","meta":[],"yoast_head":"<!-- This site is optimized with the Yoast SEO plugin v16.4 - https:\/\/yoast.com\/wordpress\/plugins\/seo\/ -->\n<title>Actividades Beneficas - nobileaccademiamediterranea<\/title>\n<meta name=\"robots\" content=\"index, follow, max-snippet:-1, max-image-preview:large, max-video-preview:-1\" \/>\n<link rel=\"canonical\" href=\"https:\/\/nobileaccademiamediterranea.org\/attivita-benefiche\/\" \/>\n<meta property=\"og:locale\" content=\"es_ES\" \/>\n<meta property=\"og:type\" content=\"article\" \/>\n<meta property=\"og:title\" content=\"Actividades Beneficas\" \/>\n<meta property=\"og:description\" content=\"La nuestra asociaci\u00f3n, cuida mucho la valorizaci\u00f3n del territorio, de la textura social, en los campos de la educaci\u00f3n cultural, ambiental, art\u00edstica y c\u00edvica con la programaci\u00f3n y la organizaci\u00f3n de iniciativas culturales, educativas, ambientales y l\u00fadicas abiertas a la contribuci\u00f3n y a la participaci\u00f3n de los residentes, mucha atenci\u00f3n hacia las finalidades de solidaridad [&hellip;]\" \/>\n<meta property=\"og:url\" content=\"https:\/\/nobileaccademiamediterranea.org\/attivita-benefiche\/\" \/>\n<meta property=\"og:site_name\" content=\"nobileaccademiamediterranea\" \/>\n<meta property=\"article:modified_time\" content=\"2021-02-21T08:46:31+00:00\" \/>\n<meta property=\"og:image\" content=\"https:\/\/nobileaccademiamediterranea.org\/wp-content\/uploads\/2020\/06\/beneficenza-rotated-e1591902978853-256x300.jpg\" \/>\n<meta name=\"twitter:card\" content=\"summary_large_image\" \/>\n<meta name=\"twitter:label1\" content=\"Tiempo de lectura\" \/>\n\t<meta name=\"twitter:data1\" content=\"3 minutos\" \/>\n<script type=\"application\/ld+json\" class=\"yoast-schema-graph\">{\"@context\":\"https:\/\/schema.org\",\"@graph\":[{\"@type\":\"WebSite\",\"@id\":\"https:\/\/nobileaccademiamediterranea.org\/#website\",\"url\":\"https:\/\/nobileaccademiamediterranea.org\/\",\"name\":\"nobileaccademiamediterranea\",\"description\":\"\",\"potentialAction\":[{\"@type\":\"SearchAction\",\"target\":\"https:\/\/nobileaccademiamediterranea.org\/?s={search_term_string}\",\"query-input\":\"required name=search_term_string\"}],\"inLanguage\":\"es-ES\"},{\"@type\":\"ImageObject\",\"@id\":\"https:\/\/nobileaccademiamediterranea.org\/attivita-benefiche\/#primaryimage\",\"inLanguage\":\"es-ES\",\"url\":\"https:\/\/nobileaccademiamediterranea.org\/wp-content\/uploads\/2020\/06\/beneficenza-rotated-e1591902978853.jpg\",\"contentUrl\":\"https:\/\/nobileaccademiamediterranea.org\/wp-content\/uploads\/2020\/06\/beneficenza-rotated-e1591902978853.jpg\",\"width\":289,\"height\":339},{\"@type\":\"WebPage\",\"@id\":\"https:\/\/nobileaccademiamediterranea.org\/attivita-benefiche\/#webpage\",\"url\":\"https:\/\/nobileaccademiamediterranea.org\/attivita-benefiche\/\",\"name\":\"[:it]Attivit\\u00e0 Benefiche[:en]Charitable Activities[:es]Actividades Beneficas[:ru]\\u0411\\u043b\\u0430\\u0433\\u043e\\u0442\\u0432\\u043e\\u0440\\u0438\\u0442\\u0435\\u043b\\u044c\\u043d\\u044b\\u0435 \\u0414\\u0435\\u044f\\u0442\\u0435\\u043b\\u044c\\u043d\\u043e\\u0441\\u0442\\u0438[:] - nobileaccademiamediterranea\",\"isPartOf\":{\"@id\":\"https:\/\/nobileaccademiamediterranea.org\/#website\"},\"primaryImageOfPage\":{\"@id\":\"https:\/\/nobileaccademiamediterranea.org\/attivita-benefiche\/#primaryimage\"},\"datePublished\":\"2020-04-02T18:54:29+00:00\",\"dateModified\":\"2021-02-21T08:46:31+00:00\",\"breadcrumb\":{\"@id\":\"https:\/\/nobileaccademiamediterranea.org\/attivita-benefiche\/#breadcrumb\"},\"inLanguage\":\"es-ES\",\"potentialAction\":[{\"@type\":\"ReadAction\",\"target\":[\"https:\/\/nobileaccademiamediterranea.org\/attivita-benefiche\/\"]}]},{\"@type\":\"BreadcrumbList\",\"@id\":\"https:\/\/nobileaccademiamediterranea.org\/attivita-benefiche\/#breadcrumb\",\"itemListElement\":[{\"@type\":\"ListItem\",\"position\":1,\"item\":{\"@type\":\"WebPage\",\"@id\":\"https:\/\/nobileaccademiamediterranea.org\/ru\/\",\"url\":\"https:\/\/nobileaccademiamediterranea.org\/ru\/\",\"name\":\"Home\"}},{\"@type\":\"ListItem\",\"position\":2,\"item\":{\"@id\":\"https:\/\/nobileaccademiamediterranea.org\/attivita-benefiche\/#webpage\"}}]}]}<\/script>\n<!-- \/ Yoast SEO plugin. -->","_links":{"self":[{"href":"https:\/\/nobileaccademiamediterranea.org\/es\/wp-json\/wp\/v2\/pages\/253"}],"collection":[{"href":"https:\/\/nobileaccademiamediterranea.org\/es\/wp-json\/wp\/v2\/pages"}],"about":[{"href":"https:\/\/nobileaccademiamediterranea.org\/es\/wp-json\/wp\/v2\/types\/page"}],"author":[{"embeddable":true,"href":"https:\/\/nobileaccademiamediterranea.org\/es\/wp-json\/wp\/v2\/users\/1"}],"replies":[{"embeddable":true,"href":"https:\/\/nobileaccademiamediterranea.org\/es\/wp-json\/wp\/v2\/comments?post=253"}],"version-history":[{"count":13,"href":"https:\/\/nobileaccademiamediterranea.org\/es\/wp-json\/wp\/v2\/pages\/253\/revisions"}],"predecessor-version":[{"id":1111,"href":"https:\/\/nobileaccademiamediterranea.org\/es\/wp-json\/wp\/v2\/pages\/253\/revisions\/1111"}],"wp:attachment":[{"href":"https:\/\/nobileaccademiamediterranea.org\/es\/wp-json\/wp\/v2\/media?parent=253"}],"curies":[{"name":"wp","href":"https:\/\/api.w.org\/{rel}","templated":true}]}}