{"id":247,"date":"2020-04-02T20:53:47","date_gmt":"2020-04-02T18:53:47","guid":{"rendered":"https:\/\/nobileaccademiamediterranea.org\/?page_id=247"},"modified":"2021-02-21T09:46:17","modified_gmt":"2021-02-21T08:46:17","slug":"pubblicazioni","status":"publish","type":"page","link":"https:\/\/nobileaccademiamediterranea.org\/es\/pubblicazioni\/","title":{"rendered":"Publicaciones"},"content":{"rendered":"\n<p class=\"text-justify first-letter\">En su voluntad de hallar la Cultura como instrumento de elevaci\u00f3n del hombre y de dialogo, la Noble Academia Mediterr\u00e1nea o.d.v. favorece la redacci\u00f3n y la publicaci\u00f3n de libros, ensayos, historias que a menudo elaboran situaciones y emociones vividas por el autor. Son expresiones que permiten a los autores mismos de sentirse protagonistas en el medio de un proyecto de sensibilizaci\u00f3n y e incentivaci\u00f3n a la escritura. La Noble Academia Mediterr\u00e1nea editar\u00e1 diferentes publicaciones, en colaboraci\u00f3n con editores tambi\u00e9n, con las cuales se organizar\u00e1n premios y concursos literarios, con escritores diletantes y con alumnos de escuelas. En este proyecto, se tomar\u00e1 en consideraci\u00f3n la creaci\u00f3n de becas por trabajos finales en muchas universidades de Mediterr\u00e1neo. \u2018Collana i circoli sportivi\u2019 autor Giovanna Speranza, \u2018C\u2019era una volta\u2019 autor Massimo Criscuoli Tortora, \u2018Le 13 costole\u2019 Autor Eralda Roscio Fenu.<\/p>\n\n\n\n<div class=\"wp-container-4 wp-block-columns my-0\">\n<div class=\"wp-container-1 wp-block-column my-0\">\n<figure class=\"wp-block-image size-large my-0\"><a href=\"https:\/\/nobileaccademiamediterranea.org\/es\/collana-i-circoli-sportivi\/\"><img loading=\"lazy\" width=\"348\" height=\"348\" src=\"https:\/\/nobileaccademiamediterranea.org\/wp-content\/uploads\/2020\/06\/iniziative_circoliditalia.png\" alt=\"\" class=\"wp-image-828\" srcset=\"https:\/\/nobileaccademiamediterranea.org\/wp-content\/uploads\/2020\/06\/iniziative_circoliditalia.png 348w, https:\/\/nobileaccademiamediterranea.org\/wp-content\/uploads\/2020\/06\/iniziative_circoliditalia-300x300.png 300w, https:\/\/nobileaccademiamediterranea.org\/wp-content\/uploads\/2020\/06\/iniziative_circoliditalia-150x150.png 150w\" sizes=\"(max-width: 348px) 100vw, 348px\" \/><\/a><figcaption><a href=\"https:\/\/nobileaccademiamediterranea.org\/es\/collana-i-circoli-sportivi\/\">Collana I Circoli Sportivi<\/a><br><br>autore Giovanna Speranza<\/figcaption><\/figure>\n<\/div>\n\n\n\n<div class=\"wp-container-2 wp-block-column my-0\">\n<figure class=\"wp-block-image size-large my-0\"><a href=\"https:\/\/nobileaccademiamediterranea.org\/es\/cera-una-volta\/\"><img loading=\"lazy\" width=\"500\" height=\"500\" src=\"https:\/\/nobileaccademiamediterranea.org\/wp-content\/uploads\/2020\/06\/unavolta.jpg\" alt=\"\" class=\"wp-image-818\" srcset=\"https:\/\/nobileaccademiamediterranea.org\/wp-content\/uploads\/2020\/06\/unavolta.jpg 500w, https:\/\/nobileaccademiamediterranea.org\/wp-content\/uploads\/2020\/06\/unavolta-300x300.jpg 300w, https:\/\/nobileaccademiamediterranea.org\/wp-content\/uploads\/2020\/06\/unavolta-150x150.jpg 150w\" sizes=\"(max-width: 500px) 100vw, 500px\" \/><\/a><figcaption><a href=\"https:\/\/nobileaccademiamediterranea.org\/es\/cera-una-volta\/\">C&#8217;era una volta<\/a><br><br>autore Massimo Criscuoli Tortora<\/figcaption><\/figure>\n<\/div>\n\n\n\n<div class=\"wp-container-3 wp-block-column\">\n<figure class=\"wp-block-image size-large my-0\"><a href=\"https:\/\/nobileaccademiamediterranea.org\/es\/le-13-costole\/\"><img loading=\"lazy\" width=\"500\" height=\"500\" src=\"https:\/\/nobileaccademiamediterranea.org\/wp-content\/uploads\/2020\/06\/costole.jpg\" alt=\"\" class=\"wp-image-824\" srcset=\"https:\/\/nobileaccademiamediterranea.org\/wp-content\/uploads\/2020\/06\/costole.jpg 500w, https:\/\/nobileaccademiamediterranea.org\/wp-content\/uploads\/2020\/06\/costole-300x300.jpg 300w, https:\/\/nobileaccademiamediterranea.org\/wp-content\/uploads\/2020\/06\/costole-150x150.jpg 150w\" sizes=\"(max-width: 500px) 100vw, 500px\" \/><\/a><figcaption><a href=\"https:\/\/nobileaccademiamediterranea.org\/es\/le-13-costole\/\">Le 13 Costole<\/a><br><br>autore Eralda Roscio Fenu<\/figcaption><\/figure>\n<\/div>\n<\/div>\n","protected":false},"excerpt":{"rendered":"<p>En su voluntad de hallar la Cultura como instrumento de elevaci\u00f3n del hombre y de dialogo, la Noble Academia Mediterr\u00e1nea o.d.v. favorece la redacci\u00f3n y la publicaci\u00f3n de libros, ensayos, historias que a menudo elaboran situaciones y emociones vividas por el autor. Son expresiones que permiten a los autores mismos de sentirse protagonistas en el [&hellip;]<\/p>\n","protected":false},"author":1,"featured_media":0,"parent":0,"menu_order":0,"comment_status":"closed","ping_status":"closed","template":"","meta":[],"yoast_head":"<!-- This site is optimized with the Yoast SEO plugin v16.4 - https:\/\/yoast.com\/wordpress\/plugins\/seo\/ -->\n<title>Publicaciones - nobileaccademiamediterranea<\/title>\n<meta name=\"robots\" content=\"index, follow, max-snippet:-1, max-image-preview:large, max-video-preview:-1\" \/>\n<link rel=\"canonical\" href=\"https:\/\/nobileaccademiamediterranea.org\/pubblicazioni\/\" \/>\n<meta property=\"og:locale\" content=\"es_ES\" \/>\n<meta property=\"og:type\" content=\"article\" \/>\n<meta property=\"og:title\" content=\"Publicaciones\" \/>\n<meta property=\"og:description\" content=\"En su voluntad de hallar la Cultura como instrumento de elevaci\u00f3n del hombre y de dialogo, la Noble Academia Mediterr\u00e1nea o.d.v. favorece la redacci\u00f3n y la publicaci\u00f3n de libros, ensayos, historias que a menudo elaboran situaciones y emociones vividas por el autor. Son expresiones que permiten a los autores mismos de sentirse protagonistas en el [&hellip;]\" \/>\n<meta property=\"og:url\" content=\"https:\/\/nobileaccademiamediterranea.org\/pubblicazioni\/\" \/>\n<meta property=\"og:site_name\" content=\"nobileaccademiamediterranea\" \/>\n<meta property=\"article:modified_time\" content=\"2021-02-21T08:46:17+00:00\" \/>\n<meta property=\"og:image\" content=\"https:\/\/nobileaccademiamediterranea.org\/wp-content\/uploads\/2020\/06\/iniziative_circoliditalia.png\" \/>\n<meta name=\"twitter:card\" content=\"summary_large_image\" \/>\n<meta name=\"twitter:label1\" content=\"Tiempo de lectura\" \/>\n\t<meta name=\"twitter:data1\" content=\"2 minutos\" \/>\n<script type=\"application\/ld+json\" class=\"yoast-schema-graph\">{\"@context\":\"https:\/\/schema.org\",\"@graph\":[{\"@type\":\"WebSite\",\"@id\":\"https:\/\/nobileaccademiamediterranea.org\/#website\",\"url\":\"https:\/\/nobileaccademiamediterranea.org\/\",\"name\":\"nobileaccademiamediterranea\",\"description\":\"\",\"potentialAction\":[{\"@type\":\"SearchAction\",\"target\":\"https:\/\/nobileaccademiamediterranea.org\/?s={search_term_string}\",\"query-input\":\"required name=search_term_string\"}],\"inLanguage\":\"es-ES\"},{\"@type\":\"ImageObject\",\"@id\":\"https:\/\/nobileaccademiamediterranea.org\/pubblicazioni\/#primaryimage\",\"inLanguage\":\"es-ES\",\"url\":\"https:\/\/nobileaccademiamediterranea.org\/wp-content\/uploads\/2020\/06\/iniziative_circoliditalia.png\",\"contentUrl\":\"https:\/\/nobileaccademiamediterranea.org\/wp-content\/uploads\/2020\/06\/iniziative_circoliditalia.png\",\"width\":348,\"height\":348},{\"@type\":\"WebPage\",\"@id\":\"https:\/\/nobileaccademiamediterranea.org\/pubblicazioni\/#webpage\",\"url\":\"https:\/\/nobileaccademiamediterranea.org\/pubblicazioni\/\",\"name\":\"[:it]Pubblicazioni[:en]Publications[:es]Publicaciones[:ru]\\u041f\\u0443\\u0431\\u043b\\u0438\\u043a\\u0430\\u0446\\u0438\\u0438[:] - nobileaccademiamediterranea\",\"isPartOf\":{\"@id\":\"https:\/\/nobileaccademiamediterranea.org\/#website\"},\"primaryImageOfPage\":{\"@id\":\"https:\/\/nobileaccademiamediterranea.org\/pubblicazioni\/#primaryimage\"},\"datePublished\":\"2020-04-02T18:53:47+00:00\",\"dateModified\":\"2021-02-21T08:46:17+00:00\",\"breadcrumb\":{\"@id\":\"https:\/\/nobileaccademiamediterranea.org\/pubblicazioni\/#breadcrumb\"},\"inLanguage\":\"es-ES\",\"potentialAction\":[{\"@type\":\"ReadAction\",\"target\":[\"https:\/\/nobileaccademiamediterranea.org\/pubblicazioni\/\"]}]},{\"@type\":\"BreadcrumbList\",\"@id\":\"https:\/\/nobileaccademiamediterranea.org\/pubblicazioni\/#breadcrumb\",\"itemListElement\":[{\"@type\":\"ListItem\",\"position\":1,\"item\":{\"@type\":\"WebPage\",\"@id\":\"https:\/\/nobileaccademiamediterranea.org\/ru\/\",\"url\":\"https:\/\/nobileaccademiamediterranea.org\/ru\/\",\"name\":\"Home\"}},{\"@type\":\"ListItem\",\"position\":2,\"item\":{\"@id\":\"https:\/\/nobileaccademiamediterranea.org\/pubblicazioni\/#webpage\"}}]}]}<\/script>\n<!-- \/ Yoast SEO plugin. -->","_links":{"self":[{"href":"https:\/\/nobileaccademiamediterranea.org\/es\/wp-json\/wp\/v2\/pages\/247"}],"collection":[{"href":"https:\/\/nobileaccademiamediterranea.org\/es\/wp-json\/wp\/v2\/pages"}],"about":[{"href":"https:\/\/nobileaccademiamediterranea.org\/es\/wp-json\/wp\/v2\/types\/page"}],"author":[{"embeddable":true,"href":"https:\/\/nobileaccademiamediterranea.org\/es\/wp-json\/wp\/v2\/users\/1"}],"replies":[{"embeddable":true,"href":"https:\/\/nobileaccademiamediterranea.org\/es\/wp-json\/wp\/v2\/comments?post=247"}],"version-history":[{"count":23,"href":"https:\/\/nobileaccademiamediterranea.org\/es\/wp-json\/wp\/v2\/pages\/247\/revisions"}],"predecessor-version":[{"id":1130,"href":"https:\/\/nobileaccademiamediterranea.org\/es\/wp-json\/wp\/v2\/pages\/247\/revisions\/1130"}],"wp:attachment":[{"href":"https:\/\/nobileaccademiamediterranea.org\/es\/wp-json\/wp\/v2\/media?parent=247"}],"curies":[{"name":"wp","href":"https:\/\/api.w.org\/{rel}","templated":true}]}}