{"id":245,"date":"2020-04-02T20:53:38","date_gmt":"2020-04-02T18:53:38","guid":{"rendered":"https:\/\/nobileaccademiamediterranea.org\/?page_id=245"},"modified":"2021-02-21T09:46:01","modified_gmt":"2021-02-21T08:46:01","slug":"magazine","status":"publish","type":"page","link":"https:\/\/nobileaccademiamediterranea.org\/es\/magazine\/","title":{"rendered":"Magazine"},"content":{"rendered":"\n<p class=\"text-justify first-letter\">La Noble Academia Mediterr\u00e1nea quiere informar, en tiempo real, todos los que est\u00e1n al tanto de los eventos, proyectos y realidades del Mediterr\u00e1neo. Los temas que hemos considerado como relevantes son:<br> &#8211; Los Cinco Sentidos: el hombre vive en un mundo de percepciones, sensaciones y emociones gracias a su5 sentidos \u2013 NewSensorialist; <br>&#8211; Las excelencias en las instituciones, en la industria, la tecnolog\u00eda y en el tercer sector que son el motor del progreso \u2013 Optimates; <br>&#8211; La m\u00fasica, como expresi\u00f3n art\u00edstica que no conoce fronteras &#8211; Musicalmente; <br>&#8211; La comunicaci\u00f3n visual es la forma m\u00e1s inmediata de relacionar populaciones distantes, ideas diferentes, civilidades y etnias lejanas \u2013 TV Italia. Un circuito completo de comunicaci\u00f3n dedicado a las gentes del Mediterr\u00e1neo, para llenar las diferencias y dar sentido a las caracter\u00edsticas parecidas. Se piensa a la instalaci\u00f3n de una escuela de periodismo finalizada a otorgar salidas laborales de j\u00f3venes merecedores y con una profunda voluntad de aprender y de difundir dialogo y armon\u00eda. Es un esfuerzo enorme que la Noble Academia Mediterr\u00e1nea se est\u00e1 haciendo cargo, junto con la actividad de voluntariado, que siempre ha representado el car\u00e1cter fundamental de su vida institucional.<\/p>\n\n\n\n<div class=\"wp-container-1 wp-block-group my-0\"><div class=\"wp-block-group__inner-container\">\n<div class=\"wp-block-image no-abstract my-0\"><figure class=\"alignleft size-large is-resized\"><a href=\"https:\/\/nobileaccademiamediterranea.org\/wp-content\/uploads\/2020\/06\/newsensorialist.jpg\"><img loading=\"lazy\" src=\"https:\/\/nobileaccademiamediterranea.org\/wp-content\/uploads\/2020\/06\/newsensorialist.jpg\" alt=\"\" class=\"wp-image-908\" width=\"150\" height=\"150\" srcset=\"https:\/\/nobileaccademiamediterranea.org\/wp-content\/uploads\/2020\/06\/newsensorialist.jpg 500w, https:\/\/nobileaccademiamediterranea.org\/wp-content\/uploads\/2020\/06\/newsensorialist-300x300.jpg 300w, https:\/\/nobileaccademiamediterranea.org\/wp-content\/uploads\/2020\/06\/newsensorialist-150x150.jpg 150w\" sizes=\"(max-width: 150px) 100vw, 150px\" \/><\/a><\/figure><\/div>\n\n\n\n<p class=\"text-justify\"><strong><a href=\"http:\/\/www.newsensorialist.it\/\">NewSensorialist<\/a><\/strong><br>Magazine, nacido en favor por los amantes de vino, por las empresas vin\u00edcolas y por la divulgaci\u00f3n de la cultura de uva y de su historia. Se quiere connotar como veh\u00edculo de cultura social. Siempre hemos trabajado en hechos, proyectos, iniciativas; ahora, con NewSensorialist, damos vida e cuerpo a sensaciones, emociones, a la belleza en relaci\u00f3n con su est\u00e9tica y econom\u00eda. Los cinco sentidos tienen que llevar al cabo la difusi\u00f3n de cultura y belleza, de innovaci\u00f3n y progreso. NewSensorist se ocupar\u00e1 de todo lo que cada naci\u00f3n del Mediterr\u00e1neo produce, comercializa y promueve en los sectores del turismo, de la gastronom\u00eda, de los transportes, del mundo artesanal. Una ventana de mil fotograf\u00edas de populaciones y de naciones; una gu\u00eda marcada con los ojos de quien valora la naturaleza, la belleza y el enge\u00f1o de cada d\u00eda. Un veh\u00edculo interactivo para otorgar un servicio continuado al lector, para informarlo sobre las novedades est\u00e9ticas del mundo del Mediterr\u00e1neo. En autumno ser\u00e1 editado junto con otras revistas.<\/p>\n<\/div><\/div>\n\n\n\n<p><br><strong>Editor y director Editorial &#8211; Massimo Criscuoli Tortora<\/strong><br><strong>Codirector Editorial \u2013 Giuseppina Levato<\/strong><br><strong>Director Responsable \u2013 Giovanna Speranza \u00a0<\/strong><\/p>\n\n\n\n<div class=\"wp-container-2 wp-block-group my-0\"><div class=\"wp-block-group__inner-container\">\n<div class=\"wp-block-image no-abstract my-0\"><figure class=\"alignleft size-large is-resized\"><a href=\"https:\/\/nobileaccademiamediterranea.org\/wp-content\/uploads\/2020\/06\/optimates.jpg\"><img loading=\"lazy\" src=\"https:\/\/nobileaccademiamediterranea.org\/wp-content\/uploads\/2020\/06\/optimates.jpg\" alt=\"\" class=\"wp-image-917\" width=\"150\" height=\"150\" title=\"\" srcset=\"https:\/\/nobileaccademiamediterranea.org\/wp-content\/uploads\/2020\/06\/optimates.jpg 452w, https:\/\/nobileaccademiamediterranea.org\/wp-content\/uploads\/2020\/06\/optimates-300x300.jpg 300w, https:\/\/nobileaccademiamediterranea.org\/wp-content\/uploads\/2020\/06\/optimates-150x150.jpg 150w\" sizes=\"(max-width: 150px) 100vw, 150px\" \/><\/a><\/figure><\/div>\n\n\n\n<p class=\"text-justify\"><strong><a href=\"http:\/\/www.optimates.eu\/\">Optimates<\/a><\/strong><br>Las excelencias que siempre han marcado las diferencias entre las populaciones. Las naciones a menudo se destacan gracias a sus usos sus costumbres, tradiciones, pero sobretodo a sus excelencias. Optimates quiere ser la voz de esas Excelencias, a las cuales entiende acompa\u00f1ar las expresiones mejores de la econom\u00eda de la industria y de los servicios y del mundo artesanal de cada naci\u00f3n y populaci\u00f3n. La revista se registrar\u00e1 ante Instituciones, Fundaciones, empresas y Excelencias. En un proyecto global, Optimates se coloca como revista \/ventalla de excelencias del Mediterr\u00e1neo. <br>Se editar\u00e1 en autumno 2020.<\/p>\n<\/div><\/div>\n\n\n\n<p><br><strong>Editor y Director Editorial &#8211; Massimo Criscuoli Tortora<\/strong><br><strong>Codirector Editoral \u2013 Giuseppina Levato<\/strong><br><strong>Director Responsable \u2013 Giovanna Speranza \u00a0<\/strong><\/p>\n\n\n\n<div class=\"wp-container-3 wp-block-group my-0\"><div class=\"wp-block-group__inner-container\">\n<div class=\"wp-block-image no-abstract\"><figure class=\"alignleft size-large is-resized\"><a href=\"https:\/\/nobileaccademiamediterranea.org\/wp-content\/uploads\/2020\/06\/musicalmente.png\"><img loading=\"lazy\" src=\"https:\/\/nobileaccademiamediterranea.org\/wp-content\/uploads\/2020\/06\/musicalmente.png\" alt=\"\" class=\"wp-image-920\" width=\"150\" height=\"150\" srcset=\"https:\/\/nobileaccademiamediterranea.org\/wp-content\/uploads\/2020\/06\/musicalmente.png 500w, https:\/\/nobileaccademiamediterranea.org\/wp-content\/uploads\/2020\/06\/musicalmente-300x300.png 300w, https:\/\/nobileaccademiamediterranea.org\/wp-content\/uploads\/2020\/06\/musicalmente-150x150.png 150w\" sizes=\"(max-width: 150px) 100vw, 150px\" \/><\/a><\/figure><\/div>\n\n\n\n<p class=\"text-justify\"><strong><a href=\"https:\/\/musicalmente.org\/\">Musicalmente<\/a><\/strong><br>Un instrumento de informaci\u00f3n sobre un universo en expansi\u00f3n: la M\u00fasica. El sitio es realmente una revista online realizado por una redacci\u00f3n de profesionales y cultores musicales, de canto, danza y comunicaci\u00f3n. La voluntad de Musicalmente es la de divulgar noticias y compartir emociones del mundo del Arte musical. Particular atenci\u00f3n se dedicar\u00e1 a los eventos que se podr\u00e1n consultar gracias a la fecha y a la tipolog\u00eda de manifestaci\u00f3n. La revista telem\u00e1tica publica dossier con profundizaciones sobre temas conectados con m\u00fasica, con canto y con danza, sin exclusiones de g\u00e9neros y relativamente a esto tendr\u00e1 su papel cada contribuci\u00f3n que los lectores podr\u00e1n dar a las secciones de noticias enviando cualquier cosa deseen. El reto que entendemos ganar es la de asumir la posici\u00f3n de ser fuente de activaci\u00f3n y estimulaci\u00f3n de intereses y curiosidades. De hecho, Musicalmente, no quiere ser tan solo un sitio, sino un centre de informaci\u00f3n cultural especializado. La M\u00fasica, el Canto y la Danza son los tres temas principales alrededor de los cual rodar\u00e1n las informaciones, las divagaciones, las noticias, las rubricas y sus instrumentos y g\u00e9neros musicales, aunque quede mucha distancia entre ellos. Habr\u00e1 siempre mucha atenci\u00f3n hacia la interpretaci\u00f3n de las exigencias de todos, garantizando continuos y progresivos ajustes, sobretodo gracias a la contribuci\u00f3n de los lectores. Dentro de este verano ya estaremos online.<\/p>\n<\/div><\/div>\n\n\n\n<p><br><strong>M\u00b0 Giusy Levato &#8211; Editor y Director Editorial<\/strong><br><strong>M\u00b0 Carlo Donadio \u2013 Codirector Editorial<\/strong><br><strong>Giovanna Speranza \u2013 Director responsable<\/strong><\/p>\n\n\n\n<div class=\"wp-container-4 wp-block-group my-0\"><div class=\"wp-block-group__inner-container\">\n<div class=\"wp-block-image no-abstract my-0\"><figure class=\"alignleft size-large is-resized\"><a href=\"https:\/\/nobileaccademiamediterranea.org\/wp-content\/uploads\/2020\/06\/testate_tvitalia.png\"><img loading=\"lazy\" src=\"https:\/\/nobileaccademiamediterranea.org\/wp-content\/uploads\/2020\/06\/testate_tvitalia.png\" alt=\"\" class=\"wp-image-928\" width=\"150\" height=\"150\" srcset=\"https:\/\/nobileaccademiamediterranea.org\/wp-content\/uploads\/2020\/06\/testate_tvitalia.png 500w, https:\/\/nobileaccademiamediterranea.org\/wp-content\/uploads\/2020\/06\/testate_tvitalia-300x300.png 300w, https:\/\/nobileaccademiamediterranea.org\/wp-content\/uploads\/2020\/06\/testate_tvitalia-150x150.png 150w\" sizes=\"(max-width: 150px) 100vw, 150px\" \/><\/a><\/figure><\/div>\n\n\n\n<p class=\"text-justify\"><strong><a href=\"http:\/\/www.tvitalia.org\/\">TV Italia<\/a><\/strong><br>En el proyecto Cultura en el Mediterr\u00e1neo, no pod\u00eda faltar una televisi\u00f3n de streaming, dedicada a los valores fondados en la cultura, el arte y la tradici\u00f3n y los usos de las populaciones ribere\u00f1as del Mediterr\u00e1neo. Una comunicaci\u00f3n interactiva que llevar\u00e1 en los recesos mas escondidos de las emociones de las gentes, para evidenciar las peculiaridades, las excelencias y la historia de las origines de la civilidad. Ser\u00e1 una televisi\u00f3n at\u00edpica, que conjugar\u00e1 la informaci\u00f3n con la difusi\u00f3n de las varias culturas para crear una cadena de uni\u00f3n espiritual y cultural, mas all\u00e1 de cualquier connotaci\u00f3n pol\u00edtica, religiosa, tradicional y de costumbre. Un papel de dialogo por la construcci\u00f3n de una nueva sociedad abierta y compartida. La primera transmisi\u00f3n en directo streaming se har\u00e1 durante la 1^ conferencia internacional del Mediterr\u00e1neo en Roma en enero.<\/p>\n<\/div><\/div>\n\n\n\n<p><br><strong>Editor y Director Editorial &#8211; Massimo Criscuoli Tortora<\/strong><br><strong>Codirector Editorial \u2013 Giuseppina Levato<\/strong><br><strong>Director Responsabile \u2013 Giovanna Speranza \u00a0<\/strong><\/p>\n","protected":false},"excerpt":{"rendered":"<p>La Noble Academia Mediterr\u00e1nea quiere informar, en tiempo real, todos los que est\u00e1n al tanto de los eventos, proyectos y realidades del Mediterr\u00e1neo. Los temas que hemos considerado como relevantes son: &#8211; Los Cinco Sentidos: el hombre vive en un mundo de percepciones, sensaciones y emociones gracias a su5 sentidos \u2013 NewSensorialist; &#8211; Las excelencias [&hellip;]<\/p>\n","protected":false},"author":1,"featured_media":0,"parent":0,"menu_order":0,"comment_status":"closed","ping_status":"closed","template":"","meta":[],"yoast_head":"<!-- This site is optimized with the Yoast SEO plugin v16.4 - https:\/\/yoast.com\/wordpress\/plugins\/seo\/ -->\n<title>Magazine - nobileaccademiamediterranea<\/title>\n<meta name=\"robots\" content=\"index, follow, max-snippet:-1, max-image-preview:large, max-video-preview:-1\" \/>\n<link rel=\"canonical\" href=\"https:\/\/nobileaccademiamediterranea.org\/magazine\/\" \/>\n<meta property=\"og:locale\" content=\"es_ES\" \/>\n<meta property=\"og:type\" content=\"article\" \/>\n<meta property=\"og:title\" content=\"Magazine\" \/>\n<meta property=\"og:description\" content=\"La Noble Academia Mediterr\u00e1nea quiere informar, en tiempo real, todos los que est\u00e1n al tanto de los eventos, proyectos y realidades del Mediterr\u00e1neo. Los temas que hemos considerado como relevantes son: &#8211; Los Cinco Sentidos: el hombre vive en un mundo de percepciones, sensaciones y emociones gracias a su5 sentidos \u2013 NewSensorialist; &#8211; Las excelencias [&hellip;]\" \/>\n<meta property=\"og:url\" content=\"https:\/\/nobileaccademiamediterranea.org\/magazine\/\" \/>\n<meta property=\"og:site_name\" content=\"nobileaccademiamediterranea\" \/>\n<meta property=\"article:modified_time\" content=\"2021-02-21T08:46:01+00:00\" \/>\n<meta property=\"og:image\" content=\"https:\/\/nobileaccademiamediterranea.org\/wp-content\/uploads\/2020\/06\/newsensorialist.jpg\" \/>\n<meta name=\"twitter:card\" content=\"summary_large_image\" \/>\n<meta name=\"twitter:label1\" content=\"Tiempo de lectura\" \/>\n\t<meta name=\"twitter:data1\" content=\"13 minutos\" \/>\n<script type=\"application\/ld+json\" class=\"yoast-schema-graph\">{\"@context\":\"https:\/\/schema.org\",\"@graph\":[{\"@type\":\"WebSite\",\"@id\":\"https:\/\/nobileaccademiamediterranea.org\/#website\",\"url\":\"https:\/\/nobileaccademiamediterranea.org\/\",\"name\":\"nobileaccademiamediterranea\",\"description\":\"\",\"potentialAction\":[{\"@type\":\"SearchAction\",\"target\":\"https:\/\/nobileaccademiamediterranea.org\/?s={search_term_string}\",\"query-input\":\"required name=search_term_string\"}],\"inLanguage\":\"es-ES\"},{\"@type\":\"ImageObject\",\"@id\":\"https:\/\/nobileaccademiamediterranea.org\/magazine\/#primaryimage\",\"inLanguage\":\"es-ES\",\"url\":\"https:\/\/nobileaccademiamediterranea.org\/wp-content\/uploads\/2020\/06\/newsensorialist.jpg\",\"contentUrl\":\"https:\/\/nobileaccademiamediterranea.org\/wp-content\/uploads\/2020\/06\/newsensorialist.jpg\",\"width\":500,\"height\":500},{\"@type\":\"WebPage\",\"@id\":\"https:\/\/nobileaccademiamediterranea.org\/magazine\/#webpage\",\"url\":\"https:\/\/nobileaccademiamediterranea.org\/magazine\/\",\"name\":\"[:it]Magazine[:ru]\\u0416\\u0443\\u0440\\u043d\\u0430\\u043b[:] - nobileaccademiamediterranea\",\"isPartOf\":{\"@id\":\"https:\/\/nobileaccademiamediterranea.org\/#website\"},\"primaryImageOfPage\":{\"@id\":\"https:\/\/nobileaccademiamediterranea.org\/magazine\/#primaryimage\"},\"datePublished\":\"2020-04-02T18:53:38+00:00\",\"dateModified\":\"2021-02-21T08:46:01+00:00\",\"breadcrumb\":{\"@id\":\"https:\/\/nobileaccademiamediterranea.org\/magazine\/#breadcrumb\"},\"inLanguage\":\"es-ES\",\"potentialAction\":[{\"@type\":\"ReadAction\",\"target\":[\"https:\/\/nobileaccademiamediterranea.org\/magazine\/\"]}]},{\"@type\":\"BreadcrumbList\",\"@id\":\"https:\/\/nobileaccademiamediterranea.org\/magazine\/#breadcrumb\",\"itemListElement\":[{\"@type\":\"ListItem\",\"position\":1,\"item\":{\"@type\":\"WebPage\",\"@id\":\"https:\/\/nobileaccademiamediterranea.org\/ru\/\",\"url\":\"https:\/\/nobileaccademiamediterranea.org\/ru\/\",\"name\":\"Home\"}},{\"@type\":\"ListItem\",\"position\":2,\"item\":{\"@id\":\"https:\/\/nobileaccademiamediterranea.org\/magazine\/#webpage\"}}]}]}<\/script>\n<!-- \/ Yoast SEO plugin. -->","_links":{"self":[{"href":"https:\/\/nobileaccademiamediterranea.org\/es\/wp-json\/wp\/v2\/pages\/245"}],"collection":[{"href":"https:\/\/nobileaccademiamediterranea.org\/es\/wp-json\/wp\/v2\/pages"}],"about":[{"href":"https:\/\/nobileaccademiamediterranea.org\/es\/wp-json\/wp\/v2\/types\/page"}],"author":[{"embeddable":true,"href":"https:\/\/nobileaccademiamediterranea.org\/es\/wp-json\/wp\/v2\/users\/1"}],"replies":[{"embeddable":true,"href":"https:\/\/nobileaccademiamediterranea.org\/es\/wp-json\/wp\/v2\/comments?post=245"}],"version-history":[{"count":33,"href":"https:\/\/nobileaccademiamediterranea.org\/es\/wp-json\/wp\/v2\/pages\/245\/revisions"}],"predecessor-version":[{"id":1129,"href":"https:\/\/nobileaccademiamediterranea.org\/es\/wp-json\/wp\/v2\/pages\/245\/revisions\/1129"}],"wp:attachment":[{"href":"https:\/\/nobileaccademiamediterranea.org\/es\/wp-json\/wp\/v2\/media?parent=245"}],"curies":[{"name":"wp","href":"https:\/\/api.w.org\/{rel}","templated":true}]}}