{"id":235,"date":"2020-04-02T20:52:12","date_gmt":"2020-04-02T18:52:12","guid":{"rendered":"https:\/\/nobileaccademiamediterranea.org\/?page_id=235"},"modified":"2021-02-21T09:44:44","modified_gmt":"2021-02-21T08:44:44","slug":"un-click-tra-le-note","status":"publish","type":"page","link":"https:\/\/nobileaccademiamediterranea.org\/es\/un-click-tra-le-note\/","title":{"rendered":"Un click entre las notas"},"content":{"rendered":"\n<div class=\"wp-container-1 wp-block-group my-0\"><div class=\"wp-block-group__inner-container\">\n<div class=\"wp-block-image no-abstract\"><figure class=\"alignleft size-large is-resized\"><img src=\"https:\/\/nobileaccademiamediterranea.org\/wp-content\/uploads\/2020\/06\/click-2.jpg\" alt=\"\" class=\"wp-image-862\" width=\"150\"\/><\/figure><\/div>\n\n\n\n<p class=\"text-justify first-letter\">Una foto instant\u00e1nea en el medio de la emoci\u00f3n de las notas es un mensaje de armon\u00eda que quiere superar las barreras nacionales, ideol\u00f3gicas y retomar el dialogo entre las personas por un respecto que va mas all\u00e1 de las ideas consolidadas y de las credencias. Es un proyecto dirigido a involucrar profesionales y amantes de cualquier nacionalidad. El concurso es animado por la Noble Academia Mediterr\u00e1nea, juntos con el peri\u00f3dico Musicalmente y por la \u2018Sax Academy\u2019. Cada participante tendr\u00e1 la posibilidad de enviar tres fotos. La premiaci\u00f3n y la exposici\u00f3n se implantar\u00e1n en las \u00e1reas del \u2018Teatro dell\u2019Opera\u2019 o en el Parque de la M\u00fasica de Roma. El concurso involucrar\u00e1 conservadores, escuelas de m\u00fasica, asociaciones musicales, escuelas de fotograf\u00eda, negocios y aparatos de fotograf\u00eda, tiendas de instrumentos musicales, y de venta de CD y amantes de la fotograf\u00eda y de la m\u00fasica. La participaci\u00f3n est\u00e1 abierta a todo el mundo, a todos los ciudadanos de las naciones ribere\u00f1as del Mediterr\u00e1neo. Al final de la manifestaci\u00f3n, se publicar\u00e1 un libro con las obras mejores y un listado de todas las obras se colgar\u00e1 al sitio web de la manifestaci\u00f3n. El premio est\u00e1 planteado por el autumno 2021.<\/p>\n<\/div><\/div>\n","protected":false},"excerpt":{"rendered":"<p>Una foto instant\u00e1nea en el medio de la emoci\u00f3n de las notas es un mensaje de armon\u00eda que quiere superar las barreras nacionales, ideol\u00f3gicas y retomar el dialogo entre las personas por un respecto que va mas all\u00e1 de las ideas consolidadas y de las credencias. Es un proyecto dirigido a involucrar profesionales y amantes [&hellip;]<\/p>\n","protected":false},"author":1,"featured_media":0,"parent":0,"menu_order":0,"comment_status":"closed","ping_status":"closed","template":"","meta":[],"yoast_head":"<!-- This site is optimized with the Yoast SEO plugin v16.4 - https:\/\/yoast.com\/wordpress\/plugins\/seo\/ -->\n<title>Un click entre las notas - nobileaccademiamediterranea<\/title>\n<meta name=\"robots\" content=\"index, follow, max-snippet:-1, max-image-preview:large, max-video-preview:-1\" \/>\n<link rel=\"canonical\" href=\"https:\/\/nobileaccademiamediterranea.org\/un-click-tra-le-note\/\" \/>\n<meta property=\"og:locale\" content=\"es_ES\" \/>\n<meta property=\"og:type\" content=\"article\" \/>\n<meta property=\"og:title\" content=\"Un click entre las notas\" \/>\n<meta property=\"og:description\" content=\"Una foto instant\u00e1nea en el medio de la emoci\u00f3n de las notas es un mensaje de armon\u00eda que quiere superar las barreras nacionales, ideol\u00f3gicas y retomar el dialogo entre las personas por un respecto que va mas all\u00e1 de las ideas consolidadas y de las credencias. Es un proyecto dirigido a involucrar profesionales y amantes [&hellip;]\" \/>\n<meta property=\"og:url\" content=\"https:\/\/nobileaccademiamediterranea.org\/un-click-tra-le-note\/\" \/>\n<meta property=\"og:site_name\" content=\"nobileaccademiamediterranea\" \/>\n<meta property=\"article:modified_time\" content=\"2021-02-21T08:44:44+00:00\" \/>\n<meta property=\"og:image\" content=\"https:\/\/nobileaccademiamediterranea.org\/wp-content\/uploads\/2020\/06\/click-2.jpg\" \/>\n<meta name=\"twitter:card\" content=\"summary_large_image\" \/>\n<meta name=\"twitter:label1\" content=\"Tiempo de lectura\" \/>\n\t<meta name=\"twitter:data1\" content=\"3 minutos\" \/>\n<script type=\"application\/ld+json\" class=\"yoast-schema-graph\">{\"@context\":\"https:\/\/schema.org\",\"@graph\":[{\"@type\":\"WebSite\",\"@id\":\"https:\/\/nobileaccademiamediterranea.org\/#website\",\"url\":\"https:\/\/nobileaccademiamediterranea.org\/\",\"name\":\"nobileaccademiamediterranea\",\"description\":\"\",\"potentialAction\":[{\"@type\":\"SearchAction\",\"target\":\"https:\/\/nobileaccademiamediterranea.org\/?s={search_term_string}\",\"query-input\":\"required name=search_term_string\"}],\"inLanguage\":\"es-ES\"},{\"@type\":\"ImageObject\",\"@id\":\"https:\/\/nobileaccademiamediterranea.org\/un-click-tra-le-note\/#primaryimage\",\"inLanguage\":\"es-ES\",\"url\":\"https:\/\/nobileaccademiamediterranea.org\/wp-content\/uploads\/2020\/06\/click-2.jpg\",\"contentUrl\":\"https:\/\/nobileaccademiamediterranea.org\/wp-content\/uploads\/2020\/06\/click-2.jpg\",\"width\":225,\"height\":300},{\"@type\":\"WebPage\",\"@id\":\"https:\/\/nobileaccademiamediterranea.org\/un-click-tra-le-note\/#webpage\",\"url\":\"https:\/\/nobileaccademiamediterranea.org\/un-click-tra-le-note\/\",\"name\":\"[:it]Un click tra le note[:en]A click among the notes[:es]Un click entre las notas[:ru]\\u041a\\u043b\\u0438\\u043a \\u041c\\u0435\\u0436\\u0434\\u0443 \\u041d\\u043e\\u0442\\u0430\\u043c\\u0438[:] - nobileaccademiamediterranea\",\"isPartOf\":{\"@id\":\"https:\/\/nobileaccademiamediterranea.org\/#website\"},\"primaryImageOfPage\":{\"@id\":\"https:\/\/nobileaccademiamediterranea.org\/un-click-tra-le-note\/#primaryimage\"},\"datePublished\":\"2020-04-02T18:52:12+00:00\",\"dateModified\":\"2021-02-21T08:44:44+00:00\",\"breadcrumb\":{\"@id\":\"https:\/\/nobileaccademiamediterranea.org\/un-click-tra-le-note\/#breadcrumb\"},\"inLanguage\":\"es-ES\",\"potentialAction\":[{\"@type\":\"ReadAction\",\"target\":[\"https:\/\/nobileaccademiamediterranea.org\/un-click-tra-le-note\/\"]}]},{\"@type\":\"BreadcrumbList\",\"@id\":\"https:\/\/nobileaccademiamediterranea.org\/un-click-tra-le-note\/#breadcrumb\",\"itemListElement\":[{\"@type\":\"ListItem\",\"position\":1,\"item\":{\"@type\":\"WebPage\",\"@id\":\"https:\/\/nobileaccademiamediterranea.org\/ru\/\",\"url\":\"https:\/\/nobileaccademiamediterranea.org\/ru\/\",\"name\":\"Home\"}},{\"@type\":\"ListItem\",\"position\":2,\"item\":{\"@id\":\"https:\/\/nobileaccademiamediterranea.org\/un-click-tra-le-note\/#webpage\"}}]}]}<\/script>\n<!-- \/ Yoast SEO plugin. -->","_links":{"self":[{"href":"https:\/\/nobileaccademiamediterranea.org\/es\/wp-json\/wp\/v2\/pages\/235"}],"collection":[{"href":"https:\/\/nobileaccademiamediterranea.org\/es\/wp-json\/wp\/v2\/pages"}],"about":[{"href":"https:\/\/nobileaccademiamediterranea.org\/es\/wp-json\/wp\/v2\/types\/page"}],"author":[{"embeddable":true,"href":"https:\/\/nobileaccademiamediterranea.org\/es\/wp-json\/wp\/v2\/users\/1"}],"replies":[{"embeddable":true,"href":"https:\/\/nobileaccademiamediterranea.org\/es\/wp-json\/wp\/v2\/comments?post=235"}],"version-history":[{"count":10,"href":"https:\/\/nobileaccademiamediterranea.org\/es\/wp-json\/wp\/v2\/pages\/235\/revisions"}],"predecessor-version":[{"id":1125,"href":"https:\/\/nobileaccademiamediterranea.org\/es\/wp-json\/wp\/v2\/pages\/235\/revisions\/1125"}],"wp:attachment":[{"href":"https:\/\/nobileaccademiamediterranea.org\/es\/wp-json\/wp\/v2\/media?parent=235"}],"curies":[{"name":"wp","href":"https:\/\/api.w.org\/{rel}","templated":true}]}}