{"id":233,"date":"2020-04-02T20:51:57","date_gmt":"2020-04-02T18:51:57","guid":{"rendered":"https:\/\/nobileaccademiamediterranea.org\/?page_id=233"},"modified":"2020-10-20T23:12:36","modified_gmt":"2020-10-20T21:12:36","slug":"premio-mons-bruno-navara","status":"publish","type":"page","link":"https:\/\/nobileaccademiamediterranea.org\/es\/premio-mons-bruno-navara\/","title":{"rendered":"Premio Mons. Bruno Navara<br> <small>1\u00b0 edicion 2020<\/small>"},"content":{"rendered":"\n<div class=\"wp-container-1 wp-block-group my-0\"><div class=\"wp-block-group__inner-container\">\n<div class=\"wp-block-image no-abstract\"><figure class=\"alignleft size-medium is-resized\"><a href=\"https:\/\/nobileaccademiamediterranea.org\/wp-content\/uploads\/2020\/06\/brunonavara.jpg\"><img src=\"https:\/\/nobileaccademiamediterranea.org\/wp-content\/uploads\/2020\/06\/brunonavara-212x300.jpg\" alt=\"\" class=\"wp-image-791\" width=\"150\" srcset=\"https:\/\/nobileaccademiamediterranea.org\/wp-content\/uploads\/2020\/06\/brunonavara-212x300.jpg 212w, https:\/\/nobileaccademiamediterranea.org\/wp-content\/uploads\/2020\/06\/brunonavara.jpg 300w\" sizes=\"(max-width: 212px) 100vw, 212px\" \/><\/a><\/figure><\/div>\n\n\n\n<p class=\"text-justify first-letter\">El proyecto, <strong>1\u00b0 edici\u00f3n Premio Literario \u201cMons. Bruno Navarra\u201d<\/strong>, nace para recordar y valorizar una figura importante para la comunidad: Bruno Navarra, cura, maestro y autor de obras hist\u00f3ricas y literarios de prestigio, ha recibido durante su carrera muchos reconocimientos entre los cuales el Premio Cultura de la Presidencia del Consejo de los Ministros y el primer premio ex aequo en la primera edici\u00f3n del \u2018Premio Bienal Literario dei Lepini\u2019, muchas energ\u00edas ha invertido en el descubrimiento e en el conocimiento de las tradiciones populares y religiosas, de usos costumbres, personajes, de historia, de bienes ambientales del paisaje, de turismo, de arquitectura: un puente que ha contribuido con la riqueza de su escritura a la promoci\u00f3n de la cultura y de la literatura, leer es una riqueza por cada uno y por su comunidad, y es un instrumento de crecimiento personal y comunitario. El nacimiento del proyecto, en principio surgido tan solo en forma de idea, ha adquirido un ulterior empuje gracias a la contribuci\u00f3n llegadas por el \u201c5 per mille\u201d que la Oficina de Financia del estado ha acreditado a la asociaci\u00f3n gracias a la devoluci\u00f3n de los contribuyentes, 14 en el 2015, 11 en el 2016 y 6 en el 2017 los cual, a la hora de entregar sus declaraciones patrimoniales han decidido devolver a la asociaci\u00f3n parte de sus propias impuestas directas. Empezaba a tomar forma la idea de hacer algo por el territorio y por su comunidad: desde las \u201centradas\u201d de los residentes empezaba construirse una comunidad de inversiones que llegasen a la econom\u00eda a las familias y a los residentes mismos. Las donaciones del territorio quedaban en el territorio, ayudando el territorio. Y todos esos impulsos han encontrado su concretizaci\u00f3n final en el encuentro en tres ONLUS del territorio: el comit\u00e9 de barrio \u201cPlaza Resurrecci\u00f3n &#8211; decreto la Mola\u201d y el \u201cCamper Club Colleferro\u201d, que ha trabajado para la realizaci\u00f3n del proyecto, intentando involucrar en la ejecuci\u00f3n todos los interesados cada uno por su parte de especializaci\u00f3n. En fin, como coronaci\u00f3n del proyecto, el sentimiento com\u00fan ha confluido en el Maestro Antonio Fiore- Ufagr\u00e0, blasonado pintor futurista, donde U significa universo inspirado a la universalidad del movimiento, F significa Fiore como su apellido y Agr\u00e0 corresponde al nombre del movimiento mismo, para crear un logotipo. Fiore es autor de muestras personales objeto de servicios radiof\u00f3nicos, televisivos, en RAI y online a nivel nacional e internacional, sumamos mas de 70 proyectos tan solo en Italia desde el 1980, mientras en el mundo ha trabajado en todos los continentes. El maestro Antonio Fiore figura en numerosos registros y bibliotecas:<\/p>\n<\/div><\/div>\n\n\n\n<ul class=\"text-justify\"><li>Archivio Storico della Biennale di Venezia;\u00a0<\/li><li>Archivio Storico della Quadriennale di Roma;\u00a0<\/li><li>Biblioteca Nazionale Centrale \u201cVittorio Emanuele II;\u00a0<\/li><li>Ministero per i Beni e le Attivit\u00e0 Culturali-Biblioteca di Archeologia e Storia dell\u2019Arte; \u00a0<\/li><li>Galleria Nazionale d\u2019Arte Moderna e Contemporanea; \u00a0<\/li><li>Biblioteca Hertziana- Max Plank; \u00a0<\/li><li>Biblioteca dell\u2019Accademia Nazionale di San Luca; \u00a0<\/li><li>Biblioteca Nationale de France; \u00a0<\/li><li>Biblioteca del MART-\u00a0<\/li><li>Museo di Arte Moderna e Contemporanea di Trento e Rovereto;\u00a0 <\/li><li>Biblioteca Museo MAXXI.\u00a0<\/li><\/ul>\n\n\n\n<p class=\"text-justify\">El proyecto empezaba a tener su identidad, y para dejar el puerto de forma definitiva necesitaba el bienestar del cura actual de la comunidad, del jefe de estudios del colegio, del alcalde de Segni, y de la biblioteca comunal en que se entregar\u00e1n todos los proyectos que quedar\u00e1n como patrimonio de la colectividad. Y por ese papel agradecemos ya por la profesionalidad, la dedici\u00f3n, y la disponibilidad de todos los sujetos involucrados, y todos los que con su trabajo contribuir\u00e1n a que todo salga bien y en fin agradecimientos a los j\u00f3venes, verdadero motor de todo.&nbsp;<br>La iniciativa del concurso se prefije unas cuantas finalidades:&nbsp;<\/p>\n\n\n\n<ol class=\"text-justify\"><li>Recordad y dar a conocer esta figura importante. \u00bfE cual mejor manera de un premio literario?;&nbsp;<\/li><li>Descubrir y tutelar la ciudad de Segni en la percepci\u00f3n de un territorio de inspiraci\u00f3n literaria con perfumes y su barrio hist\u00f3rico con casas y ruinas en recuerdo de la guerra, el dialecto, las an\u00e9cdotas, los productos de la eno-gastronom\u00eda, los campos, las vistas, el patrimonio de valores hist\u00f3ricos, culturales y naturales de una comunidad que se necesita preservar, tutelar, promover, conservar y valorizar;&nbsp;<\/li><li>Estimular la fantas\u00eda, valorizar la creatividad literaria, promover el placer de la escritura;&nbsp;<\/li><li>El premio ser\u00e1 el medio para proporcionar, a trav\u00e9s de los tiques por la venta de los libros destinados a los ganadores, una concreta ayuda a las familias que se encuentran en la situaci\u00f3n de enfrentarse con un gasto importante como matricular un chaval al colegio;<\/li><li>de financiar el gasto para la compra de subvenciones para comprar libros, con las financias que derivan del \u201c5 per mille\u201d.<\/li><li>de comprar libros de texto, en los dos quioscos de Segni;<\/li><li>Dar la posibilidad a la escuela involucr\u00e1ndola en un evento cultural que vaya mas all\u00e1 de las paredes del edificio escol\u00e1stico&nbsp;<\/li><\/ol>\n\n\n\n<div class=\"wp-container-8 wp-block-columns\">\n<div class=\"wp-container-3 wp-block-column\">\n<div class=\"wp-container-2 wp-block-buttons\">\n<div class=\"wp-block-button btn-blue\"><a class=\"wp-block-button__link\" href=\"https:\/\/nobileaccademiamediterranea.org\/regolamento-premio-mons-bruno-navara\/\">Regolamento<\/a><\/div>\n<\/div>\n<\/div>\n\n\n\n<div class=\"wp-container-5 wp-block-column\">\n<div class=\"wp-container-4 wp-block-buttons\">\n<div class=\"wp-block-button btn-blue\"><a class=\"wp-block-button__link\" href=\"https:\/\/nobileaccademiamediterranea.org\/biografia-premio-mons-bruno-navara\/\">Biografia<\/a><\/div>\n<\/div>\n<\/div>\n\n\n\n<div class=\"wp-container-7 wp-block-column\">\n<div class=\"wp-container-6 wp-block-buttons\">\n<div class=\"wp-block-button btn-blue\"><a class=\"wp-block-button__link\" href=\"\/wp-content\/uploads\/2020\/06\/NavarraModuloDiIscrizione.pdf\" rel=\"\">Modulo di iscrizione<\/a><\/div>\n<\/div>\n<\/div>\n<\/div>\n","protected":false},"excerpt":{"rendered":"<p>El proyecto, 1\u00b0 edici\u00f3n Premio Literario \u201cMons. Bruno Navarra\u201d, nace para recordar y valorizar una figura importante para la comunidad: Bruno Navarra, cura, maestro y autor de obras hist\u00f3ricas y literarios de prestigio, ha recibido durante su carrera muchos reconocimientos entre los cuales el Premio Cultura de la Presidencia del Consejo de los Ministros y [&hellip;]<\/p>\n","protected":false},"author":1,"featured_media":0,"parent":0,"menu_order":0,"comment_status":"closed","ping_status":"closed","template":"","meta":[],"yoast_head":"<!-- This site is optimized with the Yoast SEO plugin v16.4 - https:\/\/yoast.com\/wordpress\/plugins\/seo\/ -->\n<title>Premio Mons. Bruno Navara 1\u00b0 edicion 2020 - nobileaccademiamediterranea<\/title>\n<meta name=\"robots\" content=\"index, follow, max-snippet:-1, max-image-preview:large, max-video-preview:-1\" \/>\n<link rel=\"canonical\" href=\"https:\/\/nobileaccademiamediterranea.org\/ru\/premio-mons-bruno-navara\/\" \/>\n<meta property=\"og:locale\" content=\"es_ES\" \/>\n<meta property=\"og:type\" content=\"article\" \/>\n<meta property=\"og:title\" content=\"Premio Mons. Bruno Navara 1\u00b0 edicion 2020\" \/>\n<meta property=\"og:description\" content=\"El proyecto, 1\u00b0 edici\u00f3n Premio Literario \u201cMons. Bruno Navarra\u201d, nace para recordar y valorizar una figura importante para la comunidad: Bruno Navarra, cura, maestro y autor de obras hist\u00f3ricas y literarios de prestigio, ha recibido durante su carrera muchos reconocimientos entre los cuales el Premio Cultura de la Presidencia del Consejo de los Ministros y [&hellip;]\" \/>\n<meta property=\"og:url\" content=\"https:\/\/nobileaccademiamediterranea.org\/ru\/premio-mons-bruno-navara\/\" \/>\n<meta property=\"og:site_name\" content=\"nobileaccademiamediterranea\" \/>\n<meta property=\"article:modified_time\" content=\"2020-10-20T21:12:36+00:00\" \/>\n<meta property=\"og:image\" content=\"https:\/\/nobileaccademiamediterranea.org\/wp-content\/uploads\/2020\/06\/brunonavara-212x300.jpg\" \/>\n<meta name=\"twitter:card\" content=\"summary_large_image\" \/>\n<meta name=\"twitter:label1\" content=\"Tiempo de lectura\" \/>\n\t<meta name=\"twitter:data1\" content=\"12 minutos\" \/>\n<script type=\"application\/ld+json\" class=\"yoast-schema-graph\">{\"@context\":\"https:\/\/schema.org\",\"@graph\":[{\"@type\":\"WebSite\",\"@id\":\"https:\/\/nobileaccademiamediterranea.org\/#website\",\"url\":\"https:\/\/nobileaccademiamediterranea.org\/\",\"name\":\"nobileaccademiamediterranea\",\"description\":\"\",\"potentialAction\":[{\"@type\":\"SearchAction\",\"target\":\"https:\/\/nobileaccademiamediterranea.org\/?s={search_term_string}\",\"query-input\":\"required name=search_term_string\"}],\"inLanguage\":\"es-ES\"},{\"@type\":\"ImageObject\",\"@id\":\"https:\/\/nobileaccademiamediterranea.org\/ru\/premio-mons-bruno-navara\/#primaryimage\",\"inLanguage\":\"es-ES\",\"url\":\"https:\/\/nobileaccademiamediterranea.org\/wp-content\/uploads\/2020\/06\/brunonavara.jpg\",\"contentUrl\":\"https:\/\/nobileaccademiamediterranea.org\/wp-content\/uploads\/2020\/06\/brunonavara.jpg\",\"width\":300,\"height\":424},{\"@type\":\"WebPage\",\"@id\":\"https:\/\/nobileaccademiamediterranea.org\/ru\/premio-mons-bruno-navara\/#webpage\",\"url\":\"https:\/\/nobileaccademiamediterranea.org\/ru\/premio-mons-bruno-navara\/\",\"name\":\"[:it]Premio Mons. Bruno Navara 1\\u00b0 edizione 2020[:en]Prize Mons. Bruno Navara 1\\u00b0 edition 2020[:es]Premio Mons. Bruno Navara 1\\u00b0 edicion 2020[:ru]\\u041f\\u0440\\u0435\\u043c\\u0438\\u044f \\u041c\\u043e\\u043d\\u0441. \\u0411\\u0440\\u0443\\u043d\\u043e \\u041d\\u0430\\u0432\\u0430\\u0440\\u0440\\u0430 1-\\u0435 \\u0438\\u0437\\u0434\\u0430\\u043d\\u0438\\u0435 2020 [:] - nobileaccademiamediterranea\",\"isPartOf\":{\"@id\":\"https:\/\/nobileaccademiamediterranea.org\/#website\"},\"primaryImageOfPage\":{\"@id\":\"https:\/\/nobileaccademiamediterranea.org\/ru\/premio-mons-bruno-navara\/#primaryimage\"},\"datePublished\":\"2020-04-02T18:51:57+00:00\",\"dateModified\":\"2020-10-20T21:12:36+00:00\",\"breadcrumb\":{\"@id\":\"https:\/\/nobileaccademiamediterranea.org\/ru\/premio-mons-bruno-navara\/#breadcrumb\"},\"inLanguage\":\"es-ES\",\"potentialAction\":[{\"@type\":\"ReadAction\",\"target\":[\"https:\/\/nobileaccademiamediterranea.org\/ru\/premio-mons-bruno-navara\/\"]}]},{\"@type\":\"BreadcrumbList\",\"@id\":\"https:\/\/nobileaccademiamediterranea.org\/ru\/premio-mons-bruno-navara\/#breadcrumb\",\"itemListElement\":[{\"@type\":\"ListItem\",\"position\":1,\"item\":{\"@type\":\"WebPage\",\"@id\":\"https:\/\/nobileaccademiamediterranea.org\/ru\/\",\"url\":\"https:\/\/nobileaccademiamediterranea.org\/ru\/\",\"name\":\"Home\"}},{\"@type\":\"ListItem\",\"position\":2,\"item\":{\"@id\":\"https:\/\/nobileaccademiamediterranea.org\/ru\/premio-mons-bruno-navara\/#webpage\"}}]}]}<\/script>\n<!-- \/ Yoast SEO plugin. -->","_links":{"self":[{"href":"https:\/\/nobileaccademiamediterranea.org\/es\/wp-json\/wp\/v2\/pages\/233"}],"collection":[{"href":"https:\/\/nobileaccademiamediterranea.org\/es\/wp-json\/wp\/v2\/pages"}],"about":[{"href":"https:\/\/nobileaccademiamediterranea.org\/es\/wp-json\/wp\/v2\/types\/page"}],"author":[{"embeddable":true,"href":"https:\/\/nobileaccademiamediterranea.org\/es\/wp-json\/wp\/v2\/users\/1"}],"replies":[{"embeddable":true,"href":"https:\/\/nobileaccademiamediterranea.org\/es\/wp-json\/wp\/v2\/comments?post=233"}],"version-history":[{"count":27,"href":"https:\/\/nobileaccademiamediterranea.org\/es\/wp-json\/wp\/v2\/pages\/233\/revisions"}],"predecessor-version":[{"id":1080,"href":"https:\/\/nobileaccademiamediterranea.org\/es\/wp-json\/wp\/v2\/pages\/233\/revisions\/1080"}],"wp:attachment":[{"href":"https:\/\/nobileaccademiamediterranea.org\/es\/wp-json\/wp\/v2\/media?parent=233"}],"curies":[{"name":"wp","href":"https:\/\/api.w.org\/{rel}","templated":true}]}}