{"id":229,"date":"2020-04-02T20:51:11","date_gmt":"2020-04-02T18:51:11","guid":{"rendered":"https:\/\/nobileaccademiamediterranea.org\/?page_id=229"},"modified":"2020-10-20T22:52:52","modified_gmt":"2020-10-20T20:52:52","slug":"conferenze-int-del-mediterraneo","status":"publish","type":"page","link":"https:\/\/nobileaccademiamediterranea.org\/es\/conferenze-int-del-mediterraneo\/","title":{"rendered":"Conferecia Internacional<br>del Mediterraneo<br> <small>1\u00b0 edicion 2021<\/small>"},"content":{"rendered":"\n<div class=\"wp-block-image my-0\"><figure class=\"aligncenter size-large\"><img loading=\"lazy\" width=\"889\" height=\"501\" src=\"https:\/\/nobileaccademiamediterranea.org\/wp-content\/uploads\/2020\/06\/Conferenza-1.jpg\" alt=\"\" class=\"wp-image-746\" srcset=\"https:\/\/nobileaccademiamediterranea.org\/wp-content\/uploads\/2020\/06\/Conferenza-1.jpg 889w, https:\/\/nobileaccademiamediterranea.org\/wp-content\/uploads\/2020\/06\/Conferenza-1-300x169.jpg 300w, https:\/\/nobileaccademiamediterranea.org\/wp-content\/uploads\/2020\/06\/Conferenza-1-768x433.jpg 768w\" sizes=\"(max-width: 889px) 100vw, 889px\" \/><\/figure><\/div>\n\n\n\n<p class=\"text-justify first-letter\">El Mediterr\u00e1neo y el Oriente Pr\u00f3ximo siempre se han mostrado como la cuna de la civilidad y de las populaciones del mundo. Aqu\u00ed nacieron, el derecho, la cultura el arte en todas sus formas y las ciencias las religiones y la filosof\u00eda. En los siglos, los viajeros, empezando por Los Fenices, han difundido el saber y la consciencia entre las civilidades; los grandes imperios han permitido una homogeneizaci\u00f3n entre las gentes y el intercambio de usos y costumbres. Hubo guerras y conflictos, pero la cultura ha dado a la luz \u00e9pocas de oro, debidas a relaciones entre civilidades y saber. Luego llegaron navegantes y exploradores que han echado el semen de la consciencia y del saber en todas partes, hasta tierras desconocidas. Hoy nos estamos dando cuenta que el Mediterr\u00e1neo y el Oriente Pr\u00f3ximo siguen siendo el epicentro de unas cuantas realidades culturales que choquean entre ellas. Otras partes del mundo tienen problemas sociales y econ\u00f3micos; en el Mediterr\u00e1neo hallamos problemas culturales, \u00e9tnicos, religiosos y hist\u00f3ricos. Es opini\u00f3n de la Noble Academia Mediterr\u00e1nea que una obra de acercamiento de las populaciones ribere\u00f1as pueda ser una opci\u00f3n solucionadora por los conflictos entre ellas. Con mucho gusto recordamos la pol\u00edtica de Federico II, que logr\u00f3 que conviviesen culturas y civilidades muy diferentes sacando de ellas lo mejor. Los reinos musulmanes de Espa\u00f1a tambi\u00e9n percibieron la cultura y el respecto como instrumentos para impulsar el desarrollo del mundo y de la historia. Sucesivamente intereses econ\u00f3micos, din\u00e1micas de poderes, de religiones y dem\u00e1s causas han generado incomprensiones y conflictos todav\u00eda sin soluci\u00f3n y que todav\u00eda producen efectos tras much\u00edsimos a\u00f1os. La Nobel Academia Mediterr\u00e1nea reconoce esos son problemas que necesitan a\u00f1os y a\u00f1os de trabajo, demasiado complicado es el estado actual de las cosas como para imaginar una salida r\u00e1pida, pero la voluntad de desencadenar un proceso de cambio y de acercamiento de las personas, basado en la cultura y en el intercambio. La 1^ edici\u00f3n de la conferencia internacional del Mediterr\u00e1neo, che tendr\u00eda que realizarse en el mes de enero 2021 en Roma, se propone evidenciar varios temas culturales, pol\u00edticos y sociales, que intenten proponer algo para solucionar los estados actuales de conflictos. La conferencia se desarrollar\u00e1 en dos d\u00edas de estudio y de charlas. Los temas con los cual relatores y participantes se enfrentar\u00e1n tocan muchas argumentaciones:<\/p>\n\n\n\n<p><strong>1\u00b0 <strong>sesi\u00f3n<\/strong> &#8211; Elementos identificativos <\/strong>\u00a0<\/p>\n\n\n\n<ul class=\"text-justify\"><li><strong>Historia del Mediterr\u00e1neo: populaciones, cultura, civilidad<em>\u00a0<\/em><\/strong><\/li><li><strong>Lo Zero<\/strong> &#8211; un simbol que une las populaciones. Lectio Magistralis sobre la historia del Zero y de su importancia en el progreso de la historia.<\/li><li><strong>La M\u00fasica<\/strong> &#8211; onidos, no palabras: tradici\u00f3n y lenguaje universal entre populaciones.<\/li><li><strong>La Filosof\u00eda<\/strong> &#8211; El Mediterr\u00e1neo: cuna del pensamiento del hombre.<\/li><li><strong>La Religi\u00f3n<\/strong> a necesidad de las populaciones de conocer si mismas a trav\u00e9s de inc\u00f3gnito.<\/li><li><strong>El costumbre<\/strong> &#8211; una populaci\u00f3n se identifica gracias a su costumbres y tradiciones.<\/li><\/ul>\n\n\n\n<p><strong>2\u00b0 <strong>sesi\u00f3n<\/strong> &#8211; Mediterr\u00e1neo cuna de la civilidad y del progreso del hombre<\/strong><\/p>\n\n\n\n<ul class=\"text-justify\"><li><strong>El pan &#8211; <\/strong>la comida: lo que mas une las populaciones a rededor de la mesa. Costumbres, rituales, platos.<\/li><li><strong>Stupor Mundi <\/strong>ejemplo de integraci\u00f3n de las populaciones, de la cultura y del progreso seg\u00fan las leyes del respecto.<\/li><li><strong>Relaciones y simetr\u00edas<\/strong> a historia de las relaciones entre populaciones y naciones. Las criticidades, las sinergias y la esperanza. Tradiciones, usos y cultura entre populaciones del Mediterr\u00e1neo, que miren a una convivencia pacifica y constructiva.<\/li><\/ul>\n\n\n\n<p><strong>3\u00b0 <strong><strong>sesi\u00f3n<\/strong><\/strong><\/strong><\/p>\n\n\n\n<ul class=\"text-justify\"><li><strong>Formaci\u00f3n Sociopol\u00edtica de la laicidad<\/strong><\/li><li><strong>\u00bfGlobalizaci\u00f3n significa poder sociopol\u00edtico? Nueva \u00e9tica del tercer milenio<\/strong><\/li><li><strong>Las religiones y sus influencias en la sociedad<\/strong><\/li><li><strong>Impacto social y cultural de las nuevas tecnolog\u00edas de comunicaci\u00f3n<\/strong><\/li><li><strong>\u00c9tica econ\u00f3mica y \u00e9tica sociopol\u00edtica: conflictos y convergencias\u00a0<\/strong><\/li><li><strong>ideolog\u00edas y ideales: el imaginario sociopol\u00edtico del siglo XXI<\/strong><\/li><li><strong>Los escenarios geopol\u00edticos y las perspectivas de paz<\/strong><\/li><li><strong>Ideolog\u00edas y ideales: el imaginario sociopol\u00edtico del tercer milenio<\/strong><\/li><li><strong>Conclusiones, esperanza y propuestas<\/strong><\/li><\/ul>\n\n\n\n<p class=\"text-justify\">En esta ocasi\u00f3n se editar\u00e1 un libro blanco con intervenciones de los relatores que se enviar\u00e1 a miembros de instituciones pol\u00edticas y culturales de los pa\u00edses ribere\u00f1os. Las siguientes ediciones se imagina que se podr\u00edan realizar en diferentes ciudades que tengan un patrimonio hist\u00f3rico y cultural y que sean epicentros de relaciones entre gentes y populaciones. El programa que la Noble Academia Mediterr\u00e1nea entiende realizar es muy exigente y amplio, que seguramente no se agotar\u00e1 con la 1^ edici\u00f3n, sino que se desarrollar\u00e1 tambi\u00e9n en las siguientes. La 1^ edici\u00f3n 2021 ser\u00e1 tan solo el \u00edncipit de un dialogo que tiene que seguir en el tiempo. Ya hemos empezado una maniobra de establecimiento de contactos informales con ateneos mediterr\u00e1neos, el Ministerio del exterior y las embajadas y institutos de cultura de las naciones mediterr\u00e1neas, tambi\u00e9n con representantes de las comunidades en Italia y en el extranjero. La conferencia se presentar\u00e1 por medio de una rueda de prensa nacional e internacional en autumno en Roma, y todo se transmitir\u00e1 en directo streaming.<\/p>\n","protected":false},"excerpt":{"rendered":"<p>El Mediterr\u00e1neo y el Oriente Pr\u00f3ximo siempre se han mostrado como la cuna de la civilidad y de las populaciones del mundo. Aqu\u00ed nacieron, el derecho, la cultura el arte en todas sus formas y las ciencias las religiones y la filosof\u00eda. En los siglos, los viajeros, empezando por Los Fenices, han difundido el saber [&hellip;]<\/p>\n","protected":false},"author":1,"featured_media":0,"parent":0,"menu_order":0,"comment_status":"closed","ping_status":"closed","template":"","meta":[],"yoast_head":"<!-- This site is optimized with the Yoast SEO plugin v16.4 - https:\/\/yoast.com\/wordpress\/plugins\/seo\/ -->\n<title>Conferecia Internacionaldel Mediterraneo 1\u00b0 edicion 2021 - nobileaccademiamediterranea<\/title>\n<meta name=\"robots\" content=\"index, follow, max-snippet:-1, max-image-preview:large, max-video-preview:-1\" \/>\n<link rel=\"canonical\" href=\"https:\/\/nobileaccademiamediterranea.org\/ru\/conferenze-int-del-mediterraneo\/\" \/>\n<meta property=\"og:locale\" content=\"es_ES\" \/>\n<meta property=\"og:type\" content=\"article\" \/>\n<meta property=\"og:title\" content=\"Conferecia Internacionaldel Mediterraneo 1\u00b0 edicion 2021\" \/>\n<meta property=\"og:description\" content=\"El Mediterr\u00e1neo y el Oriente Pr\u00f3ximo siempre se han mostrado como la cuna de la civilidad y de las populaciones del mundo. Aqu\u00ed nacieron, el derecho, la cultura el arte en todas sus formas y las ciencias las religiones y la filosof\u00eda. En los siglos, los viajeros, empezando por Los Fenices, han difundido el saber [&hellip;]\" \/>\n<meta property=\"og:url\" content=\"https:\/\/nobileaccademiamediterranea.org\/ru\/conferenze-int-del-mediterraneo\/\" \/>\n<meta property=\"og:site_name\" content=\"nobileaccademiamediterranea\" \/>\n<meta property=\"article:modified_time\" content=\"2020-10-20T20:52:52+00:00\" \/>\n<meta property=\"og:image\" content=\"https:\/\/nobileaccademiamediterranea.org\/wp-content\/uploads\/2020\/06\/Conferenza-1.jpg\" \/>\n<meta name=\"twitter:card\" content=\"summary_large_image\" \/>\n<meta name=\"twitter:label1\" content=\"Tiempo de lectura\" \/>\n\t<meta name=\"twitter:data1\" content=\"12 minutos\" \/>\n<script type=\"application\/ld+json\" class=\"yoast-schema-graph\">{\"@context\":\"https:\/\/schema.org\",\"@graph\":[{\"@type\":\"WebSite\",\"@id\":\"https:\/\/nobileaccademiamediterranea.org\/#website\",\"url\":\"https:\/\/nobileaccademiamediterranea.org\/\",\"name\":\"nobileaccademiamediterranea\",\"description\":\"\",\"potentialAction\":[{\"@type\":\"SearchAction\",\"target\":\"https:\/\/nobileaccademiamediterranea.org\/?s={search_term_string}\",\"query-input\":\"required name=search_term_string\"}],\"inLanguage\":\"es-ES\"},{\"@type\":\"ImageObject\",\"@id\":\"https:\/\/nobileaccademiamediterranea.org\/ru\/conferenze-int-del-mediterraneo\/#primaryimage\",\"inLanguage\":\"es-ES\",\"url\":\"https:\/\/nobileaccademiamediterranea.org\/wp-content\/uploads\/2020\/06\/Conferenza-1.jpg\",\"contentUrl\":\"https:\/\/nobileaccademiamediterranea.org\/wp-content\/uploads\/2020\/06\/Conferenza-1.jpg\",\"width\":889,\"height\":501},{\"@type\":\"WebPage\",\"@id\":\"https:\/\/nobileaccademiamediterranea.org\/ru\/conferenze-int-del-mediterraneo\/#webpage\",\"url\":\"https:\/\/nobileaccademiamediterranea.org\/ru\/conferenze-int-del-mediterraneo\/\",\"name\":\"[:it]Conferenza Internazionale del Mediterraneo 1\\u00b0 edizione 2021[:en]International Conference of the Mediterranean 1\\u00b0 edition 2021[:es]Conferecia Internacional del Mediterraneo 1\\u00b0 edicion 2021[:ru]\\u041c\\u0435\\u0436\\u0434\\u0443\\u043d\\u0430\\u0440\\u043e\\u0434\\u043d\\u0430\\u044f \\u0421\\u0440\\u0435\\u0434\\u0438\\u0437\\u0435\\u043c\\u043d\\u043e\\u043c\\u043e\\u0440\\u0441\\u043a\\u0430\\u044f \\u041a\\u043e\\u043d\\u0444\\u0435\\u0440\\u0435\\u043d\\u0446\\u0438\\u044f 1-\\u0435 \\u0438\\u0437\\u0434\\u0430\\u043d\\u0438\\u0435 2021 [:] - nobileaccademiamediterranea\",\"isPartOf\":{\"@id\":\"https:\/\/nobileaccademiamediterranea.org\/#website\"},\"primaryImageOfPage\":{\"@id\":\"https:\/\/nobileaccademiamediterranea.org\/ru\/conferenze-int-del-mediterraneo\/#primaryimage\"},\"datePublished\":\"2020-04-02T18:51:11+00:00\",\"dateModified\":\"2020-10-20T20:52:52+00:00\",\"breadcrumb\":{\"@id\":\"https:\/\/nobileaccademiamediterranea.org\/ru\/conferenze-int-del-mediterraneo\/#breadcrumb\"},\"inLanguage\":\"es-ES\",\"potentialAction\":[{\"@type\":\"ReadAction\",\"target\":[\"https:\/\/nobileaccademiamediterranea.org\/ru\/conferenze-int-del-mediterraneo\/\"]}]},{\"@type\":\"BreadcrumbList\",\"@id\":\"https:\/\/nobileaccademiamediterranea.org\/ru\/conferenze-int-del-mediterraneo\/#breadcrumb\",\"itemListElement\":[{\"@type\":\"ListItem\",\"position\":1,\"item\":{\"@type\":\"WebPage\",\"@id\":\"https:\/\/nobileaccademiamediterranea.org\/ru\/\",\"url\":\"https:\/\/nobileaccademiamediterranea.org\/ru\/\",\"name\":\"Home\"}},{\"@type\":\"ListItem\",\"position\":2,\"item\":{\"@id\":\"https:\/\/nobileaccademiamediterranea.org\/ru\/conferenze-int-del-mediterraneo\/#webpage\"}}]}]}<\/script>\n<!-- \/ Yoast SEO plugin. -->","_links":{"self":[{"href":"https:\/\/nobileaccademiamediterranea.org\/es\/wp-json\/wp\/v2\/pages\/229"}],"collection":[{"href":"https:\/\/nobileaccademiamediterranea.org\/es\/wp-json\/wp\/v2\/pages"}],"about":[{"href":"https:\/\/nobileaccademiamediterranea.org\/es\/wp-json\/wp\/v2\/types\/page"}],"author":[{"embeddable":true,"href":"https:\/\/nobileaccademiamediterranea.org\/es\/wp-json\/wp\/v2\/users\/1"}],"replies":[{"embeddable":true,"href":"https:\/\/nobileaccademiamediterranea.org\/es\/wp-json\/wp\/v2\/comments?post=229"}],"version-history":[{"count":21,"href":"https:\/\/nobileaccademiamediterranea.org\/es\/wp-json\/wp\/v2\/pages\/229\/revisions"}],"predecessor-version":[{"id":1072,"href":"https:\/\/nobileaccademiamediterranea.org\/es\/wp-json\/wp\/v2\/pages\/229\/revisions\/1072"}],"wp:attachment":[{"href":"https:\/\/nobileaccademiamediterranea.org\/es\/wp-json\/wp\/v2\/media?parent=229"}],"curies":[{"name":"wp","href":"https:\/\/api.w.org\/{rel}","templated":true}]}}