{"id":223,"date":"2020-04-02T20:50:16","date_gmt":"2020-04-02T18:50:16","guid":{"rendered":"https:\/\/nobileaccademiamediterranea.org\/?page_id=223"},"modified":"2021-02-21T09:43:44","modified_gmt":"2021-02-21T08:43:44","slug":"considerazioni","status":"publish","type":"page","link":"https:\/\/nobileaccademiamediterranea.org\/es\/considerazioni\/","title":{"rendered":"Consideraciones"},"content":{"rendered":"\n<style>\np{margin-bottom:0!important}\n.wp-block-columns{margin-top:10px!important;margin-bottom:0!important}\n<\/style>\n\n\n\n<p class=\"text-justify first-letter\">Desde siempre el Mediterr\u00e1neo y el Oriente Pr\u00f3ximo han sido la cuna del proceso y de la civilidad hasta Biblia pone el Jard\u00edn del Ed\u00e9n en aquellos lugares. La humanidad surgi\u00f3 entre la Mesopotamia y el Mediterr\u00e1neo, tierras mojadas por las aguas del Nilo, donde antes los grecos y luego los romanos encontraron una fuente de vida. A partir de ese encuentro de culturas, se puede datar la civilidad, la cultura y el progreso que se han expandido en todos lados y han influido y determinado la evoluci\u00f3n de todo el mundo. El mundo est\u00e1 lleno de contaminaciones mediterr\u00e1neas, hoy sigue cada problema, cada lucha ideol\u00f3gica, pero la amabilidad del dialogo se desarrolla y se encarna en las populaciones ribere\u00f1as. La noble academia mediterr\u00e1nea quiere que el dialogo sea su forma predilecta para desarrollar su misi\u00f3n de voluntariado. Con la cultura se pueden acercar las populaciones, respectando las diferencias sociales y culturales utilizando los usos y las costumbres como medios para compartir riqueza. Una acci\u00f3n de voluntariado as\u00ed dise\u00f1ada podr\u00eda ser una de las mejores innovaciones de los \u00faltimos anos en la lucha por la abolici\u00f3n de las barreras de los prejudicios y para comprender como el dialogo act\u00fae un papel enorme solucionando problemas que podr\u00edan resultar muy complicados. Considerar los problemas y enfrentarse a ellos con una sonrisa es s\u00edntoma de progreso y de armon\u00eda. La noble academia mediterr\u00e1nea toma conciencia que el hombre es tan solo una parte de una armon\u00eda mas amplia y la cultura es la clave para desarrollar un papel fundamental en ese dialogo.<\/p>\n\n\n\n<p class=\"has-text-align-center\"><strong><strong>Naciones y Populaciones<\/strong><\/strong><\/p>\n\n\n\n<p class=\"text-justify\">El consejo directivo de la Noble Academia Mediterr\u00e1nea ha establecido que es necesario prever que la acci\u00f3n de voluntariado de la ONLUS involucre las naciones ribere\u00f1as. Tambi\u00e9n se piensa que a las naciones ribere\u00f1as del Mediterr\u00e1neo se puedan a\u00f1adir las que se instalan cerca del Mar Negro y del Mar de Azov en cuanto manifestaciones de una continuidad cultural que se ha profundizado a lo largo de los a\u00f1os. Geol\u00f3gica y morfol\u00f3gicamente estas tierras se parecen tal cual a todas las tierras mediterr\u00e1nea. Esas son todas las actividades y los proyectos de la Noble Academia Mediterr\u00e1nea para la conexi\u00f3n de las etnias y de las populaciones a trav\u00e9s de los usos y de las costumbres:<\/p>\n\n\n\n<p class=\"has-text-align-center\"><strong>Mar Mediterr\u00e1neo<\/strong><\/p>\n\n\n\n<div class=\"wp-container-3 wp-block-columns\">\n<div class=\"wp-container-1 wp-block-column\">\n<p><strong><em>Gibraltar<\/em><\/strong><br><strong><em>Principado de M\u00f3naco<\/em><\/strong><br><strong><em>Republica Argelina Democr\u00e1tica y Popular<\/em><\/strong><br><strong><em>Republica Araba de Egipto<\/em><\/strong><br><strong><em>Republica de Ciprio<\/em><\/strong><br><strong><em>Republica de Turqu\u00eda<\/em><\/strong><br><strong><em>Republica Francesa<\/em><\/strong><br><strong><em>Republica de T\u00fanez<\/em><\/strong><br><strong><em>Estado de Israel<\/em><\/strong><br><strong><em>Estado de Palestina<\/em><\/strong><\/p>\n<\/div>\n\n\n\n<div class=\"wp-container-2 wp-block-column\">\n<p><strong><em>Montenegro<\/em><\/strong><br><strong><em>Reino de Marrueco<\/em><\/strong><br><strong><em>Reino de Espa\u00f1a<\/em><\/strong><br><strong><em>Republica de Albania<\/em><\/strong><br><strong><em>Republica Croata<\/em><\/strong><br><strong><em>Republica Hel\u00e9nica<\/em><\/strong><br><strong><em>Republica Libanesa<\/em><\/strong><br><strong><em>Repubblica Turca di Cipro<\/em><\/strong><br><strong><em>Estado de Libia<\/em><\/strong><\/p>\n<\/div>\n<\/div>\n\n\n\n<p class=\"has-text-align-center\"><strong>Mar Negro y Mar de Avoz<\/strong><\/p>\n\n\n\n<div class=\"wp-container-6 wp-block-columns\">\n<div class=\"wp-container-4 wp-block-column\">\n<p><strong><em>Federaci\u00f3n Rusa<\/em><\/strong><br><strong><em>Republica de Bulgaria<\/em><\/strong><br><strong><em>Ucraina<\/em><\/strong><\/p>\n<\/div>\n\n\n\n<div class=\"wp-container-5 wp-block-column\">\n<p><strong><em>Georgia<\/em><\/strong><br><strong><em>Romania<\/em><\/strong><\/p>\n<\/div>\n<\/div>\n\n\n\n<p class=\"text-justify\">Tambi\u00e9n se pueden considerar naciones ribere\u00f1as mediterr\u00e1neas por conexi\u00f3n con esas naciones como:<\/p>\n\n\n\n<div class=\"wp-container-9 wp-block-columns\">\n<div class=\"wp-container-7 wp-block-column\">\n<p><strong><em>Principado de Andorra<\/em><\/strong><br><strong><em>Republica de Eslovenia<\/em><\/strong><br><strong><em>Ciudad del Vaticano<\/em><\/strong><\/p>\n<\/div>\n\n\n\n<div class=\"wp-container-8 wp-block-column\">\n<p><strong><em>Republica de San Marino<\/em><\/strong><br><strong><em>Orden de Malta<\/em><\/strong><br><strong><em>Reino Hachemita de Jordania<\/em><\/strong><\/p>\n<\/div>\n<\/div>\n\n\n\n<p class=\"has-text-align-center\"><strong>Delegaciones<\/strong><\/p>\n\n\n\n<p class=\"text-justify\">El consejo de direcci\u00f3n de la noble academia ha programado instalar oficinas y representantes tambi\u00e9n en estos pa\u00edses. La presencia estable en estos territorios permitir\u00e1 a la ONLUS de actuar con mas facilidad monitorizando y actualizando el estado de las condiciones cada d\u00eda.<\/p>\n","protected":false},"excerpt":{"rendered":"<p>Desde siempre el Mediterr\u00e1neo y el Oriente Pr\u00f3ximo han sido la cuna del proceso y de la civilidad hasta Biblia pone el Jard\u00edn del Ed\u00e9n en aquellos lugares. La humanidad surgi\u00f3 entre la Mesopotamia y el Mediterr\u00e1neo, tierras mojadas por las aguas del Nilo, donde antes los grecos y luego los romanos encontraron una fuente [&hellip;]<\/p>\n","protected":false},"author":1,"featured_media":0,"parent":0,"menu_order":0,"comment_status":"closed","ping_status":"closed","template":"","meta":[],"yoast_head":"<!-- This site is optimized with the Yoast SEO plugin v16.4 - https:\/\/yoast.com\/wordpress\/plugins\/seo\/ -->\n<title>Consideraciones - nobileaccademiamediterranea<\/title>\n<meta name=\"robots\" content=\"index, follow, max-snippet:-1, max-image-preview:large, max-video-preview:-1\" \/>\n<link rel=\"canonical\" href=\"https:\/\/nobileaccademiamediterranea.org\/considerazioni\/\" \/>\n<meta property=\"og:locale\" content=\"es_ES\" \/>\n<meta property=\"og:type\" content=\"article\" \/>\n<meta property=\"og:title\" content=\"Consideraciones\" \/>\n<meta property=\"og:description\" content=\"Desde siempre el Mediterr\u00e1neo y el Oriente Pr\u00f3ximo han sido la cuna del proceso y de la civilidad hasta Biblia pone el Jard\u00edn del Ed\u00e9n en aquellos lugares. La humanidad surgi\u00f3 entre la Mesopotamia y el Mediterr\u00e1neo, tierras mojadas por las aguas del Nilo, donde antes los grecos y luego los romanos encontraron una fuente [&hellip;]\" \/>\n<meta property=\"og:url\" content=\"https:\/\/nobileaccademiamediterranea.org\/considerazioni\/\" \/>\n<meta property=\"og:site_name\" content=\"nobileaccademiamediterranea\" \/>\n<meta property=\"article:modified_time\" content=\"2021-02-21T08:43:44+00:00\" \/>\n<meta property=\"og:image\" content=\"https:\/\/nobileaccademiamediterranea.org\/wp-content\/uploads\/2020\/03\/Marchio_Mare-Bianco-03.png\" \/>\n<meta name=\"twitter:card\" content=\"summary_large_image\" \/>\n<meta name=\"twitter:label1\" content=\"Tiempo de lectura\" \/>\n\t<meta name=\"twitter:data1\" content=\"8 minutos\" \/>\n<script type=\"application\/ld+json\" class=\"yoast-schema-graph\">{\"@context\":\"https:\/\/schema.org\",\"@graph\":[{\"@type\":\"WebSite\",\"@id\":\"https:\/\/nobileaccademiamediterranea.org\/#website\",\"url\":\"https:\/\/nobileaccademiamediterranea.org\/\",\"name\":\"nobileaccademiamediterranea\",\"description\":\"\",\"potentialAction\":[{\"@type\":\"SearchAction\",\"target\":\"https:\/\/nobileaccademiamediterranea.org\/?s={search_term_string}\",\"query-input\":\"required name=search_term_string\"}],\"inLanguage\":\"es-ES\"},{\"@type\":\"ImageObject\",\"@id\":\"https:\/\/nobileaccademiamediterranea.org\/considerazioni\/#primaryimage\",\"inLanguage\":\"es-ES\",\"url\":\"https:\/\/nobileaccademiamediterranea.org\/wp-content\/uploads\/2020\/03\/Marchio_Mare-Bianco-03.png\",\"contentUrl\":\"https:\/\/nobileaccademiamediterranea.org\/wp-content\/uploads\/2020\/03\/Marchio_Mare-Bianco-03.png\",\"width\":891,\"height\":446},{\"@type\":\"WebPage\",\"@id\":\"https:\/\/nobileaccademiamediterranea.org\/considerazioni\/#webpage\",\"url\":\"https:\/\/nobileaccademiamediterranea.org\/considerazioni\/\",\"name\":\"[:it]Considerazioni[:en]Considerations[:es]Consideraciones[:ru]\\u0421\\u043e\\u043e\\u0431\\u0440\\u0430\\u0436\\u0435\\u043d\\u0438\\u044f[:] - nobileaccademiamediterranea\",\"isPartOf\":{\"@id\":\"https:\/\/nobileaccademiamediterranea.org\/#website\"},\"primaryImageOfPage\":{\"@id\":\"https:\/\/nobileaccademiamediterranea.org\/considerazioni\/#primaryimage\"},\"datePublished\":\"2020-04-02T18:50:16+00:00\",\"dateModified\":\"2021-02-21T08:43:44+00:00\",\"breadcrumb\":{\"@id\":\"https:\/\/nobileaccademiamediterranea.org\/considerazioni\/#breadcrumb\"},\"inLanguage\":\"es-ES\",\"potentialAction\":[{\"@type\":\"ReadAction\",\"target\":[\"https:\/\/nobileaccademiamediterranea.org\/considerazioni\/\"]}]},{\"@type\":\"BreadcrumbList\",\"@id\":\"https:\/\/nobileaccademiamediterranea.org\/considerazioni\/#breadcrumb\",\"itemListElement\":[{\"@type\":\"ListItem\",\"position\":1,\"item\":{\"@type\":\"WebPage\",\"@id\":\"https:\/\/nobileaccademiamediterranea.org\/ru\/\",\"url\":\"https:\/\/nobileaccademiamediterranea.org\/ru\/\",\"name\":\"Home\"}},{\"@type\":\"ListItem\",\"position\":2,\"item\":{\"@id\":\"https:\/\/nobileaccademiamediterranea.org\/considerazioni\/#webpage\"}}]}]}<\/script>\n<!-- \/ Yoast SEO plugin. -->","_links":{"self":[{"href":"https:\/\/nobileaccademiamediterranea.org\/es\/wp-json\/wp\/v2\/pages\/223"}],"collection":[{"href":"https:\/\/nobileaccademiamediterranea.org\/es\/wp-json\/wp\/v2\/pages"}],"about":[{"href":"https:\/\/nobileaccademiamediterranea.org\/es\/wp-json\/wp\/v2\/types\/page"}],"author":[{"embeddable":true,"href":"https:\/\/nobileaccademiamediterranea.org\/es\/wp-json\/wp\/v2\/users\/1"}],"replies":[{"embeddable":true,"href":"https:\/\/nobileaccademiamediterranea.org\/es\/wp-json\/wp\/v2\/comments?post=223"}],"version-history":[{"count":15,"href":"https:\/\/nobileaccademiamediterranea.org\/es\/wp-json\/wp\/v2\/pages\/223\/revisions"}],"predecessor-version":[{"id":1121,"href":"https:\/\/nobileaccademiamediterranea.org\/es\/wp-json\/wp\/v2\/pages\/223\/revisions\/1121"}],"wp:attachment":[{"href":"https:\/\/nobileaccademiamediterranea.org\/es\/wp-json\/wp\/v2\/media?parent=223"}],"curies":[{"name":"wp","href":"https:\/\/api.w.org\/{rel}","templated":true}]}}