{"id":211,"date":"2020-04-02T20:47:59","date_gmt":"2020-04-02T18:47:59","guid":{"rendered":"https:\/\/nobileaccademiamediterranea.org\/?page_id=211"},"modified":"2021-02-21T09:43:09","modified_gmt":"2021-02-21T08:43:09","slug":"commissioni","status":"publish","type":"page","link":"https:\/\/nobileaccademiamediterranea.org\/es\/commissioni\/","title":{"rendered":"Comisiones"},"content":{"rendered":"\n<style>\n.wp-block-columns{margin-top:0!important; margin-bottom:1rem!important}\n<\/style>\n\n\n\n<div class=\"wp-block-image my-0\"><figure class=\"aligncenter size-medium\"><img loading=\"lazy\" width=\"300\" height=\"183\" src=\"https:\/\/nobileaccademiamediterranea.org\/wp-content\/uploads\/2020\/06\/commissione-1-300x183.jpg\" alt=\"\" class=\"wp-image-564\" srcset=\"https:\/\/nobileaccademiamediterranea.org\/wp-content\/uploads\/2020\/06\/commissione-1-300x183.jpg 300w, https:\/\/nobileaccademiamediterranea.org\/wp-content\/uploads\/2020\/06\/commissione-1-1024x626.jpg 1024w, https:\/\/nobileaccademiamediterranea.org\/wp-content\/uploads\/2020\/06\/commissione-1-768x469.jpg 768w, https:\/\/nobileaccademiamediterranea.org\/wp-content\/uploads\/2020\/06\/commissione-1.jpg 1132w\" sizes=\"(max-width: 300px) 100vw, 300px\" \/><\/figure><\/div>\n\n\n\n<p class=\"text-justify first-letter\">El estatuto cuenta con la instituci\u00f3n de varias Comisiones por el estudio, la organizaci\u00f3n y promoci\u00f3n de manifestaciones culturales y de actividades de voluntariado. Puede participar al trabajo de las comisiones todo el mundo, aunque no forme parte de la ONLUS, pero la coordinaci\u00f3n de las actividades ha de estar al mando de un socio \u00fanico, mejor que sea miembro del consejo de direcci\u00f3n. Ahora mismo hay cuatro comisiones.<\/p>\n\n\n\n<div class=\"wp-container-3 wp-block-columns\">\n<div class=\"wp-container-1 wp-block-column\">\n<p class=\"has-text-align-center has-large-font-size\"><strong><strong>M\u00fasica<\/strong><\/strong><\/p>\n\n\n\n<p class=\"text-justify\">Esta comisi\u00f3n tiene el papel de profundizar la m\u00fasica en cuanto herramienta para dialogar de forma intercultural entre personas acercando y fundiendo culturas diferentes. La m\u00fasica no tiene ninguna influencia pol\u00edtica, de religi\u00f3n y diferencias de piel o de populaci\u00f3n, ni barreras territoriales. Es la sublimaci\u00f3n del animo humano y la ambici\u00f3n de tumbar cualquier barrera, transmitiendo cultura y emociones.<\/p>\n\n\n\n<p class=\"has-text-align-right\"><strong>Coordinador M\u00b0 Carlo Donadio<\/strong><\/p>\n<\/div>\n\n\n\n<div class=\"wp-container-2 wp-block-column\">\n<p class=\"has-text-align-center has-large-font-size\"><strong><strong>Justicia y derechos<\/strong><\/strong><\/p>\n\n\n\n<p class=\"text-justify\">La comisi\u00f3n desarrolla el papel de profundizar temas como justicia y derechos humanos en Italia y en todos los pa\u00edses ribere\u00f1os del Mar Mediterr\u00e1neo, donde muchas veces el respecto y la dignidad humana choquean con leyes, constituciones y costumbres locales, que impiden el desarrollo de la libertad individual especialmente en cuanto a las mujeres. Actuar\u00e1 estableciendo contactos con Organizaciones Internacionales, reconocidas ante las Naciones Unidas.<\/p>\n\n\n\n<p class=\"has-text-align-right\"><strong>Coordinador abog. Davide Burzill\u00e0<\/strong><\/p>\n<\/div>\n<\/div>\n\n\n\n<div class=\"wp-container-6 wp-block-columns\">\n<div class=\"wp-container-4 wp-block-column\">\n<p class=\"has-text-align-center has-large-font-size\"><strong><strong><strong>Costumbre e Moda<\/strong><\/strong><\/strong><\/p>\n\n\n\n<p class=\"text-justify\">La comisi\u00f3n se encarga de enfrentarse con temas de las costumbres de las populaciones del mar Mediterr\u00e1neo que representan los m\u00e1s profundos y genuinos sentimientos de una populaci\u00f3n, en cuanto involucran cada \u00e9poca de la historia y de la evoluci\u00f3n de aquella populaci\u00f3n. La moda representa la evoluci\u00f3n temporal de las costumbres, permitiendo la expresi\u00f3n del enge\u00f1o y de la capacidad de cada uno de dar vida a algo. Ayudar estas realidades, significa plantear relaciones con el entorno del mundo.<\/p>\n\n\n\n<p class=\"has-text-align-right\"><\/p>\n<\/div>\n\n\n\n<div class=\"wp-container-5 wp-block-column\">\n<p class=\"has-text-align-center has-large-font-size\"><strong><strong><strong>Arte y cultura<\/strong><\/strong><\/strong><\/p>\n\n\n\n<p class=\"text-justify\">La comisi\u00f3n se encarga de profundizar arte y cultura, como forma de actividad principal de la asociaci\u00f3n. El dialogo entre Italia y los pa\u00edses ribere\u00f1os, fundado sobre or\u00edgenes hist\u00f3ricas y culturales permitir\u00e1 superar cualquier diversidad, pol\u00edtica y religiosa, favoreciendo la resurrecci\u00f3n \u00e9tica y moral de las populaciones, bajo las mismas normas de la historia y de la tradici\u00f3n com\u00fan.<\/p>\n\n\n\n<p class=\"has-text-align-right\"><strong>Coordinador dr. Bruno Pacifico Piattelli<\/strong><\/p>\n<\/div>\n<\/div>\n\n\n\n<p><\/p>\n","protected":false},"excerpt":{"rendered":"<p>El estatuto cuenta con la instituci\u00f3n de varias Comisiones por el estudio, la organizaci\u00f3n y promoci\u00f3n de manifestaciones culturales y de actividades de voluntariado. Puede participar al trabajo de las comisiones todo el mundo, aunque no forme parte de la ONLUS, pero la coordinaci\u00f3n de las actividades ha de estar al mando de un socio [&hellip;]<\/p>\n","protected":false},"author":1,"featured_media":0,"parent":0,"menu_order":0,"comment_status":"closed","ping_status":"closed","template":"","meta":[],"yoast_head":"<!-- This site is optimized with the Yoast SEO plugin v16.4 - https:\/\/yoast.com\/wordpress\/plugins\/seo\/ -->\n<title>Comisiones - nobileaccademiamediterranea<\/title>\n<meta name=\"robots\" content=\"index, follow, max-snippet:-1, max-image-preview:large, max-video-preview:-1\" \/>\n<link rel=\"canonical\" href=\"https:\/\/nobileaccademiamediterranea.org\/commissioni\/\" \/>\n<meta property=\"og:locale\" content=\"es_ES\" \/>\n<meta property=\"og:type\" content=\"article\" \/>\n<meta property=\"og:title\" content=\"Comisiones\" \/>\n<meta property=\"og:description\" content=\"El estatuto cuenta con la instituci\u00f3n de varias Comisiones por el estudio, la organizaci\u00f3n y promoci\u00f3n de manifestaciones culturales y de actividades de voluntariado. Puede participar al trabajo de las comisiones todo el mundo, aunque no forme parte de la ONLUS, pero la coordinaci\u00f3n de las actividades ha de estar al mando de un socio [&hellip;]\" \/>\n<meta property=\"og:url\" content=\"https:\/\/nobileaccademiamediterranea.org\/commissioni\/\" \/>\n<meta property=\"og:site_name\" content=\"nobileaccademiamediterranea\" \/>\n<meta property=\"article:modified_time\" content=\"2021-02-21T08:43:09+00:00\" \/>\n<meta property=\"og:image\" content=\"https:\/\/nobileaccademiamediterranea.org\/wp-content\/uploads\/2020\/06\/commissione-1-300x183.jpg\" \/>\n<meta name=\"twitter:card\" content=\"summary_large_image\" \/>\n<meta name=\"twitter:label1\" content=\"Tiempo de lectura\" \/>\n\t<meta name=\"twitter:data1\" content=\"7 minutos\" \/>\n<script type=\"application\/ld+json\" class=\"yoast-schema-graph\">{\"@context\":\"https:\/\/schema.org\",\"@graph\":[{\"@type\":\"WebSite\",\"@id\":\"https:\/\/nobileaccademiamediterranea.org\/#website\",\"url\":\"https:\/\/nobileaccademiamediterranea.org\/\",\"name\":\"nobileaccademiamediterranea\",\"description\":\"\",\"potentialAction\":[{\"@type\":\"SearchAction\",\"target\":\"https:\/\/nobileaccademiamediterranea.org\/?s={search_term_string}\",\"query-input\":\"required name=search_term_string\"}],\"inLanguage\":\"es-ES\"},{\"@type\":\"ImageObject\",\"@id\":\"https:\/\/nobileaccademiamediterranea.org\/commissioni\/#primaryimage\",\"inLanguage\":\"es-ES\",\"url\":\"https:\/\/nobileaccademiamediterranea.org\/wp-content\/uploads\/2020\/06\/commissione-1.jpg\",\"contentUrl\":\"https:\/\/nobileaccademiamediterranea.org\/wp-content\/uploads\/2020\/06\/commissione-1.jpg\",\"width\":1132,\"height\":692,\"caption\":\"[:it]CREATOR: gd-jpeg v1.0 (using IJG JPEG v62), quality = 100[:]\"},{\"@type\":\"WebPage\",\"@id\":\"https:\/\/nobileaccademiamediterranea.org\/commissioni\/#webpage\",\"url\":\"https:\/\/nobileaccademiamediterranea.org\/commissioni\/\",\"name\":\"[:it]Commissioni[:en]Commissions[:es]Comisiones[:ru]\\u041a\\u043e\\u043c\\u0438\\u0441\\u0441\\u0438\\u0438[:] - nobileaccademiamediterranea\",\"isPartOf\":{\"@id\":\"https:\/\/nobileaccademiamediterranea.org\/#website\"},\"primaryImageOfPage\":{\"@id\":\"https:\/\/nobileaccademiamediterranea.org\/commissioni\/#primaryimage\"},\"datePublished\":\"2020-04-02T18:47:59+00:00\",\"dateModified\":\"2021-02-21T08:43:09+00:00\",\"breadcrumb\":{\"@id\":\"https:\/\/nobileaccademiamediterranea.org\/commissioni\/#breadcrumb\"},\"inLanguage\":\"es-ES\",\"potentialAction\":[{\"@type\":\"ReadAction\",\"target\":[\"https:\/\/nobileaccademiamediterranea.org\/commissioni\/\"]}]},{\"@type\":\"BreadcrumbList\",\"@id\":\"https:\/\/nobileaccademiamediterranea.org\/commissioni\/#breadcrumb\",\"itemListElement\":[{\"@type\":\"ListItem\",\"position\":1,\"item\":{\"@type\":\"WebPage\",\"@id\":\"https:\/\/nobileaccademiamediterranea.org\/ru\/\",\"url\":\"https:\/\/nobileaccademiamediterranea.org\/ru\/\",\"name\":\"Home\"}},{\"@type\":\"ListItem\",\"position\":2,\"item\":{\"@id\":\"https:\/\/nobileaccademiamediterranea.org\/commissioni\/#webpage\"}}]}]}<\/script>\n<!-- \/ Yoast SEO plugin. -->","_links":{"self":[{"href":"https:\/\/nobileaccademiamediterranea.org\/es\/wp-json\/wp\/v2\/pages\/211"}],"collection":[{"href":"https:\/\/nobileaccademiamediterranea.org\/es\/wp-json\/wp\/v2\/pages"}],"about":[{"href":"https:\/\/nobileaccademiamediterranea.org\/es\/wp-json\/wp\/v2\/types\/page"}],"author":[{"embeddable":true,"href":"https:\/\/nobileaccademiamediterranea.org\/es\/wp-json\/wp\/v2\/users\/1"}],"replies":[{"embeddable":true,"href":"https:\/\/nobileaccademiamediterranea.org\/es\/wp-json\/wp\/v2\/comments?post=211"}],"version-history":[{"count":20,"href":"https:\/\/nobileaccademiamediterranea.org\/es\/wp-json\/wp\/v2\/pages\/211\/revisions"}],"predecessor-version":[{"id":1120,"href":"https:\/\/nobileaccademiamediterranea.org\/es\/wp-json\/wp\/v2\/pages\/211\/revisions\/1120"}],"wp:attachment":[{"href":"https:\/\/nobileaccademiamediterranea.org\/es\/wp-json\/wp\/v2\/media?parent=211"}],"curies":[{"name":"wp","href":"https:\/\/api.w.org\/{rel}","templated":true}]}}