{"id":207,"date":"2020-04-02T20:47:27","date_gmt":"2020-04-02T18:47:27","guid":{"rendered":"https:\/\/nobileaccademiamediterranea.org\/?page_id=207"},"modified":"2020-09-30T22:26:59","modified_gmt":"2020-09-30T20:26:59","slug":"presidenti","status":"publish","type":"page","link":"https:\/\/nobileaccademiamediterranea.org\/es\/presidenti\/","title":{"rendered":"Presidentes"},"content":{"rendered":"\n<style>\n.wp-block-columns{margin-top: 0!important}\n.wp-block-image, figure{margin-top: 1rem!important; margin-bottom: 1rem!important;}\n.wp-block-image img{max-width: 140px;}\nfigcaption{ width: 200px;margin-top: 16px!important;}\n.wp-block-image.gold-border figure::before{left: 20px!important}\n<\/style>\n\n\n\n<div class=\"wp-container-3 wp-block-columns\">\n<div class=\"wp-container-1 wp-block-column\">\n<div class=\"wp-block-image gold-border\"><figure class=\"aligncenter size-large\"><img loading=\"lazy\" width=\"170\" height=\"170\" src=\"https:\/\/nobileaccademiamediterranea.org\/wp-content\/uploads\/2020\/05\/speranza.png\" alt=\"\" class=\"wp-image-335\" srcset=\"https:\/\/nobileaccademiamediterranea.org\/wp-content\/uploads\/2020\/05\/speranza.png 170w, https:\/\/nobileaccademiamediterranea.org\/wp-content\/uploads\/2020\/05\/speranza-150x150.png 150w\" sizes=\"(max-width: 170px) 100vw, 170px\" \/><figcaption><strong>Cav. Giovanna Speranza<\/strong><br><strong>1\u00b0 Presidente<\/strong>s<br>2013 &#8211; 2020<\/figcaption><\/figure><\/div>\n\n\n\n<p class=\"text-justify\">Naci\u00f3 en Roma, periodista experta de publicidad figura en el registro nacional de periodistas. Tras la licenciatura t\u00e9cnico comercial empieza de pronto a manifestar su inter\u00e9s por sus grandes pasiones: el periodismo y la fotograf\u00eda, colaborando con muchos peri\u00f3dicos nacionales. A lo largo de los \u00faltimos a\u00f1os, ofrece su profesionalidad a muchos sitios de periodismo online tambi\u00e9n, adem\u00e1s se apunta a much\u00edsimas actividades de voluntariado: antes con UNITALSI, luego bajo el mando de la PROTECCION CIVIL gracias al cual recibi\u00f3 un importante reconocimiento por la Presidencia del Consejo de Ministros del Estado, junto con el reconocimiento de \u201cOrdine al Merito\u201d de la republica italiana. Ahora mismo es director y responsable de dos peri\u00f3dicos online: Musicalmente, Optimates, NewSensioralist.<\/p>\n<\/div>\n\n\n\n<div class=\"wp-container-2 wp-block-column\">\n<div class=\"wp-block-image gold-border\"><figure class=\"aligncenter size-large\"><img loading=\"lazy\" width=\"170\" height=\"170\" src=\"https:\/\/nobileaccademiamediterranea.org\/wp-content\/uploads\/2020\/05\/criscuoli.jpg\" alt=\"\" class=\"wp-image-330\" srcset=\"https:\/\/nobileaccademiamediterranea.org\/wp-content\/uploads\/2020\/05\/criscuoli.jpg 170w, https:\/\/nobileaccademiamediterranea.org\/wp-content\/uploads\/2020\/05\/criscuoli-150x150.jpg 150w\" sizes=\"(max-width: 170px) 100vw, 170px\" \/><figcaption><strong>Dr. Massimo Criscuoli Tortora<\/strong><br>2\u00b0 <strong>Presidente<\/strong>s<br>2020 &#8211; hoy<\/figcaption><\/figure><\/div>\n\n\n\n<p class=\"text-justify\">Naci\u00f3 en Roma, desciende de antigua y noble familia meridional, se licencia en el colegio San Leone Magno de Roma y se grad\u00faa en Econom\u00eda ante la facultad \u201cLa Sapienza\u201d de Roma, luego consigue el Master en Business Administraci\u00f3n ante Loyola University. Tras algunos a\u00f1os, consigue una especializaci\u00f3n en marketing, organizaci\u00f3n, optimizaci\u00f3n empresarial, comunicaci\u00f3n y psicolog\u00eda comportamental. Es miembro del Rotary International y de numerosos c\u00edrculos culturales y asociaciones, se apunt\u00f3 en muchos Ordenes de Caballeros nacionales e internacionales, en Italia y en el extranjero. De momento es CEO del grupo editorial MB y de otras sociedades de capitales. Es editor y director editorial de peri\u00f3dicos online: New Sensorialist, AcaciaMagazine, Optimates y de TVItalia.<\/p>\n<\/div>\n<\/div>\n","protected":false},"excerpt":{"rendered":"<p>Naci\u00f3 en Roma, periodista experta de publicidad figura en el registro nacional de periodistas. Tras la licenciatura t\u00e9cnico comercial empieza de pronto a manifestar su inter\u00e9s por sus grandes pasiones: el periodismo y la fotograf\u00eda, colaborando con muchos peri\u00f3dicos nacionales. A lo largo de los \u00faltimos a\u00f1os, ofrece su profesionalidad a muchos sitios de periodismo [&hellip;]<\/p>\n","protected":false},"author":1,"featured_media":0,"parent":0,"menu_order":0,"comment_status":"closed","ping_status":"closed","template":"","meta":[],"yoast_head":"<!-- This site is optimized with the Yoast SEO plugin v16.4 - https:\/\/yoast.com\/wordpress\/plugins\/seo\/ -->\n<title>Presidentes - nobileaccademiamediterranea<\/title>\n<meta name=\"robots\" content=\"index, follow, max-snippet:-1, max-image-preview:large, max-video-preview:-1\" \/>\n<link rel=\"canonical\" href=\"https:\/\/nobileaccademiamediterranea.org\/ru\/presidenti\/\" \/>\n<meta property=\"og:locale\" content=\"es_ES\" \/>\n<meta property=\"og:type\" content=\"article\" \/>\n<meta property=\"og:title\" content=\"Presidentes\" \/>\n<meta property=\"og:description\" content=\"Naci\u00f3 en Roma, periodista experta de publicidad figura en el registro nacional de periodistas. Tras la licenciatura t\u00e9cnico comercial empieza de pronto a manifestar su inter\u00e9s por sus grandes pasiones: el periodismo y la fotograf\u00eda, colaborando con muchos peri\u00f3dicos nacionales. A lo largo de los \u00faltimos a\u00f1os, ofrece su profesionalidad a muchos sitios de periodismo [&hellip;]\" \/>\n<meta property=\"og:url\" content=\"https:\/\/nobileaccademiamediterranea.org\/ru\/presidenti\/\" \/>\n<meta property=\"og:site_name\" content=\"nobileaccademiamediterranea\" \/>\n<meta property=\"article:modified_time\" content=\"2020-09-30T20:26:59+00:00\" \/>\n<meta property=\"og:image\" content=\"https:\/\/nobileaccademiamediterranea.org\/wp-content\/uploads\/2020\/05\/speranza.png\" \/>\n<meta name=\"twitter:card\" content=\"summary_large_image\" \/>\n<meta name=\"twitter:label1\" content=\"Tiempo de lectura\" \/>\n\t<meta name=\"twitter:data1\" content=\"4 minutos\" \/>\n<script type=\"application\/ld+json\" class=\"yoast-schema-graph\">{\"@context\":\"https:\/\/schema.org\",\"@graph\":[{\"@type\":\"WebSite\",\"@id\":\"https:\/\/nobileaccademiamediterranea.org\/#website\",\"url\":\"https:\/\/nobileaccademiamediterranea.org\/\",\"name\":\"nobileaccademiamediterranea\",\"description\":\"\",\"potentialAction\":[{\"@type\":\"SearchAction\",\"target\":\"https:\/\/nobileaccademiamediterranea.org\/?s={search_term_string}\",\"query-input\":\"required name=search_term_string\"}],\"inLanguage\":\"es-ES\"},{\"@type\":\"ImageObject\",\"@id\":\"https:\/\/nobileaccademiamediterranea.org\/ru\/presidenti\/#primaryimage\",\"inLanguage\":\"es-ES\",\"url\":\"https:\/\/nobileaccademiamediterranea.org\/wp-content\/uploads\/2020\/05\/speranza.png\",\"contentUrl\":\"https:\/\/nobileaccademiamediterranea.org\/wp-content\/uploads\/2020\/05\/speranza.png\",\"width\":170,\"height\":170},{\"@type\":\"WebPage\",\"@id\":\"https:\/\/nobileaccademiamediterranea.org\/ru\/presidenti\/#webpage\",\"url\":\"https:\/\/nobileaccademiamediterranea.org\/ru\/presidenti\/\",\"name\":\"[:it]Presidenti[:en]Presidents[:es]Presidentes[:ru]\\u041f\\u0420\\u0415\\u0417\\u0418\\u0414\\u0415\\u041d\\u0422\\u042b[:] - nobileaccademiamediterranea\",\"isPartOf\":{\"@id\":\"https:\/\/nobileaccademiamediterranea.org\/#website\"},\"primaryImageOfPage\":{\"@id\":\"https:\/\/nobileaccademiamediterranea.org\/ru\/presidenti\/#primaryimage\"},\"datePublished\":\"2020-04-02T18:47:27+00:00\",\"dateModified\":\"2020-09-30T20:26:59+00:00\",\"breadcrumb\":{\"@id\":\"https:\/\/nobileaccademiamediterranea.org\/ru\/presidenti\/#breadcrumb\"},\"inLanguage\":\"es-ES\",\"potentialAction\":[{\"@type\":\"ReadAction\",\"target\":[\"https:\/\/nobileaccademiamediterranea.org\/ru\/presidenti\/\"]}]},{\"@type\":\"BreadcrumbList\",\"@id\":\"https:\/\/nobileaccademiamediterranea.org\/ru\/presidenti\/#breadcrumb\",\"itemListElement\":[{\"@type\":\"ListItem\",\"position\":1,\"item\":{\"@type\":\"WebPage\",\"@id\":\"https:\/\/nobileaccademiamediterranea.org\/ru\/\",\"url\":\"https:\/\/nobileaccademiamediterranea.org\/ru\/\",\"name\":\"Home\"}},{\"@type\":\"ListItem\",\"position\":2,\"item\":{\"@id\":\"https:\/\/nobileaccademiamediterranea.org\/ru\/presidenti\/#webpage\"}}]}]}<\/script>\n<!-- \/ Yoast SEO plugin. -->","_links":{"self":[{"href":"https:\/\/nobileaccademiamediterranea.org\/es\/wp-json\/wp\/v2\/pages\/207"}],"collection":[{"href":"https:\/\/nobileaccademiamediterranea.org\/es\/wp-json\/wp\/v2\/pages"}],"about":[{"href":"https:\/\/nobileaccademiamediterranea.org\/es\/wp-json\/wp\/v2\/types\/page"}],"author":[{"embeddable":true,"href":"https:\/\/nobileaccademiamediterranea.org\/es\/wp-json\/wp\/v2\/users\/1"}],"replies":[{"embeddable":true,"href":"https:\/\/nobileaccademiamediterranea.org\/es\/wp-json\/wp\/v2\/comments?post=207"}],"version-history":[{"count":22,"href":"https:\/\/nobileaccademiamediterranea.org\/es\/wp-json\/wp\/v2\/pages\/207\/revisions"}],"predecessor-version":[{"id":1058,"href":"https:\/\/nobileaccademiamediterranea.org\/es\/wp-json\/wp\/v2\/pages\/207\/revisions\/1058"}],"wp:attachment":[{"href":"https:\/\/nobileaccademiamediterranea.org\/es\/wp-json\/wp\/v2\/media?parent=207"}],"curies":[{"name":"wp","href":"https:\/\/api.w.org\/{rel}","templated":true}]}}