{"id":205,"date":"2020-04-02T20:47:06","date_gmt":"2020-04-02T18:47:06","guid":{"rendered":"https:\/\/nobileaccademiamediterranea.org\/?page_id=205"},"modified":"2020-09-30T22:20:41","modified_gmt":"2020-09-30T20:20:41","slug":"storia","status":"publish","type":"page","link":"https:\/\/nobileaccademiamediterranea.org\/es\/storia\/","title":{"rendered":"LA NUESTRA HISTORIA"},"content":{"rendered":"\n<div class=\"wp-container-1 wp-block-group my-0\"><div class=\"wp-block-group__inner-container\">\n<div class=\"wp-block-image no-abstract\"><figure class=\"alignleft size-large\"><img loading=\"lazy\" width=\"167\" height=\"69\" src=\"https:\/\/nobileaccademiamediterranea.org\/wp-content\/uploads\/2020\/06\/Storia-e1591432260242.png\" alt=\"\" class=\"wp-image-557\"\/><\/figure><\/div>\n\n\n\n<p class=\"first-letter text-justify\">Somos la primera asociaci\u00f3n de esta tipolog\u00eda surgida en la historia y en la red social del pueblo de Segni. El comit\u00e9 del barrio \u201cPlaza Resurrecci\u00f3n &#8211; decreto la Mola\u201d naci\u00f3 en una noche de verano mientras la populaci\u00f3n aprovechaba para realizar la celebraci\u00f3n del \u2018Corpus Domini\u2019 dejando flores al suelo. La determinaci\u00f3n y la colaboraci\u00f3n que se produjeron durante la realizaci\u00f3n de la alfombra de flores, la formaci\u00f3n de una conciencia del \u201cnosotros\u201d y de una fuerte identidad de grupo y de territorio ha encontrado suelo f\u00e9rtil por el nacimiento de una idea de asociaci\u00f3n que comprometi\u00e9ndose ella misma en nombre de los ciudadanos hablase con las instituciones como un recurso y no como un enemigo, altavoz en la lucha por la defensa del barrio, instrumento para favorecer la participaci\u00f3n activa de los ciudadanos, la defensa del ambiente, y mensajero de las instancias de habitantes, promotor de espacios y servicios que puedan privilegiar el aspecto social como momento de agregaci\u00f3n y de dialogo entre ciudadanos que pertenecen a distintos \u00e1mbitos culturales y de diferentes edades; solicitar servicios y una mejor calidad de la vida porque por medio de una asociaci\u00f3n de barrio pueda nacer algo m\u00e1s. Desde un peque\u00f1o cambio se podr\u00eda desencadenar un gigante cambio de paso. El 2 de diciembre 2013, se redact\u00f3 la Constituci\u00f3n y el estatuto de la asociaci\u00f3n gracias al trabajo de los promotores y su inscripci\u00f3n en el registro de la oficina de financia del estado. As\u00ed empez\u00f3 la aventura de un conjunto de voluntarios que trabajando en silencio han invertido su tiempo, sus fuerzas, y sus habilidades hasta su dinero en una fase inicial para poder recoger los frutos mas all\u00e1 en el tiempo, eso gracias a su confianza en el proyecto. A lo largo de los a\u00f1os la ruta nos ha dado mucha satisfacci\u00f3n gracias a la colaboraci\u00f3n con numerosas instituciones publicas y privadas instaladas en el territorio, fortaleciendo su papel de realidad con valor cultural y capaz de promocionar novedades y iniciativas que nunca se produjeron en ese territorio y que encuentran el empuje gracias al entusiasmo de los socios. El Comit\u00e9, ya reconocido como Ente de voluntariado sin provecho, desarrolla su papel en: protecci\u00f3n y valorizaci\u00f3n del ambiente, del paisaje y de la naturaleza; la tutela y la valorizaci\u00f3n de la cultura y del patrimonio hist\u00f3rico y art\u00edstico; la tutela del derecho a la salud; la mayor\u00eda de la calidad de la vida para prevenir y contrastar el malestar social; la superaci\u00f3n del aislamiento social por medio de la prevenci\u00f3n y de la soluci\u00f3n de los estados de necesidades primarias. Este fin se realizar\u00e1 a trav\u00e9s de unas cuantas actividades de promoci\u00f3n, valorizaci\u00f3n del patrimonio ambiental, hist\u00f3rico y art\u00edstico y de la cultura de la tradici\u00f3n local de los territorios in los cual act\u00faa el Comit\u00e9 al mismo tiempo en que desarrolla su actividad de informaci\u00f3n y de sensibilizaci\u00f3n de la ciudadan\u00eda respecto a los riesgos ambientales, la degradaci\u00f3n de los bienes hist\u00f3ricos y de la cultura de la comunidad, el estado de salud publica, mediante la organizaci\u00f3n de celebraciones, exposiciones, mesas redondas, debates, conferencias, seminarios, encuestas, d\u00edas dedicados a la ecolog\u00eda, laboratorios proyectos de desarrollo social; el an\u00e1lisis de las criticidades y la redacci\u00f3n de propuestas sobre la programaci\u00f3n de servicios de inter\u00e9s colectivo, para mejorar las condiciones de vida del barrio desde un punto de vista ambiental, social y de sanidad, sensibilizando, responsabilizando y solicitando los ciudadanos a la individualizaci\u00f3n de los problemas comunes, promocionando: debates, conferencias, seminarios, encuestas, sin olvidar que la importancia y el predominio del bien com\u00fan sobre los intereses de cada uno; acciones para proteger la infancia, para prevenir el malestar juvenil y defender los derechos de los menores mediante la colaboraci\u00f3n con escuelas; organizaci\u00f3n de actividades deportivas, de agregaci\u00f3n y sociales a favor de j\u00f3venes y adultos que viven en barrios donde la elecci\u00f3n de la criminalidad muchas veces se convierte en una necesidad y en la \u00fanica posibilidad para sacarse adelante, la asociaci\u00f3n act\u00faa para intentar limitar esos fen\u00f3menos de mala organizaci\u00f3n social a trav\u00e9s de la instalaci\u00f3n de centros de agrupaci\u00f3n juveniles y deportivas; la promoci\u00f3n de actividades para prevenir el malestar y sostener mayores, ni\u00f1os, familias y personas en condiciones de malestar f\u00edsico, ps\u00edquico, social y econ\u00f3mico gracias a servicios asistenciales de traslado, escuche, y distribuci\u00f3n de bienes de primera necesidad, en colaboraci\u00f3n con servicios sociales; la promoci\u00f3n de actividades con finalidad de implicaci\u00f3n en el d\u00eda d\u00eda de ciudadanos extranjeros tambi\u00e9n, as\u00ed que puedan ser fuente de intercambios culturales y evitando que formen parte de colectividades totalmente aisladas del contexto territorial en el que se han instalado. Con la trasformaci\u00f3n en \u201cNoble Academia Mediterr\u00e1nea\u201d, el comit\u00e9, seguro de su historia y de su \u00e9xito quiere mostrarse a nivel internacional dirigiendo la mirada al mar Mediterr\u00e1neo. El trabajo y la experiencia de Giovanna Speranza, promotor, gu\u00eda y presidente desde el principio, seguir\u00e1n produciendo efectos gracias a la obra y a la dedici\u00f3n del nuevo Consejo.<\/p>\n<\/div><\/div>\n\n\n\n<div class=\"wp-container-2 wp-block-group mt-0\"><div class=\"wp-block-group__inner-container\"><\/div><\/div>\n","protected":false},"excerpt":{"rendered":"<p>Somos la primera asociaci\u00f3n de esta tipolog\u00eda surgida en la historia y en la red social del pueblo de Segni. El comit\u00e9 del barrio \u201cPlaza Resurrecci\u00f3n &#8211; decreto la Mola\u201d naci\u00f3 en una noche de verano mientras la populaci\u00f3n aprovechaba para realizar la celebraci\u00f3n del \u2018Corpus Domini\u2019 dejando flores al suelo. La determinaci\u00f3n y la [&hellip;]<\/p>\n","protected":false},"author":1,"featured_media":0,"parent":0,"menu_order":0,"comment_status":"closed","ping_status":"closed","template":"","meta":[],"yoast_head":"<!-- This site is optimized with the Yoast SEO plugin v16.4 - https:\/\/yoast.com\/wordpress\/plugins\/seo\/ -->\n<title>LA NUESTRA HISTORIA - nobileaccademiamediterranea<\/title>\n<meta name=\"robots\" content=\"index, follow, max-snippet:-1, max-image-preview:large, max-video-preview:-1\" \/>\n<link rel=\"canonical\" href=\"https:\/\/nobileaccademiamediterranea.org\/ru\/storia\/\" \/>\n<meta property=\"og:locale\" content=\"es_ES\" \/>\n<meta property=\"og:type\" content=\"article\" \/>\n<meta property=\"og:title\" content=\"LA NUESTRA HISTORIA\" \/>\n<meta property=\"og:description\" content=\"Somos la primera asociaci\u00f3n de esta tipolog\u00eda surgida en la historia y en la red social del pueblo de Segni. El comit\u00e9 del barrio \u201cPlaza Resurrecci\u00f3n &#8211; decreto la Mola\u201d naci\u00f3 en una noche de verano mientras la populaci\u00f3n aprovechaba para realizar la celebraci\u00f3n del \u2018Corpus Domini\u2019 dejando flores al suelo. La determinaci\u00f3n y la [&hellip;]\" \/>\n<meta property=\"og:url\" content=\"https:\/\/nobileaccademiamediterranea.org\/ru\/storia\/\" \/>\n<meta property=\"og:site_name\" content=\"nobileaccademiamediterranea\" \/>\n<meta property=\"article:modified_time\" content=\"2020-09-30T20:20:41+00:00\" \/>\n<meta property=\"og:image\" content=\"https:\/\/nobileaccademiamediterranea.org\/wp-content\/uploads\/2020\/06\/Storia-e1591432260242.png\" \/>\n<meta name=\"twitter:card\" content=\"summary_large_image\" \/>\n<meta name=\"twitter:label1\" content=\"Tiempo de lectura\" \/>\n\t<meta name=\"twitter:data1\" content=\"12 minutos\" \/>\n<script type=\"application\/ld+json\" class=\"yoast-schema-graph\">{\"@context\":\"https:\/\/schema.org\",\"@graph\":[{\"@type\":\"WebSite\",\"@id\":\"https:\/\/nobileaccademiamediterranea.org\/#website\",\"url\":\"https:\/\/nobileaccademiamediterranea.org\/\",\"name\":\"nobileaccademiamediterranea\",\"description\":\"\",\"potentialAction\":[{\"@type\":\"SearchAction\",\"target\":\"https:\/\/nobileaccademiamediterranea.org\/?s={search_term_string}\",\"query-input\":\"required name=search_term_string\"}],\"inLanguage\":\"es-ES\"},{\"@type\":\"ImageObject\",\"@id\":\"https:\/\/nobileaccademiamediterranea.org\/ru\/storia\/#primaryimage\",\"inLanguage\":\"es-ES\",\"url\":\"https:\/\/nobileaccademiamediterranea.org\/wp-content\/uploads\/2020\/06\/Storia-e1591432260242.png\",\"contentUrl\":\"https:\/\/nobileaccademiamediterranea.org\/wp-content\/uploads\/2020\/06\/Storia-e1591432260242.png\",\"width\":167,\"height\":69},{\"@type\":\"WebPage\",\"@id\":\"https:\/\/nobileaccademiamediterranea.org\/ru\/storia\/#webpage\",\"url\":\"https:\/\/nobileaccademiamediterranea.org\/ru\/storia\/\",\"name\":\"[:it]Storia[:en]Our History[:es]LA NUESTRA HISTORIA[:ru]\\u0418\\u0441\\u0442\\u043e\\u0440\\u0438\\u044f[:] - nobileaccademiamediterranea\",\"isPartOf\":{\"@id\":\"https:\/\/nobileaccademiamediterranea.org\/#website\"},\"primaryImageOfPage\":{\"@id\":\"https:\/\/nobileaccademiamediterranea.org\/ru\/storia\/#primaryimage\"},\"datePublished\":\"2020-04-02T18:47:06+00:00\",\"dateModified\":\"2020-09-30T20:20:41+00:00\",\"breadcrumb\":{\"@id\":\"https:\/\/nobileaccademiamediterranea.org\/ru\/storia\/#breadcrumb\"},\"inLanguage\":\"es-ES\",\"potentialAction\":[{\"@type\":\"ReadAction\",\"target\":[\"https:\/\/nobileaccademiamediterranea.org\/ru\/storia\/\"]}]},{\"@type\":\"BreadcrumbList\",\"@id\":\"https:\/\/nobileaccademiamediterranea.org\/ru\/storia\/#breadcrumb\",\"itemListElement\":[{\"@type\":\"ListItem\",\"position\":1,\"item\":{\"@type\":\"WebPage\",\"@id\":\"https:\/\/nobileaccademiamediterranea.org\/ru\/\",\"url\":\"https:\/\/nobileaccademiamediterranea.org\/ru\/\",\"name\":\"Home\"}},{\"@type\":\"ListItem\",\"position\":2,\"item\":{\"@id\":\"https:\/\/nobileaccademiamediterranea.org\/ru\/storia\/#webpage\"}}]}]}<\/script>\n<!-- \/ Yoast SEO plugin. -->","_links":{"self":[{"href":"https:\/\/nobileaccademiamediterranea.org\/es\/wp-json\/wp\/v2\/pages\/205"}],"collection":[{"href":"https:\/\/nobileaccademiamediterranea.org\/es\/wp-json\/wp\/v2\/pages"}],"about":[{"href":"https:\/\/nobileaccademiamediterranea.org\/es\/wp-json\/wp\/v2\/types\/page"}],"author":[{"embeddable":true,"href":"https:\/\/nobileaccademiamediterranea.org\/es\/wp-json\/wp\/v2\/users\/1"}],"replies":[{"embeddable":true,"href":"https:\/\/nobileaccademiamediterranea.org\/es\/wp-json\/wp\/v2\/comments?post=205"}],"version-history":[{"count":32,"href":"https:\/\/nobileaccademiamediterranea.org\/es\/wp-json\/wp\/v2\/pages\/205\/revisions"}],"predecessor-version":[{"id":1057,"href":"https:\/\/nobileaccademiamediterranea.org\/es\/wp-json\/wp\/v2\/pages\/205\/revisions\/1057"}],"wp:attachment":[{"href":"https:\/\/nobileaccademiamediterranea.org\/es\/wp-json\/wp\/v2\/media?parent=205"}],"curies":[{"name":"wp","href":"https:\/\/api.w.org\/{rel}","templated":true}]}}