{"id":584,"date":"2020-06-05T01:09:50","date_gmt":"2020-06-04T23:09:50","guid":{"rendered":"https:\/\/nobileaccademiamediterranea.org\/?page_id=584"},"modified":"2020-06-18T20:59:35","modified_gmt":"2020-06-18T18:59:35","slug":"2016-2","status":"publish","type":"page","link":"https:\/\/nobileaccademiamediterranea.org\/en\/2016-2\/","title":{"rendered":"Archivio Eventi 2016"},"content":{"rendered":"\n<div class=\"wp-container-1 wp-block-group grid-page-2\"><div class=\"wp-block-group__inner-container\">\n<p class=\"first-letter\">Ricordiamo le iniziative svolte nel 2016:<\/p>\n\n\n\n<div class=\"wp-block-image no-abstract\"><figure class=\"alignleft size-medium is-resized\"><a href=\"https:\/\/nobileaccademiamediterranea.org\/wp-content\/uploads\/2020\/06\/2016-Locandina-Pietra-Presepe-Netturbini.jpg\"><img src=\"https:\/\/nobileaccademiamediterranea.org\/wp-content\/uploads\/2020\/06\/2016-Locandina-Pietra-Presepe-Netturbini-212x300.jpg\" alt=\"\" class=\"wp-image-682\" width=\"150\" srcset=\"https:\/\/nobileaccademiamediterranea.org\/wp-content\/uploads\/2020\/06\/2016-Locandina-Pietra-Presepe-Netturbini-212x300.jpg 212w, https:\/\/nobileaccademiamediterranea.org\/wp-content\/uploads\/2020\/06\/2016-Locandina-Pietra-Presepe-Netturbini.jpg 600w\" sizes=\"(max-width: 212px) 100vw, 212px\" \/><\/a><\/figure><\/div>\n\n\n\n<p class=\"text-justify\">1. <strong>Presepe dei netturbini a Roma<\/strong> Via di Porta Cavalleggeri &#8211; Segni dona una &#8220;pietra&#8221; che \u00e8 incastonata all&#8217;interno del Presepe. Il Comune di Segni insieme alle oltre 2500 pietre provenienti da tutto il mondo, incastonate nelle pareti esterne e nel basamento, che stanno a testimoniare il messaggio di pace e fratellanza della Nativit\u00e0 e l\u2019unione dei popoli, \u00e8 quindi qui presente. Possiamo tranquillamente affermare di aver portato Segni nel mondo e non solo, visto l&#8217;ambiente in cui si trova a che, murata nel presepe, c\u2019\u00e8 anche una pietra proveniente dalla Luna. Il Presepe dei Netturbini dell&#8217;Ama \u00e8 quello pi\u00f9 visitato al mondo dai Papi. Ricordiamo Papa Paolo VI, Papa Giovanni Paolo II, che fin dall\u2019inizio del pontificato ne \u00e8 stato un\u2019assidua presenza, e anche Papa Benedetto XVI. Ricordiamo Madre Teresa di Calcutta nel 1996, tra l\u2019altro cittadina onoraria di Segni, Padre Ibrahim Faltas custode della \u201cGrotta della nativit\u00e0\u201d a Bethlemme, solo per citarne alcuni e altre personalit\u00e0 quali i Sindaci di Roma, a partire da Luigi Petroselli nel 1979, il Presidente della Repubblica, Giorgio Napolitano nel 2007.<\/p>\n\n\n\n<div style=\"height:100px\" aria-hidden=\"true\" class=\"wp-block-spacer\"><\/div>\n\n\n\n<div class=\"wp-block-image no-abstract\"><figure class=\"alignleft size-medium is-resized\"><a href=\"https:\/\/nobileaccademiamediterranea.org\/wp-content\/uploads\/2020\/06\/2016-Locandina-sagra-Marrone-nostra.jpg\"><img src=\"https:\/\/nobileaccademiamediterranea.org\/wp-content\/uploads\/2020\/06\/2016-Locandina-sagra-Marrone-nostra-200x300.jpg\" alt=\"\" class=\"wp-image-684\" width=\"150\" title=\"\" srcset=\"https:\/\/nobileaccademiamediterranea.org\/wp-content\/uploads\/2020\/06\/2016-Locandina-sagra-Marrone-nostra-200x300.jpg 200w, https:\/\/nobileaccademiamediterranea.org\/wp-content\/uploads\/2020\/06\/2016-Locandina-sagra-Marrone-nostra.jpg 600w\" sizes=\"(max-width: 200px) 100vw, 200px\" \/><\/a><\/figure><\/div>\n\n\n\n<p class=\"text-justify\">2. Partecipazione, come stand gastronomico, alla <strong>Sagra del Marrone Segnino<\/strong> organizzata dal Comune di Segni.<\/p>\n\n\n\n<div style=\"height:100px\" aria-hidden=\"true\" class=\"wp-block-spacer\"><\/div>\n\n\n\n<div class=\"wp-block-image no-abstract\"><figure class=\"alignleft size-medium is-resized\"><a href=\"https:\/\/nobileaccademiamediterranea.org\/wp-content\/uploads\/2020\/06\/2016-Locandina-Festa-dei-Bambini-4-edizione-1.jpg\"><img src=\"https:\/\/nobileaccademiamediterranea.org\/wp-content\/uploads\/2020\/06\/2016-Locandina-Festa-dei-Bambini-4-edizione-1-209x300.jpg\" alt=\"\" class=\"wp-image-688\" width=\"150\" title=\"\" srcset=\"https:\/\/nobileaccademiamediterranea.org\/wp-content\/uploads\/2020\/06\/2016-Locandina-Festa-dei-Bambini-4-edizione-1-209x300.jpg 209w, https:\/\/nobileaccademiamediterranea.org\/wp-content\/uploads\/2020\/06\/2016-Locandina-Festa-dei-Bambini-4-edizione-1.jpg 580w\" sizes=\"(max-width: 209px) 100vw, 209px\" \/><\/a><\/figure><\/div>\n\n\n\n<p class=\"text-justify\">3. 4\u00b0 Edizione della &#8220;<strong>Festa dei Bambini<\/strong>&#8220;. 2\u00b0 Stage di Mascalcia, pony e calessino con Babbo Natale; mercatino artigianale natalizio; saggio di Hip Hop e Karate. Stand #GuardaLaStrada e #MollaStoTelefono , campagna di sicurezza stradale nazionale dell&#8217;Aci per la sensibilizzazione contro le distrazioni alla guida legate all&#8217;uso dello smartphone. &#8220;Fatti un selfie e diventa ambassador e postalo sui social con hastag #GuardaLaStrada e #MollaStoTelefono&#8221;.<\/p>\n\n\n\n<p><\/p>\n<\/div><\/div>\n","protected":false},"excerpt":{"rendered":"<p>Ricordiamo le iniziative svolte nel 2016: 1. Presepe dei netturbini a Roma Via di Porta Cavalleggeri &#8211; Segni dona una &#8220;pietra&#8221; che \u00e8 incastonata all&#8217;interno del Presepe. Il Comune di Segni insieme alle oltre 2500 pietre provenienti da tutto il mondo, incastonate nelle pareti esterne e nel basamento, che stanno a testimoniare il messaggio di [&hellip;]<\/p>\n","protected":false},"author":1,"featured_media":0,"parent":0,"menu_order":0,"comment_status":"closed","ping_status":"closed","template":"","meta":[],"yoast_head":"<!-- This site is optimized with the Yoast SEO plugin v16.4 - https:\/\/yoast.com\/wordpress\/plugins\/seo\/ -->\n<title>Archivio Eventi 2016 - nobileaccademiamediterranea<\/title>\n<meta name=\"robots\" content=\"index, follow, max-snippet:-1, max-image-preview:large, max-video-preview:-1\" \/>\n<link rel=\"canonical\" href=\"https:\/\/nobileaccademiamediterranea.org\/2016-2\/\" \/>\n<meta property=\"og:locale\" content=\"en_GB\" \/>\n<meta property=\"og:type\" content=\"article\" \/>\n<meta property=\"og:title\" content=\"Archivio Eventi 2016\" \/>\n<meta property=\"og:description\" content=\"Ricordiamo le iniziative svolte nel 2016: 1. Presepe dei netturbini a Roma Via di Porta Cavalleggeri &#8211; Segni dona una &#8220;pietra&#8221; che \u00e8 incastonata all&#8217;interno del Presepe. Il Comune di Segni insieme alle oltre 2500 pietre provenienti da tutto il mondo, incastonate nelle pareti esterne e nel basamento, che stanno a testimoniare il messaggio di [&hellip;]\" \/>\n<meta property=\"og:url\" content=\"https:\/\/nobileaccademiamediterranea.org\/2016-2\/\" \/>\n<meta property=\"og:site_name\" content=\"nobileaccademiamediterranea\" \/>\n<meta property=\"article:modified_time\" content=\"2020-06-18T18:59:35+00:00\" \/>\n<meta property=\"og:image\" content=\"https:\/\/nobileaccademiamediterranea.org\/wp-content\/uploads\/2020\/06\/2016-Locandina-Pietra-Presepe-Netturbini-212x300.jpg\" \/>\n<meta name=\"twitter:card\" content=\"summary_large_image\" \/>\n<meta name=\"twitter:label1\" content=\"Estimated reading time\" \/>\n\t<meta name=\"twitter:data1\" content=\"1 minute\" \/>\n<script type=\"application\/ld+json\" class=\"yoast-schema-graph\">{\"@context\":\"https:\/\/schema.org\",\"@graph\":[{\"@type\":\"WebSite\",\"@id\":\"https:\/\/nobileaccademiamediterranea.org\/#website\",\"url\":\"https:\/\/nobileaccademiamediterranea.org\/\",\"name\":\"nobileaccademiamediterranea\",\"description\":\"\",\"potentialAction\":[{\"@type\":\"SearchAction\",\"target\":\"https:\/\/nobileaccademiamediterranea.org\/?s={search_term_string}\",\"query-input\":\"required name=search_term_string\"}],\"inLanguage\":\"en-GB\"},{\"@type\":\"ImageObject\",\"@id\":\"https:\/\/nobileaccademiamediterranea.org\/2016-2\/#primaryimage\",\"inLanguage\":\"en-GB\",\"url\":\"https:\/\/nobileaccademiamediterranea.org\/wp-content\/uploads\/2020\/06\/2016-Locandina-Pietra-Presepe-Netturbini.jpg\",\"contentUrl\":\"https:\/\/nobileaccademiamediterranea.org\/wp-content\/uploads\/2020\/06\/2016-Locandina-Pietra-Presepe-Netturbini.jpg\",\"width\":600,\"height\":849},{\"@type\":\"WebPage\",\"@id\":\"https:\/\/nobileaccademiamediterranea.org\/2016-2\/#webpage\",\"url\":\"https:\/\/nobileaccademiamediterranea.org\/2016-2\/\",\"name\":\"[:it]Archivio Eventi 2016[:] - nobileaccademiamediterranea\",\"isPartOf\":{\"@id\":\"https:\/\/nobileaccademiamediterranea.org\/#website\"},\"primaryImageOfPage\":{\"@id\":\"https:\/\/nobileaccademiamediterranea.org\/2016-2\/#primaryimage\"},\"datePublished\":\"2020-06-04T23:09:50+00:00\",\"dateModified\":\"2020-06-18T18:59:35+00:00\",\"breadcrumb\":{\"@id\":\"https:\/\/nobileaccademiamediterranea.org\/2016-2\/#breadcrumb\"},\"inLanguage\":\"en-GB\",\"potentialAction\":[{\"@type\":\"ReadAction\",\"target\":[\"https:\/\/nobileaccademiamediterranea.org\/2016-2\/\"]}]},{\"@type\":\"BreadcrumbList\",\"@id\":\"https:\/\/nobileaccademiamediterranea.org\/2016-2\/#breadcrumb\",\"itemListElement\":[{\"@type\":\"ListItem\",\"position\":1,\"item\":{\"@type\":\"WebPage\",\"@id\":\"https:\/\/nobileaccademiamediterranea.org\/ru\/\",\"url\":\"https:\/\/nobileaccademiamediterranea.org\/ru\/\",\"name\":\"Home\"}},{\"@type\":\"ListItem\",\"position\":2,\"item\":{\"@id\":\"https:\/\/nobileaccademiamediterranea.org\/2016-2\/#webpage\"}}]}]}<\/script>\n<!-- \/ Yoast SEO plugin. -->","_links":{"self":[{"href":"https:\/\/nobileaccademiamediterranea.org\/en\/wp-json\/wp\/v2\/pages\/584"}],"collection":[{"href":"https:\/\/nobileaccademiamediterranea.org\/en\/wp-json\/wp\/v2\/pages"}],"about":[{"href":"https:\/\/nobileaccademiamediterranea.org\/en\/wp-json\/wp\/v2\/types\/page"}],"author":[{"embeddable":true,"href":"https:\/\/nobileaccademiamediterranea.org\/en\/wp-json\/wp\/v2\/users\/1"}],"replies":[{"embeddable":true,"href":"https:\/\/nobileaccademiamediterranea.org\/en\/wp-json\/wp\/v2\/comments?post=584"}],"version-history":[{"count":10,"href":"https:\/\/nobileaccademiamediterranea.org\/en\/wp-json\/wp\/v2\/pages\/584\/revisions"}],"predecessor-version":[{"id":889,"href":"https:\/\/nobileaccademiamediterranea.org\/en\/wp-json\/wp\/v2\/pages\/584\/revisions\/889"}],"wp:attachment":[{"href":"https:\/\/nobileaccademiamediterranea.org\/en\/wp-json\/wp\/v2\/media?parent=584"}],"curies":[{"name":"wp","href":"https:\/\/api.w.org\/{rel}","templated":true}]}}